{"id":142,"date":"2023-09-25T16:02:35","date_gmt":"2023-09-25T14:02:35","guid":{"rendered":"https:\/\/csebboxethai.com\/?page_id=142"},"modified":"2025-08-22T15:18:08","modified_gmt":"2025-08-22T13:18:08","slug":"merchandising-du-cseb-boxe-thai","status":"publish","type":"page","link":"https:\/\/csebboxethai.com\/index.php\/merchandising-du-cseb-boxe-thai\/","title":{"rendered":"Merchandising"},"content":{"rendered":"<p>[vc_row][vc_column][vc_column_text]<\/p>\n<hr class=\"\" data-start=\"117\" data-end=\"120\" \/>\n<h2 data-start=\"122\" data-end=\"194\">Vous trouverez sur cette page du merchandising aux couleurs du club.<\/h2>\n<p class=\"\" data-start=\"196\" data-end=\"350\"><strong data-start=\"118\" data-end=\"153\">Bienvenue dans notre boutique ! <\/strong>Vous trouverez ici tout le merchandising du <strong data-start=\"200\" data-end=\"218\">CSEB Boxe Tha\u00ef<\/strong>.<br data-start=\"219\" data-end=\"222\" \/>De nouveaux mod\u00e8les, coloris et articles sont ajout\u00e9s r\u00e9guli\u00e8rement, mais n&#8217;h\u00e9sitez pas \u00e0 nous contacter si vous souhaitez d&#8217;autres coloris ou mod\u00e8les ! le <a href=\"https:\/\/csebboxethai.com\/index.php\/equipement-en-boxe-thai\/\">mat\u00e9riel<\/a> de boxe arrivera prochainement.<\/p>\n<p class=\"\" data-start=\"352\" data-end=\"565\">Acheter le merchandising du club, c\u2019est non seulement un excellent moyen de montrer votre attachement \u00e0 notre association ou de lui faire de la publicit\u00e9, mais c\u2019est aussi une belle fa\u00e7on de soutenir notre projet.<\/p>\n<h4 data-start=\"567\" data-end=\"1103\">Attention<strong data-start=\"567\" data-end=\"582\"> :<\/strong><\/h4>\n<p data-start=\"567\" data-end=\"1103\"><br data-start=\"582\" data-end=\"585\" \/>Tous sont imprim\u00e9s\/r\u00e9alis\u00e9s \u00e0 la demande par nos fournisseurs, qui vous envoient directement votre commande une fois celle-ci confectionn\u00e9e.<br data-start=\"719\" data-end=\"722\" \/>De ce fait, le droit classique de r\u00e9tractation en ligne ne s\u2019applique pas (pour en b\u00e9n\u00e9ficier, il faudrait retarder l\u2019impression de plus de deux semaines, ce qui allongerait consid\u00e9rablement les d\u00e9lais de r\u00e9ception pour tout le monde).<br data-start=\"947\" data-end=\"950\" \/>Par cons\u00e9quent, merci de bien r\u00e9fl\u00e9chir avant de passer commande. Et si vous changez d\u2019avis, vous pouvez toujours offrir votre article \u00e0 un(e) ami(e) \ud83d\ude09. Si vous avez un doute sur la taille contactez notre partenaire.<\/p>\n<p class=\"\" data-start=\"1105\" data-end=\"1248\">Notre prestataire, <a href=\"https:\/\/www.tshirtstudio.fr\/\"><strong data-start=\"1124\" data-end=\"1145\">TShirt Studio Ltd<\/strong><\/a>, exp\u00e9die toutes les commandes sous deux jours ouvr\u00e9s apr\u00e8s acceptation. Ils sont situ\u00e9s en Angleterre. Les frais de port d\u00e9pendent de votre situation g\u00e9ographique, et de la commande. \u00c0 titre indicatif, les frais de port pour un T-shirt \u00e0 destination de Paris sont de 4,60 \u20ac pour un envoi standard (7-9 jours ouvr\u00e9s) et de 17,20 \u20ac pour un envoi express (3-4 jours ouvr\u00e9s) avec suivi.<\/p>\n<p class=\"\" data-start=\"1250\" data-end=\"1529\">Si votre adresse de livraison est situ\u00e9e en dehors de l\u2019Union europ\u00e9enne, des droits de douane et des taxes peuvent s\u2019appliquer. Ces frais seront \u00e0 votre charge. Notre partenaire peut fournir un libell\u00e9 de douanes contenant une br\u00e8ve description et la valeur du contenu du colis.<\/p>\n<p class=\"\" data-start=\"1531\" data-end=\"1832\">Les informations ci-dessous sont donn\u00e9es \u00e0 titre indicatif : visuels, prix, mati\u00e8res et coupes peuvent \u00e9voluer.<br data-start=\"1642\" data-end=\"1645\" \/>En cliquant sur le visuel de votre choix, vous serez redirig\u00e9(e) vers le site de notre partenaire, o\u00f9 vous trouverez toutes les informations utiles et pourrez passer commande directement.<\/p>\n<p>[\/vc_column_text][vc_column_text]T-shirts et d\u00e9bardeurs homme :<\/p>\n<p>T-shirt <big>15.75\u20ac<\/big><\/p>\n<p>d\u00e9bardeur <big>19.00\u20ac<\/big><\/p>\n<p>[\/vc_column_text][vc_raw_html]JTNDcCUzRSUwQSUzQ2ElMjBocmVmJTNEJTIyaHR0cHMlM0ElMkYlMkZ3d3cudHNoaXJ0c3R1ZGlvLmZyJTJGbWFya2V0cGxhY2UlMkZjc2ViLWJveGUtdGhhLSUyRnRzaGlydC1ub2lyLWxvZ28tZGV2YW50LSUyMiUzRSUzQ2ltZyUyMHNyYyUzRCUyMmh0dHBzJTNBJTJGJTJGd3d3LnRzaGlydHN0dWRpby5mciUyRm1hcmtldHBsYWNlJTJGY3NlYi1ib3hlLXRoYS0lMkZ0c2hpcnQtbm9pci1sb2dvLWRldmFudC0tZnJvbnQuanBnJTIyJTIwd2lkdGglM0QlMjIzNTAlMjIlMjBoZWlnaHQlM0QlMjIzNTAlMjIlMjBhbHQlM0QlMjJUc2hpcnQlMjBub2lyJTIwbG9nbyUyMGRldmFudCUyMCUyMiUyMCUyRiUzRSUzQyUyRmElM0UlMEElM0NhJTIwaHJlZiUzRCUyMmh0dHBzJTNBJTJGJTJGd3d3LnRzaGlydHN0dWRpby5mciUyRm1hcmtldHBsYWNlJTJGY3NlYi1ib3hlLXRoYS0lMkZ0LXNoaXJ0LWJsYW5jLWxvZ28tZGV2YW50JTIyJTNFJTNDaW1nJTIwc3JjJTNEJTIyaHR0cHMlM0ElMkYlMkZ3d3cudHNoaXJ0c3R1ZGlvLmZyJTJGbWFya2V0cGxhY2UlMkZjc2ViLWJveGUtdGhhLSUyRnQtc2hpcnQtYmxhbmMtbG9nby1kZXZhbnQtZnJvbnQuanBnJTIyJTIwd2lkdGglM0QlMjIzNTAlMjIlMjBoZWlnaHQlM0QlMjIzNTAlMjIlMjBhbHQlM0QlMjJUJTIwc2hpcnQlMjBibGFuYyUyMGxvZ28lMjBkZXZhbnQlMjIlMjAlMkYlM0UlM0MlMkZhJTNFJTBBJTNDYSUyMGhyZWYlM0QlMjJodHRwcyUzQSUyRiUyRnd3dy50c2hpcnRzdHVkaW8uZnIlMkZtYXJrZXRwbGFjZSUyRmNzZWItYm94ZS10aGEtJTJGdC1zaGlydC1ibGFuYy1sb2dvLWRvcyUyMiUzRSUzQ2ltZyUyMHNyYyUzRCUyMmh0dHBzJTNBJTJGJTJGd3d3LnRzaGlydHN0dWRpby5mciUyRm1hcmtldHBsYWNlJTJGY3NlYi1ib3hlLXRoYS0lMkZ0LXNoaXJ0LWJsYW5jLWxvZ28tZG9zLWZyb250LmpwZyUyMiUyMHdpZHRoJTNEJTIyMzUwJTIyJTIwaGVpZ2h0JTNEJTIyMzUwJTIyJTIwYWx0JTNEJTIyVCUyMHNoaXJ0JTIwYmxhbmMlMjBsb2dvJTIwZG9zJTIyJTIwJTJGJTNFJTNDJTJGYSUzRSUwQSUzQ2ElMjBocmVmJTNEJTIyaHR0cHMlM0ElMkYlMkZ3d3cudHNoaXJ0c3R1ZGlvLmZyJTJGbWFya2V0cGxhY2UlMkZjc2ViLWJveGUtdGhhLSUyRnQtc2hpcnQtbm9pci1sb2dvLWRvcyUyMiUzRSUzQ2ltZyUyMHNyYyUzRCUyMmh0dHBzJTNBJTJGJTJGd3d3LnRzaGlydHN0dWRpby5mciUyRm1hcmtldHBsYWNlJTJGY3NlYi1ib3hlLXRoYS0lMkZ0LXNoaXJ0LW5vaXItbG9nby1kb3MtZnJvbnQuanBnJTIyJTIwd2lkdGglM0QlMjIzNTAlMjIlMjBoZWlnaHQlM0QlMjIzNTAlMjIlMjBhbHQlM0QlMjJUJTIwc2hpcnQlMjBub2lyJTIwbG9nbyUyMGRvcyUyMiUyMCUyRiUzRSUzQyUyRmElM0UlMEElM0NhJTIwaHJlZiUzRCUyMmh0dHBzJTNBJTJGJTJGd3d3LnRzaGlydHN0dWRpby5mciUyRm1hcmtldHBsYWNlJTJGY3NlYi1ib3hlLXRoYS0lMkZtYWlsbG90LWJsYW5jLWxvZ28tZG9zJTIyJTNFJTNDaW1nJTIwc3JjJTNEJTIyaHR0cHMlM0ElMkYlMkZ3d3cudHNoaXJ0c3R1ZGlvLmZyJTJGbWFya2V0cGxhY2UlMkZjc2ViLWJveGUtdGhhLSUyRm1haWxsb3QtYmxhbmMtbG9nby1kb3MtZnJvbnQuanBnJTIyJTIwd2lkdGglM0QlMjIzNTAlMjIlMjBoZWlnaHQlM0QlMjIzNTAlMjIlMjBhbHQlM0QlMjJNYWlsbG90JTIwYmxhbmMlMjBsb2dvJTIwZG9zJTIyJTIwJTJGJTNFJTNDJTJGYSUzRSUwQSUzQ2ElMjBocmVmJTNEJTIyaHR0cHMlM0ElMkYlMkZ3d3cudHNoaXJ0c3R1ZGlvLmZyJTJGbWFya2V0cGxhY2UlMkZjc2ViLWJveGUtdGhhLSUyRm1haWxsb3Qtbm9pci1sb2dvLWRvcyUyMiUzRSUzQ2ltZyUyMHNyYyUzRCUyMmh0dHBzJTNBJTJGJTJGd3d3LnRzaGlydHN0dWRpby5mciUyRm1hcmtldHBsYWNlJTJGY3NlYi1ib3hlLXRoYS0lMkZtYWlsbG90LW5vaXItbG9nby1kb3MtZnJvbnQuanBnJTIyJTIwd2lkdGglM0QlMjIzNTAlMjIlMjBoZWlnaHQlM0QlMjIzNTAlMjIlMjBhbHQlM0QlMjJNYWlsbG90JTIwbm9pciUyMExvZ28lMjBkb3MlMjIlMjAlMkYlM0UlM0MlMkZhJTNFJTBBJTNDYSUyMGhyZWYlM0QlMjJodHRwcyUzQSUyRiUyRnd3dy50c2hpcnRzdHVkaW8uZnIlMkZtYXJrZXRwbGFjZSUyRmNzZWItYm94ZS10aGEtJTJGbWFpbGxvdC1ub2lyLWxvZ28tZGV2YW50JTIyJTNFJTNDaW1nJTIwc3JjJTNEJTIyaHR0cHMlM0ElMkYlMkZ3d3cudHNoaXJ0c3R1ZGlvLmZyJTJGbWFya2V0cGxhY2UlMkZjc2ViLWJveGUtdGhhLSUyRm1haWxsb3Qtbm9pci1sb2dvLWRldmFudC1mcm9udC5qcGclMjIlMjB3aWR0aCUzRCUyMjM1MCUyMiUyMGhlaWdodCUzRCUyMjM1MCUyMiUyMGFsdCUzRCUyMk1haWxsb3QlMjBub2lyJTIwbG9nbyUyMGRldmFudCUyMiUyMCUyRiUzRSUzQyUyRmElM0UlMEElM0NhJTIwaHJlZiUzRCUyMmh0dHBzJTNBJTJGJTJGd3d3LnRzaGlydHN0dWRpby5mciUyRm1hcmtldHBsYWNlJTJGY3NlYi1ib3hlLXRoYS0lMkZtYWlsbG90LWJsYW5jLWxvZ28tZGV2YW50JTIyJTNFJTNDaW1nJTIwc3JjJTNEJTIyaHR0cHMlM0ElMkYlMkZ3d3cudHNoaXJ0c3R1ZGlvLmZyJTJGbWFya2V0cGxhY2UlMkZjc2ViLWJveGUtdGhhLSUyRm1haWxsb3QtYmxhbmMtbG9nby1kZXZhbnQtZnJvbnQuanBnJTIyJTIwd2lkdGglM0QlMjIzNTAlMjIlMjBoZWlnaHQlM0QlMjIzNTAlMjIlMjBhbHQlM0QlMjJNYWlsbG90JTIwYmxhbmMlMjBsb2dvJTIwZGV2YW50JTIyJTIwJTJGJTNFJTNDJTJGYSUzRSUwQQ==[\/vc_raw_html][vc_column_text]T-shirts et d\u00e9bardeurs femme<\/p>\n<p>Tshirt femme <big>15.75\u20ac<\/big><\/p>\n<p>d\u00e9bardeur femme <big>20.30\u20ac<\/big>[\/vc_column_text][vc_raw_html]JTNDcCUzRSUwQSUzQ2ElMjBocmVmJTNEJTIyaHR0cHMlM0ElMkYlMkZ3d3cudHNoaXJ0c3R1ZGlvLmZyJTJGbWFya2V0cGxhY2UlMkZjc2ViLWJveGUtdGhhLSUyRnQtc2hpcnQtZmVtbWUtbm9pci1sb2dvLWRvcyUyMiUzRSUzQ2ltZyUyMHNyYyUzRCUyMmh0dHBzJTNBJTJGJTJGd3d3LnRzaGlydHN0dWRpby5mciUyRm1hcmtldHBsYWNlJTJGY3NlYi1ib3hlLXRoYS0lMkZ0LXNoaXJ0LWZlbW1lLW5vaXItbG9nby1kb3MtZnJvbnQuanBnJTIyJTIwd2lkdGglM0QlMjIzNTAlMjIlMjBoZWlnaHQlM0QlMjIzNTAlMjIlMjBhbHQlM0QlMjJUJTIwc2hpcnQlMjBmZW1tZSUyMG5vaXIlMjBsb2dvJTIwZG9zJTIyJTIwJTJGJTNFJTNDJTJGYSUzRSUwQSUzQ2ElMjBocmVmJTNEJTIyaHR0cHMlM0ElMkYlMkZ3d3cudHNoaXJ0c3R1ZGlvLmZyJTJGbWFya2V0cGxhY2UlMkZjc2ViLWJveGUtdGhhLSUyRnQtc2hpcnQtZmVtbWUtbm9pci1sb2dvLWRldmFudCUyMiUzRSUzQ2ltZyUyMHNyYyUzRCUyMmh0dHBzJTNBJTJGJTJGd3d3LnRzaGlydHN0dWRpby5mciUyRm1hcmtldHBsYWNlJTJGY3NlYi1ib3hlLXRoYS0lMkZ0LXNoaXJ0LWZlbW1lLW5vaXItbG9nby1kZXZhbnQtZnJvbnQuanBnJTIyJTIwd2lkdGglM0QlMjIzNTAlMjIlMjBoZWlnaHQlM0QlMjIzNTAlMjIlMjBhbHQlM0QlMjJUJTIwc2hpcnQlMjBmZW1tZSUyMG5vaXIlMjBsb2dvJTIwZGV2YW50JTIyJTIwJTJGJTNFJTNDJTJGYSUzRSUwQSUzQ2ElMjBocmVmJTNEJTIyaHR0cHMlM0ElMkYlMkZ3d3cudHNoaXJ0c3R1ZGlvLmZyJTJGbWFya2V0cGxhY2UlMkZjc2ViLWJveGUtdGhhLSUyRnQtc2hpcnQtZmVtbWUtYmxhbmMtbG9nby1kb3MlMjIlM0UlM0NpbWclMjBzcmMlM0QlMjJodHRwcyUzQSUyRiUyRnd3dy50c2hpcnRzdHVkaW8uZnIlMkZtYXJrZXRwbGFjZSUyRmNzZWItYm94ZS10aGEtJTJGdC1zaGlydC1mZW1tZS1ibGFuYy1sb2dvLWRvcy1mcm9udC5qcGclMjIlMjB3aWR0aCUzRCUyMjM1MCUyMiUyMGhlaWdodCUzRCUyMjM1MCUyMiUyMGFsdCUzRCUyMlQlMjBzaGlydCUyMGZlbW1lJTIwYmxhbmMlMjBsb2dvJTIwZG9zJTIyJTIwJTJGJTNFJTNDJTJGYSUzRSUwQSUzQ2ElMjBocmVmJTNEJTIyaHR0cHMlM0ElMkYlMkZ3d3cudHNoaXJ0c3R1ZGlvLmZyJTJGbWFya2V0cGxhY2UlMkZjc2ViLWJveGUtdGhhLSUyRnQtc2hpcnQtZmVtbWUtYmxhbmMtbG9nby1kZXZhbnQlMjIlM0UlM0NpbWclMjBzcmMlM0QlMjJodHRwcyUzQSUyRiUyRnd3dy50c2hpcnRzdHVkaW8uZnIlMkZtYXJrZXRwbGFjZSUyRmNzZWItYm94ZS10aGEtJTJGdC1zaGlydC1mZW1tZS1ibGFuYy1sb2dvLWRldmFudC1mcm9udC5qcGclMjIlMjB3aWR0aCUzRCUyMjM1MCUyMiUyMGhlaWdodCUzRCUyMjM1MCUyMiUyMGFsdCUzRCUyMlQlMjBzaGlydCUyMGZlbW1lJTIwYmxhbmMlMjBsb2dvJTIwZGV2YW50JTIyJTIwJTJGJTNFJTNDJTJGYSUzRSUwQSUzQ2ElMjBocmVmJTNEJTIyaHR0cHMlM0ElMkYlMkZ3d3cudHNoaXJ0c3R1ZGlvLmZyJTJGbWFya2V0cGxhY2UlMkZjc2ViLWJveGUtdGhhLSUyRmQtYmFyZGV1ci1ub2lyLWxvZ28tZG9zJTIyJTNFJTNDaW1nJTIwc3JjJTNEJTIyaHR0cHMlM0ElMkYlMkZ3d3cudHNoaXJ0c3R1ZGlvLmZyJTJGbWFya2V0cGxhY2UlMkZjc2ViLWJveGUtdGhhLSUyRmQtYmFyZGV1ci1ub2lyLWxvZ28tZG9zLWZyb250LmpwZyUyMiUyMHdpZHRoJTNEJTIyMzUwJTIyJTIwaGVpZ2h0JTNEJTIyMzUwJTIyJTIwYWx0JTNEJTIyRCVDMyVBOWJhcmRldXIlMjBub2lyJTIwbG9nbyUyMGRvcyUyMiUyMCUyRiUzRSUzQyUyRmElM0UlMEElM0NhJTIwaHJlZiUzRCUyMmh0dHBzJTNBJTJGJTJGd3d3LnRzaGlydHN0dWRpby5mciUyRm1hcmtldHBsYWNlJTJGY3NlYi1ib3hlLXRoYS0lMkZkLWJhcmRldXItbm9pci1sb2dvLWRldmFudCUyMiUzRSUzQ2ltZyUyMHNyYyUzRCUyMmh0dHBzJTNBJTJGJTJGd3d3LnRzaGlydHN0dWRpby5mciUyRm1hcmtldHBsYWNlJTJGY3NlYi1ib3hlLXRoYS0lMkZkLWJhcmRldXItbm9pci1sb2dvLWRldmFudC1mcm9udC5qcGclMjIlMjB3aWR0aCUzRCUyMjM1MCUyMiUyMGhlaWdodCUzRCUyMjM1MCUyMiUyMGFsdCUzRCUyMkQlQzMlQTliYXJkZXVyJTIwbm9pciUyMGxvZ28lMjBkZXZhbnQlMjIlMjAlMkYlM0UlM0MlMkZhJTNFJTBBJTNDYSUyMGhyZWYlM0QlMjJodHRwcyUzQSUyRiUyRnd3dy50c2hpcnRzdHVkaW8uZnIlMkZtYXJrZXRwbGFjZSUyRmNzZWItYm94ZS10aGEtJTJGZC1iYXJkZXVyLWJsYW5jLWxvZ28tZG9zJTIyJTNFJTNDaW1nJTIwc3JjJTNEJTIyaHR0cHMlM0ElMkYlMkZ3d3cudHNoaXJ0c3R1ZGlvLmZyJTJGbWFya2V0cGxhY2UlMkZjc2ViLWJveGUtdGhhLSUyRmQtYmFyZGV1ci1ibGFuYy1sb2dvLWRvcy1mcm9udC5qcGclMjIlMjB3aWR0aCUzRCUyMjM1MCUyMiUyMGhlaWdodCUzRCUyMjM1MCUyMiUyMGFsdCUzRCUyMkQlQzMlQTliYXJkZXVyJTIwYmxhbmMlMjBsb2dvJTIwZG9zJTIyJTIwJTJGJTNFJTNDJTJGYSUzRSUwQSUzQ2ElMjBocmVmJTNEJTIyaHR0cHMlM0ElMkYlMkZ3d3cudHNoaXJ0c3R1ZGlvLmZyJTJGbWFya2V0cGxhY2UlMkZjc2ViLWJveGUtdGhhLSUyRmQtYmFyZGV1ci1ibGFuYy1sb2dvLWRldmFudCUyMiUzRSUzQ2ltZyUyMHNyYyUzRCUyMmh0dHBzJTNBJTJGJTJGd3d3LnRzaGlydHN0dWRpby5mciUyRm1hcmtldHBsYWNlJTJGY3NlYi1ib3hlLXRoYS0lMkZkLWJhcmRldXItYmxhbmMtbG9nby1kZXZhbnQtZnJvbnQuanBnJTIyJTIwd2lkdGglM0QlMjIzNTAlMjIlMjBoZWlnaHQlM0QlMjIzNTAlMjIlMjBhbHQlM0QlMjJEJUMzJUE5YmFyZGV1ciUyMGJsYW5jJTIwbG9nbyUyMGRldmFudCUyMiUyMCUyRiUzRSUzQyUyRmElM0UlMDklMDklMDklMDklMDklMDklMDklMDklMDklMDklMDklMEElM0MlMkZwJTNF[\/vc_raw_html][vc_column_text]Autre merchandising du CSEB boxe tha\u00ef &#8230;<\/p>\n<p>Sac 25 \u20ac<\/p>\n<p>bonnet 15,50\u20ac[\/vc_column_text][vc_raw_html]JTNDcCUzRSUwQSUzQ2ElMjBocmVmJTNEJTIyaHR0cHMlM0ElMkYlMkZ3d3cudHNoaXJ0c3R1ZGlvLmZyJTJGbWFya2V0cGxhY2UlMkZjc2ViLWJveGUtdGhhLSUyRmJvbm5ldC1ncmlzJTIyJTNFJTNDaW1nJTIwc3JjJTNEJTIyaHR0cHMlM0ElMkYlMkZ3d3cudHNoaXJ0c3R1ZGlvLmZyJTJGbWFya2V0cGxhY2UlMkZjc2ViLWJveGUtdGhhLSUyRmJvbm5ldC1ncmlzLWZyb250LmpwZyUyMiUyMHdpZHRoJTNEJTIyMzUwJTIyJTIwaGVpZ2h0JTNEJTIyMzUwJTIyJTIwYWx0JTNEJTIyQm9ubmV0JTIwZ3JpcyUyMiUyMCUyRiUzRSUzQyUyRmElM0UlMEElM0NhJTIwaHJlZiUzRCUyMmh0dHBzJTNBJTJGJTJGd3d3LnRzaGlydHN0dWRpby5mciUyRm1hcmtldHBsYWNlJTJGY3NlYi1ib3hlLXRoYS0lMkZib25uZXQlMjIlM0UlM0NpbWclMjBzcmMlM0QlMjJodHRwcyUzQSUyRiUyRnd3dy50c2hpcnRzdHVkaW8uZnIlMkZtYXJrZXRwbGFjZSUyRmNzZWItYm94ZS10aGEtJTJGYm9ubmV0LWZyb250LmpwZyUyMiUyMHdpZHRoJTNEJTIyMzUwJTIyJTIwaGVpZ2h0JTNEJTIyMzUwJTIyJTIwYWx0JTNEJTIyQm9ubmV0JTIwbm9pciUyMiUyMCUyRiUzRSUzQyUyRmElM0UlMEElM0NhJTIwaHJlZiUzRCUyMmh0dHBzJTNBJTJGJTJGd3d3LnRzaGlydHN0dWRpby5mciUyRm1hcmtldHBsYWNlJTJGY3NlYi1ib3hlLXRoYS0lMkZzYWMtZGUtc3BvcnQlMjIlM0UlM0NpbWclMjBzcmMlM0QlMjJodHRwcyUzQSUyRiUyRnd3dy50c2hpcnRzdHVkaW8uZnIlMkZtYXJrZXRwbGFjZSUyRmNzZWItYm94ZS10aGEtJTJGc2FjLWRlLXNwb3J0LWZyb250LmpwZyUyMiUyMHdpZHRoJTNEJTIyMzUwJTIyJTIwaGVpZ2h0JTNEJTIyMzUwJTIyJTIwYWx0JTNEJTIyU2FjJTIwZGUlMjBzcG9ydCUyMiUyMCUyRiUzRSUzQyUyRmElM0UlMDklMDklMDklMDklMDklMDklMEElM0MlMkZwJTNF[\/vc_raw_html][\/vc_column][\/vc_row][vc_row][vc_column][vc_single_image image=&#8221;303&#8243; img_size=&#8221;full&#8221; alignment=&#8221;center&#8221;][\/vc_column][\/vc_row]<\/p>\n","protected":false},"excerpt":{"rendered":"<p>[vc_row][vc_column][vc_column_text] Vous trouverez sur cette page du merchandising aux couleurs du club. Bienvenue dans notre boutique ! Vous trouverez ici tout le merchandising du CSEB Boxe Tha\u00ef.De nouveaux mod\u00e8les, coloris et articles sont ajout\u00e9s r\u00e9guli\u00e8rement, mais n&#8217;h\u00e9sitez pas \u00e0 nous contacter si vous souhaitez d&#8217;autres coloris ou mod\u00e8les ! le mat\u00e9riel de boxe arrivera prochainement. Acheter le merchandising du club, [&hellip;]<\/p>\n","protected":false},"author":1,"featured_media":0,"parent":0,"menu_order":0,"comment_status":"closed","ping_status":"closed","template":"","meta":{"_bbp_topic_count":0,"_bbp_reply_count":0,"_bbp_total_topic_count":0,"_bbp_total_reply_count":0,"_bbp_voice_count":0,"_bbp_anonymous_reply_count":0,"_bbp_topic_count_hidden":0,"_bbp_reply_count_hidden":0,"_bbp_forum_subforum_count":0,"footnotes":""},"class_list":["post-142","page","type-page","status-publish","hentry"],"yoast_head":"<!-- This site is optimized with the Yoast SEO plugin v25.7 - https:\/\/yoast.com\/wordpress\/plugins\/seo\/ -->\n<title>Merchandising - CSEB Boxe Tha\u00ef<\/title>\n<meta name=\"description\" content=\"Bienvenu dans la boutique ou vous pourrez acheter touts le merchandising du CSEB Boxe Tha\u00ef. T-shirts, pull, bonnets, sacs...\" \/>\n<meta name=\"robots\" content=\"index, follow, max-snippet:-1, max-image-preview:large, max-video-preview:-1\" \/>\n<link rel=\"canonical\" href=\"https:\/\/csebboxethai.com\/index.php\/merchandising-du-cseb-boxe-thai\/\" \/>\n<meta property=\"og:locale\" content=\"fr_FR\" \/>\n<meta property=\"og:type\" content=\"article\" \/>\n<meta property=\"og:title\" content=\"Merchandising - CSEB Boxe Tha\u00ef\" \/>\n<meta property=\"og:description\" content=\"Bienvenu dans la boutique ou vous pourrez acheter touts le merchandising du CSEB Boxe Tha\u00ef. T-shirts, pull, bonnets, sacs...\" \/>\n<meta property=\"og:url\" content=\"https:\/\/csebboxethai.com\/index.php\/merchandising-du-cseb-boxe-thai\/\" \/>\n<meta property=\"og:site_name\" content=\"CSEB Boxe Tha\u00ef\" \/>\n<meta property=\"article:modified_time\" content=\"2025-08-22T13:18:08+00:00\" \/>\n<meta name=\"twitter:card\" content=\"summary_large_image\" \/>\n<meta name=\"twitter:label1\" content=\"Dur\u00e9e de lecture estim\u00e9e\" \/>\n\t<meta name=\"twitter:data1\" content=\"6 minutes\" \/>\n<script type=\"application\/ld+json\" class=\"yoast-schema-graph\">{\"@context\":\"https:\/\/schema.org\",\"@graph\":[{\"@type\":\"WebPage\",\"@id\":\"https:\/\/csebboxethai.com\/index.php\/merchandising-du-cseb-boxe-thai\/\",\"url\":\"https:\/\/csebboxethai.com\/index.php\/merchandising-du-cseb-boxe-thai\/\",\"name\":\"Merchandising - CSEB Boxe Tha\u00ef\",\"isPartOf\":{\"@id\":\"https:\/\/csebboxethai.com\/#website\"},\"datePublished\":\"2023-09-25T14:02:35+00:00\",\"dateModified\":\"2025-08-22T13:18:08+00:00\",\"description\":\"Bienvenu dans la boutique ou vous pourrez acheter touts le merchandising du CSEB Boxe Tha\u00ef. T-shirts, pull, bonnets, sacs...\",\"breadcrumb\":{\"@id\":\"https:\/\/csebboxethai.com\/index.php\/merchandising-du-cseb-boxe-thai\/#breadcrumb\"},\"inLanguage\":\"fr-FR\",\"potentialAction\":[{\"@type\":\"ReadAction\",\"target\":[\"https:\/\/csebboxethai.com\/index.php\/merchandising-du-cseb-boxe-thai\/\"]}]},{\"@type\":\"BreadcrumbList\",\"@id\":\"https:\/\/csebboxethai.com\/index.php\/merchandising-du-cseb-boxe-thai\/#breadcrumb\",\"itemListElement\":[{\"@type\":\"ListItem\",\"position\":1,\"name\":\"Accueil\",\"item\":\"https:\/\/csebboxethai.com\/\"},{\"@type\":\"ListItem\",\"position\":2,\"name\":\"Merchandising\"}]},{\"@type\":\"WebSite\",\"@id\":\"https:\/\/csebboxethai.com\/#website\",\"url\":\"https:\/\/csebboxethai.com\/\",\"name\":\"CSEB Boxe Tha\u00ef\",\"description\":\"Le club de Boxe tha\u00ef dans le 17 \u00e8me arrondissement de Paris\",\"publisher\":{\"@id\":\"https:\/\/csebboxethai.com\/#organization\"},\"potentialAction\":[{\"@type\":\"SearchAction\",\"target\":{\"@type\":\"EntryPoint\",\"urlTemplate\":\"https:\/\/csebboxethai.com\/?s={search_term_string}\"},\"query-input\":{\"@type\":\"PropertyValueSpecification\",\"valueRequired\":true,\"valueName\":\"search_term_string\"}}],\"inLanguage\":\"fr-FR\"},{\"@type\":[\"Organization\",\"Place\"],\"@id\":\"https:\/\/csebboxethai.com\/#organization\",\"name\":\"CSEB Boxe Tha\u00ef\",\"url\":\"https:\/\/csebboxethai.com\/\",\"logo\":{\"@id\":\"https:\/\/csebboxethai.com\/index.php\/merchandising-du-cseb-boxe-thai\/#local-main-organization-logo\"},\"image\":{\"@id\":\"https:\/\/csebboxethai.com\/index.php\/merchandising-du-cseb-boxe-thai\/#local-main-organization-logo\"},\"openingHoursSpecification\":[{\"@type\":\"OpeningHoursSpecification\",\"dayOfWeek\":[\"Monday\",\"Tuesday\",\"Wednesday\",\"Thursday\",\"Friday\",\"Saturday\",\"Sunday\"],\"opens\":\"09:00\",\"closes\":\"17:00\"}]},{\"@type\":\"ImageObject\",\"inLanguage\":\"fr-FR\",\"@id\":\"https:\/\/csebboxethai.com\/index.php\/merchandising-du-cseb-boxe-thai\/#local-main-organization-logo\",\"url\":\"https:\/\/csebboxethai.com\/wp-content\/uploads\/2019\/10\/cropped-logo-cseb.jpg\",\"contentUrl\":\"https:\/\/csebboxethai.com\/wp-content\/uploads\/2019\/10\/cropped-logo-cseb.jpg\",\"width\":512,\"height\":512,\"caption\":\"CSEB Boxe Tha\u00ef\"}]}<\/script>\n<!-- \/ Yoast SEO plugin. -->","yoast_head_json":{"title":"Merchandising - CSEB Boxe Tha\u00ef","description":"Bienvenu dans la boutique ou vous pourrez acheter touts le merchandising du CSEB Boxe Tha\u00ef. T-shirts, pull, bonnets, sacs...","robots":{"index":"index","follow":"follow","max-snippet":"max-snippet:-1","max-image-preview":"max-image-preview:large","max-video-preview":"max-video-preview:-1"},"canonical":"https:\/\/csebboxethai.com\/index.php\/merchandising-du-cseb-boxe-thai\/","og_locale":"fr_FR","og_type":"article","og_title":"Merchandising - CSEB Boxe Tha\u00ef","og_description":"Bienvenu dans la boutique ou vous pourrez acheter touts le merchandising du CSEB Boxe Tha\u00ef. T-shirts, pull, bonnets, sacs...","og_url":"https:\/\/csebboxethai.com\/index.php\/merchandising-du-cseb-boxe-thai\/","og_site_name":"CSEB Boxe Tha\u00ef","article_modified_time":"2025-08-22T13:18:08+00:00","twitter_card":"summary_large_image","twitter_misc":{"Dur\u00e9e de lecture estim\u00e9e":"6 minutes"},"schema":{"@context":"https:\/\/schema.org","@graph":[{"@type":"WebPage","@id":"https:\/\/csebboxethai.com\/index.php\/merchandising-du-cseb-boxe-thai\/","url":"https:\/\/csebboxethai.com\/index.php\/merchandising-du-cseb-boxe-thai\/","name":"Merchandising - CSEB Boxe Tha\u00ef","isPartOf":{"@id":"https:\/\/csebboxethai.com\/#website"},"datePublished":"2023-09-25T14:02:35+00:00","dateModified":"2025-08-22T13:18:08+00:00","description":"Bienvenu dans la boutique ou vous pourrez acheter touts le merchandising du CSEB Boxe Tha\u00ef. T-shirts, pull, bonnets, sacs...","breadcrumb":{"@id":"https:\/\/csebboxethai.com\/index.php\/merchandising-du-cseb-boxe-thai\/#breadcrumb"},"inLanguage":"fr-FR","potentialAction":[{"@type":"ReadAction","target":["https:\/\/csebboxethai.com\/index.php\/merchandising-du-cseb-boxe-thai\/"]}]},{"@type":"BreadcrumbList","@id":"https:\/\/csebboxethai.com\/index.php\/merchandising-du-cseb-boxe-thai\/#breadcrumb","itemListElement":[{"@type":"ListItem","position":1,"name":"Accueil","item":"https:\/\/csebboxethai.com\/"},{"@type":"ListItem","position":2,"name":"Merchandising"}]},{"@type":"WebSite","@id":"https:\/\/csebboxethai.com\/#website","url":"https:\/\/csebboxethai.com\/","name":"CSEB Boxe Tha\u00ef","description":"Le club de Boxe tha\u00ef dans le 17 \u00e8me arrondissement de Paris","publisher":{"@id":"https:\/\/csebboxethai.com\/#organization"},"potentialAction":[{"@type":"SearchAction","target":{"@type":"EntryPoint","urlTemplate":"https:\/\/csebboxethai.com\/?s={search_term_string}"},"query-input":{"@type":"PropertyValueSpecification","valueRequired":true,"valueName":"search_term_string"}}],"inLanguage":"fr-FR"},{"@type":["Organization","Place"],"@id":"https:\/\/csebboxethai.com\/#organization","name":"CSEB Boxe Tha\u00ef","url":"https:\/\/csebboxethai.com\/","logo":{"@id":"https:\/\/csebboxethai.com\/index.php\/merchandising-du-cseb-boxe-thai\/#local-main-organization-logo"},"image":{"@id":"https:\/\/csebboxethai.com\/index.php\/merchandising-du-cseb-boxe-thai\/#local-main-organization-logo"},"openingHoursSpecification":[{"@type":"OpeningHoursSpecification","dayOfWeek":["Monday","Tuesday","Wednesday","Thursday","Friday","Saturday","Sunday"],"opens":"09:00","closes":"17:00"}]},{"@type":"ImageObject","inLanguage":"fr-FR","@id":"https:\/\/csebboxethai.com\/index.php\/merchandising-du-cseb-boxe-thai\/#local-main-organization-logo","url":"https:\/\/csebboxethai.com\/wp-content\/uploads\/2019\/10\/cropped-logo-cseb.jpg","contentUrl":"https:\/\/csebboxethai.com\/wp-content\/uploads\/2019\/10\/cropped-logo-cseb.jpg","width":512,"height":512,"caption":"CSEB Boxe Tha\u00ef"}]}},"_links":{"self":[{"href":"https:\/\/csebboxethai.com\/index.php\/wp-json\/wp\/v2\/pages\/142","targetHints":{"allow":["GET"]}}],"collection":[{"href":"https:\/\/csebboxethai.com\/index.php\/wp-json\/wp\/v2\/pages"}],"about":[{"href":"https:\/\/csebboxethai.com\/index.php\/wp-json\/wp\/v2\/types\/page"}],"author":[{"embeddable":true,"href":"https:\/\/csebboxethai.com\/index.php\/wp-json\/wp\/v2\/users\/1"}],"replies":[{"embeddable":true,"href":"https:\/\/csebboxethai.com\/index.php\/wp-json\/wp\/v2\/comments?post=142"}],"version-history":[{"count":0,"href":"https:\/\/csebboxethai.com\/index.php\/wp-json\/wp\/v2\/pages\/142\/revisions"}],"wp:attachment":[{"href":"https:\/\/csebboxethai.com\/index.php\/wp-json\/wp\/v2\/media?parent=142"}],"curies":[{"name":"wp","href":"https:\/\/api.w.org\/{rel}","templated":true}]}}