{"id":152,"date":"2023-09-25T15:46:09","date_gmt":"2023-09-25T13:46:09","guid":{"rendered":"https:\/\/csebboxethai.com\/?page_id=152"},"modified":"2023-11-07T08:52:44","modified_gmt":"2023-11-07T07:52:44","slug":"la-salle","status":"publish","type":"page","link":"https:\/\/csebboxethai.com\/index.php\/la-salle\/","title":{"rendered":"La salle"},"content":{"rendered":"<p>[vc_row][vc_column][vc_column_text font_size=&#8221;16&#8243;]<\/p>\r\n<h2>Notre salle de sport<\/h2>\r\n<p><span id=\"p1\">Les entra\u00eenements ont lieu dans <a href=\"https:\/\/csebboxethai.com\/index.php\/ou-nous-trouver\/\">une grande salle lumineuse<\/a> pouvant accueillir jusqu&#8217;\u00e0 45 personnes pratiquant en m\u00eame temps.<\/span><span id=\"p2\"> Elle est munie de 3 sacs de frappe bien espac\u00e9s, de deux espaliers, d&#8217;une barre de traction.<\/span><span id=\"p3\"> En outre, i<span id=\"30\">l<\/span> y a un vaste espace libre pour travailler aux <span id=\"31\">paos<\/span> ou la technique. Le site comprent aussi de larges miroirs pour travailler le <span id=\"32\">shadow<\/span>.<\/span><\/p>\r\n\r\n<p><\/p>\r\n<p><span id=\"p4\">Un grand ring l\u00e9g\u00e8rement sur\u00e9lev\u00e9 tr\u00f4ne pratiquement en son centre.<br \/><\/span><\/p>\r\n<p><span id=\"p5\">Le club poss\u00e8de tout le mat\u00e9riel n\u00e9cessaire pour s&#8217;entra\u00eener, dont plusieurs paires de <span id=\"33\" class=\"s-rg\">paos<\/span> et de pattes d&#8217;ours.<\/span><span id=\"p6\"> Nous pouvons \u00e9galement pr\u00eater du mat\u00e9riel lors des cours d&#8217;essai ou le temps que vous achetiez votre mat\u00e9riel.<\/span><span id=\"p7\"> Nous ne choisissons que les meilleures marques pour professionnels afin de vous assurer une qualit\u00e9 d&#8217;entra\u00eenement et une pratique dans des conditions optimales.<\/span><\/p>\r\n<p><span id=\"p8\">Nos adh\u00e9rents peuvent se changer et se doucher dans deux vestiaires un pour les hommes et un pour les femmes.<\/span><\/p>\r\n<p><span id=\"p9\">Comme notre salle de sport est spacieuse, les parents ou les amis des pratiquants peuvent assister au cours assis sur un banc dans la salle.<\/span><span id=\"p34\"> Les personnes d\u00e9sirant se faire une id\u00e9e du sport, de l&#8217;ambiance du club ou de notre p\u00e9dagogie sont les bienvenues.<\/span><\/p>\r\n<h2>Le complexe sportif du boulevard de Reims<\/h2>\r\n<p>Notre salle de sport fait partie du <a href=\"https:\/\/mairie17.paris.fr\/pages\/equipements-sportifs-du-17e-11943\">complexe sportif du boulevard de Reims.<\/a> <span id=\"p54\">Le centre sportif comprend \u00e9galement une salle de judo, une salle de danse, des terrains de tennis et une piscine couverte.<\/span><span id=\"p55\"> D&#8217;autres associations et clubs de sport proposent d&#8217;autres sports.<\/span><span id=\"p56\"> C&#8217;est un lieu extr\u00eamement pratique pour que toute la famille puisse faire du sport en m\u00eame temps.<\/span><span id=\"p57\"> Que vous souhaitiez faire du fitness, de la gym su\u00e9doise, du <span id=\"59\" class=\"s-rg\">kung-fu<\/span>, du karat\u00e9, de la boxe fran\u00e7aise, du full-contact ou du taekwondo&#8230;<\/span><span id=\"p58\"> N&#8217;h\u00e9sitez pas \u00e0 passer \u00e0 l&#8217;accueil pour vous renseigner sur tous les sports que vous pouvez pratiquer sur place.<\/span><\/p>\r\n\r\n<p>[\/vc_column_text][vc_images_carousel images=&#8221;167,168,169,170&#8243; img_size=&#8221;medium&#8221; onclick=&#8221;link_no&#8221; autoplay=&#8221;yes&#8221;][\/vc_column][\/vc_row]<\/p>","protected":false},"excerpt":{"rendered":"<p>[vc_row][vc_column][vc_column_text font_size=&#8221;16&#8243;] Notre salle de sport Les entra\u00eenements ont lieu dans une grande salle lumineuse pouvant accueillir jusqu&#8217;\u00e0 45 personnes pratiquant en m\u00eame temps. Elle est munie de 3 sacs de frappe bien espac\u00e9s, de deux espaliers, d&#8217;une barre de traction. En outre, il y a un vaste espace libre pour travailler aux paos ou la technique. Le site comprent [&hellip;]<\/p>\n","protected":false},"author":1,"featured_media":0,"parent":0,"menu_order":0,"comment_status":"closed","ping_status":"closed","template":"","meta":{"_bbp_topic_count":0,"_bbp_reply_count":0,"_bbp_total_topic_count":0,"_bbp_total_reply_count":0,"_bbp_voice_count":0,"_bbp_anonymous_reply_count":0,"_bbp_topic_count_hidden":0,"_bbp_reply_count_hidden":0,"_bbp_forum_subforum_count":0,"footnotes":""},"class_list":["post-152","page","type-page","status-publish","hentry"],"yoast_head":"<!-- This site is optimized with the Yoast SEO plugin v25.7 - https:\/\/yoast.com\/wordpress\/plugins\/seo\/ -->\n<title>La salle - CSEB Boxe Tha\u00ef<\/title>\n<meta name=\"description\" content=\"Les entra\u00eenements ont lieu dans une grande salle lumineuse pouvant accueillir jusqu&#039;\u00e0 45 personnes pratiquants en m\u00eame temps.\" \/>\n<meta name=\"robots\" content=\"index, follow, max-snippet:-1, max-image-preview:large, max-video-preview:-1\" \/>\n<link rel=\"canonical\" href=\"https:\/\/csebboxethai.com\/index.php\/la-salle\/\" \/>\n<meta property=\"og:locale\" content=\"fr_FR\" \/>\n<meta property=\"og:type\" content=\"article\" \/>\n<meta property=\"og:title\" content=\"La salle - CSEB Boxe Tha\u00ef\" \/>\n<meta property=\"og:description\" content=\"Les entra\u00eenements ont lieu dans une grande salle lumineuse pouvant accueillir jusqu&#039;\u00e0 45 personnes pratiquants en m\u00eame temps.\" \/>\n<meta property=\"og:url\" content=\"https:\/\/csebboxethai.com\/index.php\/la-salle\/\" \/>\n<meta property=\"og:site_name\" content=\"CSEB Boxe Tha\u00ef\" \/>\n<meta property=\"article:modified_time\" content=\"2023-11-07T07:52:44+00:00\" \/>\n<meta name=\"twitter:card\" content=\"summary_large_image\" \/>\n<meta name=\"twitter:label1\" content=\"Dur\u00e9e de lecture estim\u00e9e\" \/>\n\t<meta name=\"twitter:data1\" content=\"2 minutes\" \/>\n<script type=\"application\/ld+json\" class=\"yoast-schema-graph\">{\"@context\":\"https:\/\/schema.org\",\"@graph\":[{\"@type\":\"WebPage\",\"@id\":\"https:\/\/csebboxethai.com\/index.php\/la-salle\/\",\"url\":\"https:\/\/csebboxethai.com\/index.php\/la-salle\/\",\"name\":\"La salle - CSEB Boxe Tha\u00ef\",\"isPartOf\":{\"@id\":\"https:\/\/csebboxethai.com\/#website\"},\"datePublished\":\"2023-09-25T13:46:09+00:00\",\"dateModified\":\"2023-11-07T07:52:44+00:00\",\"description\":\"Les entra\u00eenements ont lieu dans une grande salle lumineuse pouvant accueillir jusqu'\u00e0 45 personnes pratiquants en m\u00eame temps.\",\"breadcrumb\":{\"@id\":\"https:\/\/csebboxethai.com\/index.php\/la-salle\/#breadcrumb\"},\"inLanguage\":\"fr-FR\",\"potentialAction\":[{\"@type\":\"ReadAction\",\"target\":[\"https:\/\/csebboxethai.com\/index.php\/la-salle\/\"]}]},{\"@type\":\"BreadcrumbList\",\"@id\":\"https:\/\/csebboxethai.com\/index.php\/la-salle\/#breadcrumb\",\"itemListElement\":[{\"@type\":\"ListItem\",\"position\":1,\"name\":\"Accueil\",\"item\":\"https:\/\/csebboxethai.com\/\"},{\"@type\":\"ListItem\",\"position\":2,\"name\":\"La salle\"}]},{\"@type\":\"WebSite\",\"@id\":\"https:\/\/csebboxethai.com\/#website\",\"url\":\"https:\/\/csebboxethai.com\/\",\"name\":\"CSEB Boxe Tha\u00ef\",\"description\":\"Le club de Boxe tha\u00ef dans le 17 \u00e8me arrondissement de Paris\",\"publisher\":{\"@id\":\"https:\/\/csebboxethai.com\/#organization\"},\"potentialAction\":[{\"@type\":\"SearchAction\",\"target\":{\"@type\":\"EntryPoint\",\"urlTemplate\":\"https:\/\/csebboxethai.com\/?s={search_term_string}\"},\"query-input\":{\"@type\":\"PropertyValueSpecification\",\"valueRequired\":true,\"valueName\":\"search_term_string\"}}],\"inLanguage\":\"fr-FR\"},{\"@type\":[\"Organization\",\"Place\"],\"@id\":\"https:\/\/csebboxethai.com\/#organization\",\"name\":\"CSEB Boxe Tha\u00ef\",\"url\":\"https:\/\/csebboxethai.com\/\",\"logo\":{\"@id\":\"https:\/\/csebboxethai.com\/index.php\/la-salle\/#local-main-organization-logo\"},\"image\":{\"@id\":\"https:\/\/csebboxethai.com\/index.php\/la-salle\/#local-main-organization-logo\"},\"openingHoursSpecification\":[{\"@type\":\"OpeningHoursSpecification\",\"dayOfWeek\":[\"Monday\",\"Tuesday\",\"Wednesday\",\"Thursday\",\"Friday\",\"Saturday\",\"Sunday\"],\"opens\":\"09:00\",\"closes\":\"17:00\"}]},{\"@type\":\"ImageObject\",\"inLanguage\":\"fr-FR\",\"@id\":\"https:\/\/csebboxethai.com\/index.php\/la-salle\/#local-main-organization-logo\",\"url\":\"https:\/\/csebboxethai.com\/wp-content\/uploads\/2019\/10\/cropped-logo-cseb.jpg\",\"contentUrl\":\"https:\/\/csebboxethai.com\/wp-content\/uploads\/2019\/10\/cropped-logo-cseb.jpg\",\"width\":512,\"height\":512,\"caption\":\"CSEB Boxe Tha\u00ef\"}]}<\/script>\n<!-- \/ Yoast SEO plugin. -->","yoast_head_json":{"title":"La salle - CSEB Boxe Tha\u00ef","description":"Les entra\u00eenements ont lieu dans une grande salle lumineuse pouvant accueillir jusqu'\u00e0 45 personnes pratiquants en m\u00eame temps.","robots":{"index":"index","follow":"follow","max-snippet":"max-snippet:-1","max-image-preview":"max-image-preview:large","max-video-preview":"max-video-preview:-1"},"canonical":"https:\/\/csebboxethai.com\/index.php\/la-salle\/","og_locale":"fr_FR","og_type":"article","og_title":"La salle - CSEB Boxe Tha\u00ef","og_description":"Les entra\u00eenements ont lieu dans une grande salle lumineuse pouvant accueillir jusqu'\u00e0 45 personnes pratiquants en m\u00eame temps.","og_url":"https:\/\/csebboxethai.com\/index.php\/la-salle\/","og_site_name":"CSEB Boxe Tha\u00ef","article_modified_time":"2023-11-07T07:52:44+00:00","twitter_card":"summary_large_image","twitter_misc":{"Dur\u00e9e de lecture estim\u00e9e":"2 minutes"},"schema":{"@context":"https:\/\/schema.org","@graph":[{"@type":"WebPage","@id":"https:\/\/csebboxethai.com\/index.php\/la-salle\/","url":"https:\/\/csebboxethai.com\/index.php\/la-salle\/","name":"La salle - CSEB Boxe Tha\u00ef","isPartOf":{"@id":"https:\/\/csebboxethai.com\/#website"},"datePublished":"2023-09-25T13:46:09+00:00","dateModified":"2023-11-07T07:52:44+00:00","description":"Les entra\u00eenements ont lieu dans une grande salle lumineuse pouvant accueillir jusqu'\u00e0 45 personnes pratiquants en m\u00eame temps.","breadcrumb":{"@id":"https:\/\/csebboxethai.com\/index.php\/la-salle\/#breadcrumb"},"inLanguage":"fr-FR","potentialAction":[{"@type":"ReadAction","target":["https:\/\/csebboxethai.com\/index.php\/la-salle\/"]}]},{"@type":"BreadcrumbList","@id":"https:\/\/csebboxethai.com\/index.php\/la-salle\/#breadcrumb","itemListElement":[{"@type":"ListItem","position":1,"name":"Accueil","item":"https:\/\/csebboxethai.com\/"},{"@type":"ListItem","position":2,"name":"La salle"}]},{"@type":"WebSite","@id":"https:\/\/csebboxethai.com\/#website","url":"https:\/\/csebboxethai.com\/","name":"CSEB Boxe Tha\u00ef","description":"Le club de Boxe tha\u00ef dans le 17 \u00e8me arrondissement de Paris","publisher":{"@id":"https:\/\/csebboxethai.com\/#organization"},"potentialAction":[{"@type":"SearchAction","target":{"@type":"EntryPoint","urlTemplate":"https:\/\/csebboxethai.com\/?s={search_term_string}"},"query-input":{"@type":"PropertyValueSpecification","valueRequired":true,"valueName":"search_term_string"}}],"inLanguage":"fr-FR"},{"@type":["Organization","Place"],"@id":"https:\/\/csebboxethai.com\/#organization","name":"CSEB Boxe Tha\u00ef","url":"https:\/\/csebboxethai.com\/","logo":{"@id":"https:\/\/csebboxethai.com\/index.php\/la-salle\/#local-main-organization-logo"},"image":{"@id":"https:\/\/csebboxethai.com\/index.php\/la-salle\/#local-main-organization-logo"},"openingHoursSpecification":[{"@type":"OpeningHoursSpecification","dayOfWeek":["Monday","Tuesday","Wednesday","Thursday","Friday","Saturday","Sunday"],"opens":"09:00","closes":"17:00"}]},{"@type":"ImageObject","inLanguage":"fr-FR","@id":"https:\/\/csebboxethai.com\/index.php\/la-salle\/#local-main-organization-logo","url":"https:\/\/csebboxethai.com\/wp-content\/uploads\/2019\/10\/cropped-logo-cseb.jpg","contentUrl":"https:\/\/csebboxethai.com\/wp-content\/uploads\/2019\/10\/cropped-logo-cseb.jpg","width":512,"height":512,"caption":"CSEB Boxe Tha\u00ef"}]}},"_links":{"self":[{"href":"https:\/\/csebboxethai.com\/index.php\/wp-json\/wp\/v2\/pages\/152","targetHints":{"allow":["GET"]}}],"collection":[{"href":"https:\/\/csebboxethai.com\/index.php\/wp-json\/wp\/v2\/pages"}],"about":[{"href":"https:\/\/csebboxethai.com\/index.php\/wp-json\/wp\/v2\/types\/page"}],"author":[{"embeddable":true,"href":"https:\/\/csebboxethai.com\/index.php\/wp-json\/wp\/v2\/users\/1"}],"replies":[{"embeddable":true,"href":"https:\/\/csebboxethai.com\/index.php\/wp-json\/wp\/v2\/comments?post=152"}],"version-history":[{"count":0,"href":"https:\/\/csebboxethai.com\/index.php\/wp-json\/wp\/v2\/pages\/152\/revisions"}],"wp:attachment":[{"href":"https:\/\/csebboxethai.com\/index.php\/wp-json\/wp\/v2\/media?parent=152"}],"curies":[{"name":"wp","href":"https:\/\/api.w.org\/{rel}","templated":true}]}}