{"id":154,"date":"2023-09-25T15:50:18","date_gmt":"2023-09-25T13:50:18","guid":{"rendered":"https:\/\/csebboxethai.com\/?page_id=154"},"modified":"2023-10-04T15:42:22","modified_gmt":"2023-10-04T13:42:22","slug":"coaching-mental-pour-sportif","status":"publish","type":"page","link":"https:\/\/csebboxethai.com\/index.php\/coaching-mental-pour-sportif\/","title":{"rendered":"Les services propos\u00e9s par le club"},"content":{"rendered":"<p>[vc_row][vc_column][vc_column_text font_size=&#8221;16&#8243;]<\/p>\r\n<p>Outre l\u2019enseignement et la pratique de la boxe tha\u00ef, les services propos\u00e9s sont nombreux. Nous proposons m\u00eame un coaching mental pour sportif.<\/p>\r\n<p>Le club est le lieu id\u00e9al pour <a href=\"https:\/\/csebboxethai.com\/index.php\/entrainement-boxe-thai\/\">se remettre en forme<\/a> simplement et efficacement. En effet le muay tha\u00ef est un sport complet qui am\u00e9liore vos capacit\u00e9s cardiopulmonaires, d\u00e9veloppe votre souplesse et fait travailler l\u2019ensemble des groupes musculaires du corps.<\/p>\r\n\r\n<p>\u00a0[\/vc_column_text][\/vc_column][\/vc_row][vc_row][vc_column width=&#8221;1\/3&#8243;][vc_column_text font_size=&#8221;16&#8243;]<\/p>\r\n<!-- \/wp:post-content -->\r\n<h2><!-- wp:paragraph -->Coaching\u00a0mental<\/h2>\r\n<p><!-- \/wp:paragraph -->\r\n\r\n<!-- wp:paragraph -->Le coach est titulaire d\u2019un dipl\u00f4me de <a href=\"https:\/\/www.google.com\/url?sa=t&amp;rct=j&amp;q=&amp;esrc=s&amp;source=web&amp;cd=&amp;ved=2ahUKEwir34zzt9yBAxVFdqQEHZFfBn44ChAWegQICBAB&amp;url=https%3A%2F%2Fwww.insep.fr%2Fsites%2Fdefault%2Ffiles%2Fmedia%2Fdownloads%2F220214_INSEP_Actes_conference_ok.pdf&amp;usg=AOvVaw10iqAgTB-nRsKR0J7PLJuR&amp;opi=89978449\">coaching mental sp\u00e9cialis\u00e9 dans la performance sportive<\/a> (titre RNCP) et est \u00e9galement form\u00e9 aux techniques d\u2019hypnose (certification de praticien). Ces services sont accessibles \u00e0 tout membre de l\u2019association sur demande pour am\u00e9liorer leur performance. Les sportifs qui ne font pas partie de l&#8217;association, mais qui souhaiteraient b\u00e9n\u00e9ficier de ces prestations, peuvent nous contacter. Vous pourrez alors demander les tarifs et les disponibilit\u00e9s pour cet accompagnement (tous les champs d\u2019application de ces accompagnements sont possibles\u2026).<\/p>\r\n<!-- \/wp:paragraph -->\r\n<p>\u00a0[\/vc_column_text][\/vc_column][vc_column width=&#8221;2\/3&#8243;][vc_single_image image=&#8221;307&#8243; img_size=&#8221;large&#8221; alignment=&#8221;center&#8221;][\/vc_column][\/vc_row][vc_row][vc_column width=&#8221;2\/3&#8243;][vc_single_image image=&#8221;208&#8243; img_size=&#8221;large&#8221; alignment=&#8221;center&#8221;][\/vc_column][vc_column width=&#8221;1\/3&#8243;][vc_column_text font_size=&#8221;16&#8243;]<\/p>\r\n<!-- wp:paragraph \/--><!-- \/wp:paragraph -->\r\n<h2><!-- wp:paragraph -->Stages et master classes<\/h2>\r\n<p><span id=\"p156\">Nous organisons r\u00e9guli\u00e8rement des stages reposant sur des th\u00e9matiques pr\u00e9cises <span id=\"p155\">(strat\u00e9gies, self d\u00e9fense, initiation rapide pour les personnes qui combattent dans d&#8217;autres disciplines)<\/span>.<\/span><span id=\"p157\"> Nos adh\u00e9rents appr\u00e9cient beaucoup ces moments qui permettent de sortir de sa zone de confort et d&#8217;acqu\u00e9rir des comp\u00e9tences pugilistiques suppl\u00e9mentaires.<\/span><\/p>\r\n<p><!-- \/wp:paragraph -->\r\n\r\n<!-- wp:paragraph -->Nous proposons \u00e9galement des master classes et des initiations \u00e0 d\u2019autres sports en fonction de la disponibilit\u00e9 de nos partenaires.<\/p>\r\n<p><span id=\"p144\">Nous consid\u00e9rons toutes les propositions, par cons\u00e9quent, envoyez nous un email pour nous proposer votre participation ou nous demander d&#8217;organiser un stage pour votre club.<\/span><span id=\"p145\"> Si vous souhaitez nous proposer un \u00e9change interdisciplinaire, n&#8217;h\u00e9sitez pas \u00e0 nous contacter, nous appr\u00e9cions beaucoup ce genre d&#8217;\u00e9change.<\/span><\/p>\r\n<!-- \/wp:paragraph -->\r\n<p>[\/vc_column_text][\/vc_column][\/vc_row][vc_row][vc_column width=&#8221;2\/3&#8243;][vc_column_text font_size=&#8221;16&#8243;]<\/p>\r\n<!-- wp:paragraph --><!-- \/wp:paragraph --><!-- \/wp:paragraph -->\r\n<h2><!-- wp:paragraph -->Coaching individuel<\/h2>\r\n<p><span id=\"p132\">Enfin, nous proposons \u00e9galement un service de coaching individuel.<\/span><span id=\"p133\"> Pour conna\u00eetre les possibilit\u00e9s et voir vos disponibilit\u00e9s qui co\u00efncident avec celle du coach, contactez nous.<\/span><span id=\"p140\"> Les th\u00e9matiques possibles sont nombreuses et vari\u00e9es.<\/span><span id=\"p135\"> Quel que soit votre but, du coaching light orient\u00e9 <span id=\"139\" class=\"s-rg\">cardio<\/span> training \u00e0 l&#8217;approfondissement de votre technique tout est possible.<\/span><span id=\"p136\"> Nous d\u00e9finirons votre objectif avec vous et vous proposerons un planning d&#8217;entra\u00eenement adapt\u00e9. Le nombre de place est limit\u00e9.<\/span><\/p>\r\n<p><!-- \/wp:paragraph -->[\/vc_column_text][\/vc_column][vc_column width=&#8221;1\/3&#8243;][vc_single_image image=&#8221;232&#8243; img_size=&#8221;large&#8221; alignment=&#8221;center&#8221;][\/vc_column][\/vc_row]<\/p>","protected":false},"excerpt":{"rendered":"<p>[vc_row][vc_column][vc_column_text font_size=&#8221;16&#8243;] Outre l\u2019enseignement et la pratique de la boxe tha\u00ef, les services propos\u00e9s sont nombreux. Nous proposons m\u00eame un coaching mental pour sportif. Le club est le lieu id\u00e9al pour se remettre en forme simplement et efficacement. En effet le muay tha\u00ef est un sport complet qui am\u00e9liore vos capacit\u00e9s cardiopulmonaires, d\u00e9veloppe votre souplesse et fait travailler l\u2019ensemble des [&hellip;]<\/p>\n","protected":false},"author":1,"featured_media":0,"parent":0,"menu_order":0,"comment_status":"closed","ping_status":"closed","template":"","meta":{"_bbp_topic_count":0,"_bbp_reply_count":0,"_bbp_total_topic_count":0,"_bbp_total_reply_count":0,"_bbp_voice_count":0,"_bbp_anonymous_reply_count":0,"_bbp_topic_count_hidden":0,"_bbp_reply_count_hidden":0,"_bbp_forum_subforum_count":0,"footnotes":""},"class_list":["post-154","page","type-page","status-publish","hentry"],"yoast_head":"<!-- This site is optimized with the Yoast SEO plugin v25.7 - https:\/\/yoast.com\/wordpress\/plugins\/seo\/ -->\n<title>Coaching mental pour sportif<\/title>\n<meta name=\"description\" content=\"Les services propos\u00e9s par le club : le coaching mental pour sportif, le coaching individuel, les stages et master classes\" \/>\n<meta name=\"robots\" content=\"index, follow, max-snippet:-1, max-image-preview:large, max-video-preview:-1\" \/>\n<link rel=\"canonical\" href=\"https:\/\/csebboxethai.com\/index.php\/coaching-mental-pour-sportif\/\" \/>\n<meta property=\"og:locale\" content=\"fr_FR\" \/>\n<meta property=\"og:type\" content=\"article\" \/>\n<meta property=\"og:title\" content=\"Coaching mental pour sportif\" \/>\n<meta property=\"og:description\" content=\"Les services propos\u00e9s par le club : le coaching mental pour sportif, le coaching individuel, les stages et master classes\" \/>\n<meta property=\"og:url\" content=\"https:\/\/csebboxethai.com\/index.php\/coaching-mental-pour-sportif\/\" \/>\n<meta property=\"og:site_name\" content=\"CSEB Boxe Tha\u00ef\" \/>\n<meta property=\"article:modified_time\" content=\"2023-10-04T13:42:22+00:00\" \/>\n<meta name=\"twitter:card\" content=\"summary_large_image\" \/>\n<meta name=\"twitter:label1\" content=\"Dur\u00e9e de lecture estim\u00e9e\" \/>\n\t<meta name=\"twitter:data1\" content=\"2 minutes\" \/>\n<script type=\"application\/ld+json\" class=\"yoast-schema-graph\">{\"@context\":\"https:\/\/schema.org\",\"@graph\":[{\"@type\":\"WebPage\",\"@id\":\"https:\/\/csebboxethai.com\/index.php\/coaching-mental-pour-sportif\/\",\"url\":\"https:\/\/csebboxethai.com\/index.php\/coaching-mental-pour-sportif\/\",\"name\":\"Coaching mental pour sportif\",\"isPartOf\":{\"@id\":\"https:\/\/csebboxethai.com\/#website\"},\"datePublished\":\"2023-09-25T13:50:18+00:00\",\"dateModified\":\"2023-10-04T13:42:22+00:00\",\"description\":\"Les services propos\u00e9s par le club : le coaching mental pour sportif, le coaching individuel, les stages et master classes\",\"breadcrumb\":{\"@id\":\"https:\/\/csebboxethai.com\/index.php\/coaching-mental-pour-sportif\/#breadcrumb\"},\"inLanguage\":\"fr-FR\",\"potentialAction\":[{\"@type\":\"ReadAction\",\"target\":[\"https:\/\/csebboxethai.com\/index.php\/coaching-mental-pour-sportif\/\"]}]},{\"@type\":\"BreadcrumbList\",\"@id\":\"https:\/\/csebboxethai.com\/index.php\/coaching-mental-pour-sportif\/#breadcrumb\",\"itemListElement\":[{\"@type\":\"ListItem\",\"position\":1,\"name\":\"Accueil\",\"item\":\"https:\/\/csebboxethai.com\/\"},{\"@type\":\"ListItem\",\"position\":2,\"name\":\"Les services propos\u00e9s par le club\"}]},{\"@type\":\"WebSite\",\"@id\":\"https:\/\/csebboxethai.com\/#website\",\"url\":\"https:\/\/csebboxethai.com\/\",\"name\":\"CSEB Boxe Tha\u00ef\",\"description\":\"Le club de Boxe tha\u00ef dans le 17 \u00e8me arrondissement de Paris\",\"publisher\":{\"@id\":\"https:\/\/csebboxethai.com\/#organization\"},\"potentialAction\":[{\"@type\":\"SearchAction\",\"target\":{\"@type\":\"EntryPoint\",\"urlTemplate\":\"https:\/\/csebboxethai.com\/?s={search_term_string}\"},\"query-input\":{\"@type\":\"PropertyValueSpecification\",\"valueRequired\":true,\"valueName\":\"search_term_string\"}}],\"inLanguage\":\"fr-FR\"},{\"@type\":[\"Organization\",\"Place\"],\"@id\":\"https:\/\/csebboxethai.com\/#organization\",\"name\":\"CSEB Boxe Tha\u00ef\",\"url\":\"https:\/\/csebboxethai.com\/\",\"logo\":{\"@id\":\"https:\/\/csebboxethai.com\/index.php\/coaching-mental-pour-sportif\/#local-main-organization-logo\"},\"image\":{\"@id\":\"https:\/\/csebboxethai.com\/index.php\/coaching-mental-pour-sportif\/#local-main-organization-logo\"},\"openingHoursSpecification\":[{\"@type\":\"OpeningHoursSpecification\",\"dayOfWeek\":[\"Monday\",\"Tuesday\",\"Wednesday\",\"Thursday\",\"Friday\",\"Saturday\",\"Sunday\"],\"opens\":\"09:00\",\"closes\":\"17:00\"}]},{\"@type\":\"ImageObject\",\"inLanguage\":\"fr-FR\",\"@id\":\"https:\/\/csebboxethai.com\/index.php\/coaching-mental-pour-sportif\/#local-main-organization-logo\",\"url\":\"https:\/\/csebboxethai.com\/wp-content\/uploads\/2019\/10\/cropped-logo-cseb.jpg\",\"contentUrl\":\"https:\/\/csebboxethai.com\/wp-content\/uploads\/2019\/10\/cropped-logo-cseb.jpg\",\"width\":512,\"height\":512,\"caption\":\"CSEB Boxe Tha\u00ef\"}]}<\/script>\n<!-- \/ Yoast SEO plugin. -->","yoast_head_json":{"title":"Coaching mental pour sportif","description":"Les services propos\u00e9s par le club : le coaching mental pour sportif, le coaching individuel, les stages et master classes","robots":{"index":"index","follow":"follow","max-snippet":"max-snippet:-1","max-image-preview":"max-image-preview:large","max-video-preview":"max-video-preview:-1"},"canonical":"https:\/\/csebboxethai.com\/index.php\/coaching-mental-pour-sportif\/","og_locale":"fr_FR","og_type":"article","og_title":"Coaching mental pour sportif","og_description":"Les services propos\u00e9s par le club : le coaching mental pour sportif, le coaching individuel, les stages et master classes","og_url":"https:\/\/csebboxethai.com\/index.php\/coaching-mental-pour-sportif\/","og_site_name":"CSEB Boxe Tha\u00ef","article_modified_time":"2023-10-04T13:42:22+00:00","twitter_card":"summary_large_image","twitter_misc":{"Dur\u00e9e de lecture estim\u00e9e":"2 minutes"},"schema":{"@context":"https:\/\/schema.org","@graph":[{"@type":"WebPage","@id":"https:\/\/csebboxethai.com\/index.php\/coaching-mental-pour-sportif\/","url":"https:\/\/csebboxethai.com\/index.php\/coaching-mental-pour-sportif\/","name":"Coaching mental pour sportif","isPartOf":{"@id":"https:\/\/csebboxethai.com\/#website"},"datePublished":"2023-09-25T13:50:18+00:00","dateModified":"2023-10-04T13:42:22+00:00","description":"Les services propos\u00e9s par le club : le coaching mental pour sportif, le coaching individuel, les stages et master classes","breadcrumb":{"@id":"https:\/\/csebboxethai.com\/index.php\/coaching-mental-pour-sportif\/#breadcrumb"},"inLanguage":"fr-FR","potentialAction":[{"@type":"ReadAction","target":["https:\/\/csebboxethai.com\/index.php\/coaching-mental-pour-sportif\/"]}]},{"@type":"BreadcrumbList","@id":"https:\/\/csebboxethai.com\/index.php\/coaching-mental-pour-sportif\/#breadcrumb","itemListElement":[{"@type":"ListItem","position":1,"name":"Accueil","item":"https:\/\/csebboxethai.com\/"},{"@type":"ListItem","position":2,"name":"Les services propos\u00e9s par le club"}]},{"@type":"WebSite","@id":"https:\/\/csebboxethai.com\/#website","url":"https:\/\/csebboxethai.com\/","name":"CSEB Boxe Tha\u00ef","description":"Le club de Boxe tha\u00ef dans le 17 \u00e8me arrondissement de Paris","publisher":{"@id":"https:\/\/csebboxethai.com\/#organization"},"potentialAction":[{"@type":"SearchAction","target":{"@type":"EntryPoint","urlTemplate":"https:\/\/csebboxethai.com\/?s={search_term_string}"},"query-input":{"@type":"PropertyValueSpecification","valueRequired":true,"valueName":"search_term_string"}}],"inLanguage":"fr-FR"},{"@type":["Organization","Place"],"@id":"https:\/\/csebboxethai.com\/#organization","name":"CSEB Boxe Tha\u00ef","url":"https:\/\/csebboxethai.com\/","logo":{"@id":"https:\/\/csebboxethai.com\/index.php\/coaching-mental-pour-sportif\/#local-main-organization-logo"},"image":{"@id":"https:\/\/csebboxethai.com\/index.php\/coaching-mental-pour-sportif\/#local-main-organization-logo"},"openingHoursSpecification":[{"@type":"OpeningHoursSpecification","dayOfWeek":["Monday","Tuesday","Wednesday","Thursday","Friday","Saturday","Sunday"],"opens":"09:00","closes":"17:00"}]},{"@type":"ImageObject","inLanguage":"fr-FR","@id":"https:\/\/csebboxethai.com\/index.php\/coaching-mental-pour-sportif\/#local-main-organization-logo","url":"https:\/\/csebboxethai.com\/wp-content\/uploads\/2019\/10\/cropped-logo-cseb.jpg","contentUrl":"https:\/\/csebboxethai.com\/wp-content\/uploads\/2019\/10\/cropped-logo-cseb.jpg","width":512,"height":512,"caption":"CSEB Boxe Tha\u00ef"}]}},"_links":{"self":[{"href":"https:\/\/csebboxethai.com\/index.php\/wp-json\/wp\/v2\/pages\/154","targetHints":{"allow":["GET"]}}],"collection":[{"href":"https:\/\/csebboxethai.com\/index.php\/wp-json\/wp\/v2\/pages"}],"about":[{"href":"https:\/\/csebboxethai.com\/index.php\/wp-json\/wp\/v2\/types\/page"}],"author":[{"embeddable":true,"href":"https:\/\/csebboxethai.com\/index.php\/wp-json\/wp\/v2\/users\/1"}],"replies":[{"embeddable":true,"href":"https:\/\/csebboxethai.com\/index.php\/wp-json\/wp\/v2\/comments?post=154"}],"version-history":[{"count":0,"href":"https:\/\/csebboxethai.com\/index.php\/wp-json\/wp\/v2\/pages\/154\/revisions"}],"wp:attachment":[{"href":"https:\/\/csebboxethai.com\/index.php\/wp-json\/wp\/v2\/media?parent=154"}],"curies":[{"name":"wp","href":"https:\/\/api.w.org\/{rel}","templated":true}]}}