{"id":155,"date":"2023-09-29T11:41:01","date_gmt":"2023-09-29T09:41:01","guid":{"rendered":"https:\/\/csebboxethai.com\/?page_id=155"},"modified":"2023-10-04T12:51:15","modified_gmt":"2023-10-04T10:51:15","slug":"les-difference-avec-les-autres-boxes","status":"publish","type":"page","link":"https:\/\/csebboxethai.com\/index.php\/les-difference-avec-les-autres-boxes\/","title":{"rendered":"Les diff\u00e9rences avec les autres boxes"},"content":{"rendered":"<p>[vc_row][vc_column][vc_column_text]<\/p>\r\n<p>Il est int\u00e9ressant d&#8217;expliquer ici les diff\u00e9rences entre les nombreuses boxes qui existent. C&#8217;est en effet une question qui revient tr\u00e8s souvent car les gens ne connaissent pas tr\u00e8s bien notre sport.<\/p>\r\n\r\n<h2><a href=\"https:\/\/www.ffboxe.com\/\">La boxe anglaise<\/a><\/h2>\r\n\r\n<p>C&#8217;est assur\u00e9ment la plus connue. Elle n&#8217;utilise que les poings pour frapper. C&#8217;est la boxe de Mohamed-Ali, Floyd Mayweather et Mike Tyson pour n&#8217;en citer que quelqu\u2019uns. Les boxeurs portent un short long.<\/p>\r\n\r\n<h2><a href=\"https:\/\/www.ffsavate.com\/\">La boxe fran\u00e7aise<\/a><\/h2>\r\n\r\n<p> Aussi appel\u00e9e savate, elle utilise les jambes en plus des poings. Les coups de pieds doivent obligatoirement \u00eatre arm\u00e9s (l&#8217;avant-jambe est repli\u00e9e avant d&#8217;\u00eatre d\u00e9tendue pour frapper). Les combattants portent en g\u00e9n\u00e9ral une combinaison pr\u00e9s du corps ou un ensemble pantalon plus t-shirt pour pratiquer et combattre.<\/p>\r\n\r\n<h2><a href=\"https:\/\/www.fscfrance.fr\/boxes-pieds-poings\/full-contact\/\">Le full-contact <\/a><\/h2>\r\n\r\n<p>Ou boxe am\u00e9ricaine vient du Karat\u00e9. Cr\u00e9\u00e9 dans les ann\u00e9es 60, on en reconna\u00eet facilement les combattants, car il porte un pantalon en satin. Il s&#8217;agit d&#8217;une boxe pieds\/poings o\u00f9 les coups de pieds sous la ceinture sont interdits \u00e0 l&#8217;exception des balayages. Il faut obligatoirement un minimum de 8 coups de pieds valid\u00e9s au cours d&#8217;un round. Si ce quota n&#8217;est pas atteint, le boxeur doit le rattraper au round suivant sous peine de disqualification.<\/p>\r\n\r\n<h2><a href=\"https:\/\/www.ffkmda.com\/disciplines\/kickboxing\/disciplines-kickboxing\/\">Le kick-boxing<\/a><\/h2>\r\n\r\n<p>Comme nous l&#8217;avons vu sur la page relative aux <a href=\"https:\/\/csebboxethai.com\/index.php\/histoire-boxe-thailandaise\/\">origines de la boxe tha\u00ef<\/a>, il existe plusieurs variantes. Dans le kick-boxing am\u00e9ricain, l&#8217;emploi des coudes, genoux et saisies sont interdits (c&#8217;est celui que l&#8217;on peut voir notamment dans le championnat Glory). Le kick-boxing japonais autorise les coups de genoux sans saisies (comme dans les comp\u00e9titions du K-1). Le reste des techniques est en grande part identique. En kick-boxing, on frappe aussi avec le tibia en plus du pied. Les combattants portent un short. La grosse diff\u00e9rence avec la boxe tha\u00ef est que les coups de coude et les projections sont interdites.<\/p>\r\n\r\n<h2><a href=\"https:\/\/www.ffkmda.com\/disciplines\/muaythai\/disciplines-muaythai\/\">La boxe tha\u00ef<\/a><\/h2>\r\n<p>rajoute donc les coudes, le travail au corps-\u00e0-corps, les saisies, et les projections. C&#8217;est le sport le plus complet par rapport \u00e0 tout ceux cit\u00e9s plus haut. Les combattants portent des short (normalement en satin) facile \u00e0 identifier.<\/p>\r\n\r\n<h2><a href=\"https:\/\/fr.wikipedia.org\/wiki\/Boxe_cambodgienne\">Le kun khmer<\/a><\/h2>\r\n\r\n<p>Egalement appel\u00e9 pradal serey et son anc\u00eatre le <a href=\"https:\/\/fr.wikipedia.org\/wiki\/Bokator\">bokator <\/a>(l&#8217;\u00e9quivalent khmer du <a href=\"https:\/\/fr.wikipedia.org\/wiki\/Muay_boran\">muay boran<\/a> donc lui aussi pens\u00e9 pour les champs de bataille) viennent du Cambodge. Le <a href=\"https:\/\/fr.wikipedia.org\/wiki\/Boxe_birmane\">bahma letwei<\/a> (Birmanie) ou le <a href=\"https:\/\/fr.wikipedia.org\/wiki\/Muay_Lao\">muay lao <\/a>(Laos) sont autant de variantes r\u00e9gionales et historiques de la boxe tha\u00ef. Tous d\u00e9coulent d&#8217;un anc\u00eatre commun non identifi\u00e9 comme nous l&#8217;avons d\u00e9j\u00e0 dit. Il est souvent difficile de voir les diff\u00e9rences avec les autres boxes \u00e0 l\u2019\u0153il nue. Surtout sans \u00e9l\u00e9ment contextuel comme le lieu ou la nationalit\u00e9 des combattants.<\/p>\r\n\r\n<p>Certains de ses arts martiaux ont gard\u00e9 quelques techniques qui permettent pour l&#8217;un ou pour l&#8217;autre : les coups de t\u00eate, les d\u00e9placements en triangle (notamment les plus anciens), des projections sp\u00e9cifiques, des cl\u00e9s, du travail ou des amen\u00e9s au sol. Les tenues sont souvent proches et ne diff\u00e8rent parfois que par la couleur du pantalon (bokator et muay boran), le port de cordes pour prot\u00e9ger les mains les sports anciens ou de gants pour les boxes modernes. Vouloir faire une diff\u00e9rence pour un non initi\u00e9 \u00e0 l&#8217;un de ces sports est une gageure. Ceci dit, ils sont tous assez confidentiels&#8230; La boxe tha\u00ef, m\u00eame si elle reste toujours assez peu retransmise \u00e0 la t\u00e9l\u00e9vision, est la plus connue et la plus populaire de ces &#8220;boxes&#8221; d&#8217;asie du sud est.<\/p>\r\n\r\n<h2><a href=\"https:\/\/fr.wikipedia.org\/wiki\/Arts_martiaux_mixtes\">MMA<\/a><\/h2>\r\n\r\n<p> A proprement parler, ce sport n&#8217;est pas une boxe, mais comme son nom l&#8217;indique un m\u00e9lange de diff\u00e9rents arts martiaux. \u00c0 l&#8217;origine, il s&#8217;agissait de comp\u00e9tition inter sports. Puis, au fur et \u00e0 mesure, un certain nombre de sport ont montr\u00e9 leur sup\u00e9riorit\u00e9 et sont devenus des passages oblig\u00e9s.<\/p>\r\n\r\n<p>Pour la partie pieds\/poings, les combattants de MMA utilise g\u00e9n\u00e9ralement boxe tha\u00ef et pour la partie au sol, le Jiu Jitsu br\u00e9silien et la lutte. Il n&#8217;y a pas r\u00e9ellement de tenue de combat officiel du fait des origines de ce sport. Selon les organismes, les r\u00e8gles et le lieu du combat peuvent \u00eatre l\u00e9g\u00e8rement diff\u00e9rents. Les combats peuvent avoir lieu dans une cage octogonale par exemple. C&#8217;est le sport par rapport \u00e0 ceux cit\u00e9 pr\u00e9c\u00e9demment qui autorise les amen\u00e9s au sol et le travail au sol.<\/p>\r\n<p><span id=\"p97\">Voil\u00e0 vous connaissez maintenant les diff\u00e9rences avec les autres boxes et ces sports n&#8217;ont plus aucun secret pour vous.<\/span><\/p>\r\n<p>[\/vc_column_text][\/vc_column][\/vc_row]<\/p>","protected":false},"excerpt":{"rendered":"<p>[vc_row][vc_column][vc_column_text] Il est int\u00e9ressant d&#8217;expliquer ici les diff\u00e9rences entre les nombreuses boxes qui existent. C&#8217;est en effet une question qui revient tr\u00e8s souvent car les gens ne connaissent pas tr\u00e8s bien notre sport. La boxe anglaise C&#8217;est assur\u00e9ment la plus connue. Elle n&#8217;utilise que les poings pour frapper. C&#8217;est la boxe de Mohamed-Ali, Floyd Mayweather et Mike Tyson pour n&#8217;en [&hellip;]<\/p>\n","protected":false},"author":1,"featured_media":0,"parent":0,"menu_order":0,"comment_status":"closed","ping_status":"closed","template":"","meta":{"_bbp_topic_count":0,"_bbp_reply_count":0,"_bbp_total_topic_count":0,"_bbp_total_reply_count":0,"_bbp_voice_count":0,"_bbp_anonymous_reply_count":0,"_bbp_topic_count_hidden":0,"_bbp_reply_count_hidden":0,"_bbp_forum_subforum_count":0,"footnotes":""},"class_list":["post-155","page","type-page","status-publish","hentry"],"yoast_head":"<!-- This site is optimized with the Yoast SEO plugin v25.7 - https:\/\/yoast.com\/wordpress\/plugins\/seo\/ -->\n<title>Les diff\u00e9rences avec les autres boxes - CSEB Boxe Tha\u00ef<\/title>\n<meta name=\"description\" content=\"Une des premi\u00e8res questions que l&#039;on pose aux nak muays est &quot;quelles sont les diff\u00e9rences avec les autres boxes&quot;. voici la r\u00e9ponse !\" \/>\n<meta name=\"robots\" content=\"index, follow, max-snippet:-1, max-image-preview:large, max-video-preview:-1\" \/>\n<link rel=\"canonical\" href=\"https:\/\/csebboxethai.com\/index.php\/les-difference-avec-les-autres-boxes\/\" \/>\n<meta property=\"og:locale\" content=\"fr_FR\" \/>\n<meta property=\"og:type\" content=\"article\" \/>\n<meta property=\"og:title\" content=\"Les diff\u00e9rences avec les autres boxes - CSEB Boxe Tha\u00ef\" \/>\n<meta property=\"og:description\" content=\"Une des premi\u00e8res questions que l&#039;on pose aux nak muays est &quot;quelles sont les diff\u00e9rences avec les autres boxes&quot;. voici la r\u00e9ponse !\" \/>\n<meta property=\"og:url\" content=\"https:\/\/csebboxethai.com\/index.php\/les-difference-avec-les-autres-boxes\/\" \/>\n<meta property=\"og:site_name\" content=\"CSEB Boxe Tha\u00ef\" \/>\n<meta property=\"article:modified_time\" content=\"2023-10-04T10:51:15+00:00\" \/>\n<meta name=\"twitter:card\" content=\"summary_large_image\" \/>\n<meta name=\"twitter:label1\" content=\"Dur\u00e9e de lecture estim\u00e9e\" \/>\n\t<meta name=\"twitter:data1\" content=\"4 minutes\" \/>\n<script type=\"application\/ld+json\" class=\"yoast-schema-graph\">{\"@context\":\"https:\/\/schema.org\",\"@graph\":[{\"@type\":\"WebPage\",\"@id\":\"https:\/\/csebboxethai.com\/index.php\/les-difference-avec-les-autres-boxes\/\",\"url\":\"https:\/\/csebboxethai.com\/index.php\/les-difference-avec-les-autres-boxes\/\",\"name\":\"Les diff\u00e9rences avec les autres boxes - CSEB Boxe Tha\u00ef\",\"isPartOf\":{\"@id\":\"https:\/\/csebboxethai.com\/#website\"},\"datePublished\":\"2023-09-29T09:41:01+00:00\",\"dateModified\":\"2023-10-04T10:51:15+00:00\",\"description\":\"Une des premi\u00e8res questions que l'on pose aux nak muays est \\\"quelles sont les diff\u00e9rences avec les autres boxes\\\". voici la r\u00e9ponse !\",\"breadcrumb\":{\"@id\":\"https:\/\/csebboxethai.com\/index.php\/les-difference-avec-les-autres-boxes\/#breadcrumb\"},\"inLanguage\":\"fr-FR\",\"potentialAction\":[{\"@type\":\"ReadAction\",\"target\":[\"https:\/\/csebboxethai.com\/index.php\/les-difference-avec-les-autres-boxes\/\"]}]},{\"@type\":\"BreadcrumbList\",\"@id\":\"https:\/\/csebboxethai.com\/index.php\/les-difference-avec-les-autres-boxes\/#breadcrumb\",\"itemListElement\":[{\"@type\":\"ListItem\",\"position\":1,\"name\":\"Accueil\",\"item\":\"https:\/\/csebboxethai.com\/\"},{\"@type\":\"ListItem\",\"position\":2,\"name\":\"Les diff\u00e9rences avec les autres boxes\"}]},{\"@type\":\"WebSite\",\"@id\":\"https:\/\/csebboxethai.com\/#website\",\"url\":\"https:\/\/csebboxethai.com\/\",\"name\":\"CSEB Boxe Tha\u00ef\",\"description\":\"Le club de Boxe tha\u00ef dans le 17 \u00e8me arrondissement de Paris\",\"publisher\":{\"@id\":\"https:\/\/csebboxethai.com\/#organization\"},\"potentialAction\":[{\"@type\":\"SearchAction\",\"target\":{\"@type\":\"EntryPoint\",\"urlTemplate\":\"https:\/\/csebboxethai.com\/?s={search_term_string}\"},\"query-input\":{\"@type\":\"PropertyValueSpecification\",\"valueRequired\":true,\"valueName\":\"search_term_string\"}}],\"inLanguage\":\"fr-FR\"},{\"@type\":[\"Organization\",\"Place\"],\"@id\":\"https:\/\/csebboxethai.com\/#organization\",\"name\":\"CSEB Boxe Tha\u00ef\",\"url\":\"https:\/\/csebboxethai.com\/\",\"logo\":{\"@id\":\"https:\/\/csebboxethai.com\/index.php\/les-difference-avec-les-autres-boxes\/#local-main-organization-logo\"},\"image\":{\"@id\":\"https:\/\/csebboxethai.com\/index.php\/les-difference-avec-les-autres-boxes\/#local-main-organization-logo\"},\"openingHoursSpecification\":[{\"@type\":\"OpeningHoursSpecification\",\"dayOfWeek\":[\"Monday\",\"Tuesday\",\"Wednesday\",\"Thursday\",\"Friday\",\"Saturday\",\"Sunday\"],\"opens\":\"09:00\",\"closes\":\"17:00\"}]},{\"@type\":\"ImageObject\",\"inLanguage\":\"fr-FR\",\"@id\":\"https:\/\/csebboxethai.com\/index.php\/les-difference-avec-les-autres-boxes\/#local-main-organization-logo\",\"url\":\"https:\/\/csebboxethai.com\/wp-content\/uploads\/2019\/10\/cropped-logo-cseb.jpg\",\"contentUrl\":\"https:\/\/csebboxethai.com\/wp-content\/uploads\/2019\/10\/cropped-logo-cseb.jpg\",\"width\":512,\"height\":512,\"caption\":\"CSEB Boxe Tha\u00ef\"}]}<\/script>\n<!-- \/ Yoast SEO plugin. -->","yoast_head_json":{"title":"Les diff\u00e9rences avec les autres boxes - CSEB Boxe Tha\u00ef","description":"Une des premi\u00e8res questions que l'on pose aux nak muays est \"quelles sont les diff\u00e9rences avec les autres boxes\". voici la r\u00e9ponse !","robots":{"index":"index","follow":"follow","max-snippet":"max-snippet:-1","max-image-preview":"max-image-preview:large","max-video-preview":"max-video-preview:-1"},"canonical":"https:\/\/csebboxethai.com\/index.php\/les-difference-avec-les-autres-boxes\/","og_locale":"fr_FR","og_type":"article","og_title":"Les diff\u00e9rences avec les autres boxes - CSEB Boxe Tha\u00ef","og_description":"Une des premi\u00e8res questions que l'on pose aux nak muays est \"quelles sont les diff\u00e9rences avec les autres boxes\". voici la r\u00e9ponse !","og_url":"https:\/\/csebboxethai.com\/index.php\/les-difference-avec-les-autres-boxes\/","og_site_name":"CSEB Boxe Tha\u00ef","article_modified_time":"2023-10-04T10:51:15+00:00","twitter_card":"summary_large_image","twitter_misc":{"Dur\u00e9e de lecture estim\u00e9e":"4 minutes"},"schema":{"@context":"https:\/\/schema.org","@graph":[{"@type":"WebPage","@id":"https:\/\/csebboxethai.com\/index.php\/les-difference-avec-les-autres-boxes\/","url":"https:\/\/csebboxethai.com\/index.php\/les-difference-avec-les-autres-boxes\/","name":"Les diff\u00e9rences avec les autres boxes - CSEB Boxe Tha\u00ef","isPartOf":{"@id":"https:\/\/csebboxethai.com\/#website"},"datePublished":"2023-09-29T09:41:01+00:00","dateModified":"2023-10-04T10:51:15+00:00","description":"Une des premi\u00e8res questions que l'on pose aux nak muays est \"quelles sont les diff\u00e9rences avec les autres boxes\". voici la r\u00e9ponse !","breadcrumb":{"@id":"https:\/\/csebboxethai.com\/index.php\/les-difference-avec-les-autres-boxes\/#breadcrumb"},"inLanguage":"fr-FR","potentialAction":[{"@type":"ReadAction","target":["https:\/\/csebboxethai.com\/index.php\/les-difference-avec-les-autres-boxes\/"]}]},{"@type":"BreadcrumbList","@id":"https:\/\/csebboxethai.com\/index.php\/les-difference-avec-les-autres-boxes\/#breadcrumb","itemListElement":[{"@type":"ListItem","position":1,"name":"Accueil","item":"https:\/\/csebboxethai.com\/"},{"@type":"ListItem","position":2,"name":"Les diff\u00e9rences avec les autres boxes"}]},{"@type":"WebSite","@id":"https:\/\/csebboxethai.com\/#website","url":"https:\/\/csebboxethai.com\/","name":"CSEB Boxe Tha\u00ef","description":"Le club de Boxe tha\u00ef dans le 17 \u00e8me arrondissement de Paris","publisher":{"@id":"https:\/\/csebboxethai.com\/#organization"},"potentialAction":[{"@type":"SearchAction","target":{"@type":"EntryPoint","urlTemplate":"https:\/\/csebboxethai.com\/?s={search_term_string}"},"query-input":{"@type":"PropertyValueSpecification","valueRequired":true,"valueName":"search_term_string"}}],"inLanguage":"fr-FR"},{"@type":["Organization","Place"],"@id":"https:\/\/csebboxethai.com\/#organization","name":"CSEB Boxe Tha\u00ef","url":"https:\/\/csebboxethai.com\/","logo":{"@id":"https:\/\/csebboxethai.com\/index.php\/les-difference-avec-les-autres-boxes\/#local-main-organization-logo"},"image":{"@id":"https:\/\/csebboxethai.com\/index.php\/les-difference-avec-les-autres-boxes\/#local-main-organization-logo"},"openingHoursSpecification":[{"@type":"OpeningHoursSpecification","dayOfWeek":["Monday","Tuesday","Wednesday","Thursday","Friday","Saturday","Sunday"],"opens":"09:00","closes":"17:00"}]},{"@type":"ImageObject","inLanguage":"fr-FR","@id":"https:\/\/csebboxethai.com\/index.php\/les-difference-avec-les-autres-boxes\/#local-main-organization-logo","url":"https:\/\/csebboxethai.com\/wp-content\/uploads\/2019\/10\/cropped-logo-cseb.jpg","contentUrl":"https:\/\/csebboxethai.com\/wp-content\/uploads\/2019\/10\/cropped-logo-cseb.jpg","width":512,"height":512,"caption":"CSEB Boxe Tha\u00ef"}]}},"_links":{"self":[{"href":"https:\/\/csebboxethai.com\/index.php\/wp-json\/wp\/v2\/pages\/155","targetHints":{"allow":["GET"]}}],"collection":[{"href":"https:\/\/csebboxethai.com\/index.php\/wp-json\/wp\/v2\/pages"}],"about":[{"href":"https:\/\/csebboxethai.com\/index.php\/wp-json\/wp\/v2\/types\/page"}],"author":[{"embeddable":true,"href":"https:\/\/csebboxethai.com\/index.php\/wp-json\/wp\/v2\/users\/1"}],"replies":[{"embeddable":true,"href":"https:\/\/csebboxethai.com\/index.php\/wp-json\/wp\/v2\/comments?post=155"}],"version-history":[{"count":0,"href":"https:\/\/csebboxethai.com\/index.php\/wp-json\/wp\/v2\/pages\/155\/revisions"}],"wp:attachment":[{"href":"https:\/\/csebboxethai.com\/index.php\/wp-json\/wp\/v2\/media?parent=155"}],"curies":[{"name":"wp","href":"https:\/\/api.w.org\/{rel}","templated":true}]}}