{"id":156,"date":"2023-09-25T15:49:43","date_gmt":"2023-09-25T13:49:43","guid":{"rendered":"https:\/\/csebboxethai.com\/?page_id=156"},"modified":"2023-10-04T14:46:49","modified_gmt":"2023-10-04T12:46:49","slug":"les-regles-de-la-boxe-thai","status":"publish","type":"page","link":"https:\/\/csebboxethai.com\/index.php\/les-regles-de-la-boxe-thai\/","title":{"rendered":"Les r\u00e8gles de la boxe tha\u00ef"},"content":{"rendered":"[vc_row][vc_column][vc_column_text font_size=&#8221;16&#8243;]\r\n\r\nVous voulez en savoir plus sur les r\u00e8gles de la boxe tha\u00ef ? On vous explique tout ou presque !\r\n\r\n<span id=\"p0\">Le principe est similaire \u00e0 celui de toutes <a href=\"https:\/\/csebboxethai.com\/index.php\/les-difference-avec-les-autres-boxes\/\">les boxes<\/a> :<\/span><span id=\"p1\"> deux combattants s&#8217;affrontent avec un \u00e9quipement et une tenue r\u00e9glementaire dans un ring.<\/span><span id=\"p2\"> Ils essaient de se frapper avec des techniques autoris\u00e9es afin de remporter le match.<\/span>\r\n\r\n<span id=\"p4\">La boxe tha\u00ef est aussi connue sous le nom de l&#8217;art des 8 membres.<\/span><span id=\"p5\"> Un <span id=\"217\" class=\"s-rg\">nak<\/span> <span id=\"218\" class=\"s-rg\">muay<\/span> <span id=\"p3\">(boxeur)<\/span> utilise donc les poings, les pieds, les coudes et les genoux pour taper.<\/span><span id=\"p6\"> Des saisies et le corps-\u00e0-corps avec des techniques de projection, de balayages et de cl\u00e9s compl\u00e8tent cet arsenal.<\/span>\r\n\r\n<span id=\"p289\">En ce qui concerne l&#8217;utilisation des jambes, le <span id=\"292\" class=\"s-rg\">muay<\/span> tha\u00ef est un des rares sports \u00e0 frapper avec les tibias <span id=\"p288\">(en plus du coup du pied, du talon et du plat du pied)<\/span>.<\/span><span id=\"p290\"> Avec cette technique, la jambe vient percuter avec la puissance d&#8217;une batte de baseball.<\/span><span id=\"p291\"> Outre la force de frappe, l&#8217;utilisation des tibias est aussi \u00e0 mettre en relation avec le fait que nous sommes <span id=\"293\" class=\"s-rg\">l&#8217;un<\/span> des rares arts <span id=\"294\" class=\"s-rg\">martiaux\/sports<\/span> de combat \u00e0 utiliser la parade tibiale.<\/span>\r\n\r\n<span id=\"p295\">Il est important de pr\u00e9ciser d\u00e8s maintenant que certaines r\u00e8gles varient en fonction des pays, des classes et des <span id=\"298\"><a href=\"https:\/\/www.afmt.fr\/afmt\/infos-pratiques\/les-documents-a-telecharger.html\">f\u00e9d\u00e9rations<\/a>, <\/span><\/span><span id=\"p296\"><span id=\"300\" class=\"s-rg\">notamment<\/span> les coups autoris\u00e9s, le comptage de points&#8230;<\/span><span id=\"p297\"> <\/span>\r\n\r\nVoici les r\u00e8gles de la boxe tha\u00ef qu&#8217;il faut connaitre pour combattre.\r\n<h2>Les r\u00e8gles de la boxe tha\u00ef hors combat<\/h2>\r\n<h3>Le ring<\/h3>\r\n<span id=\"p304\">Les combats se d\u00e9roulent toujours dans un ring carr\u00e9 <span id=\"p303\">(de <span id=\"307\">5X5<\/span> <span id=\"308\">m. ou<\/span> de <span id=\"309\">7&#215;7<\/span> m.)<\/span> avec un arbitre au centre et trois juges sur les c\u00f4t\u00e9s.<\/span><span id=\"p305\"> Le ring comporte deux coins neutres <span id=\"p302\">(en blanc)<\/span> et un coin de couleur <span id=\"p301\">(un bleu pour le challenger et un rouge pour le champion)<\/span> pour chacune des \u00e9quipes :<\/span><span id=\"p306\"> le boxeur a en g\u00e9n\u00e9ral derri\u00e8re lui son coach, un soigneur aussi appel\u00e9 \u00ab <span id=\"310\" class=\"s-rg\">cutman<\/span> \u00bb.<\/span>\r\n<h3>La tenue du nak muay<\/h3>\r\n<span id=\"p399\">Les combattants doivent se pr\u00e9senter dans la tenue officielle de la boxe :<\/span><span id=\"p400\"> c&#8217;est-\u00e0-dire torse-nu pour les hommes <span id=\"p398\">(les femmes portent en g\u00e9n\u00e9ral une brassi\u00e8re ou un t-shirt.)<\/span> et jambes nues.<\/span><span id=\"p401\"> Le nak muay peut porter des chevill\u00e8res pour combattre.<\/span><span id=\"p402\"> Le short doit \u00eatre un short de boxe tha\u00ef <span id=\"p397\">(il sera g\u00e9n\u00e9ralement de la couleur du coin du boxeur.)<\/span> et le port d&#8217;une coquille est autoris\u00e9 voire recommand\u00e9 <span id=\"p396\">(de m\u00eame que le prot\u00e8ge-dents)<\/span>.<\/span><span id=\"p403\"> Le boxeur peut garder ses <span id=\"405\" class=\"s-rg\">prajeets<\/span>, par contre, il est obligatoire de retirer le <span id=\"406\" class=\"s-rg\">mongkon<\/span> pour combattre.<\/span><span id=\"p404\"> Les mains sont prot\u00e9g\u00e9es par des bandes et des gants homologu\u00e9s. Il est demand\u00e9 d&#8217;avoir les ongles courts, les cheveux bien coiff\u00e9s et le visage proprement ras\u00e9 par respect pour l&#8217;adversaire.\r\n<\/span>\r\n<h3>Cat\u00e9gories de poids et classes<\/h3>\r\n<span id=\"p325\">Les combattants sont r\u00e9partis par cat\u00e9gories de poids <span id=\"p324\">(celles-ci varient selon les f\u00e9d\u00e9rations et les pays.)<\/span> :<\/span>\r\n<ul>\r\n \t<li><span id=\"p326\">Paille -47,5 kg<\/span><\/li>\r\n \t<li><span id=\"p327\">Mi-mouche -49 <span id=\"328\" class=\"s-bl\">kg<\/span> <\/span><\/li>\r\n \t<li><span id=\"p39\">Mouche <span id=\"p37\">&#8211;<\/span><span id=\"p38\">51 <span id=\"209\">kg <\/span>\r\n<\/span><\/span><\/li>\r\n \t<li><span id=\"p42\">Super-mouche <span id=\"p40\">&#8211;<\/span><span id=\"p41\">52,5 <span id=\"211\">kg<\/span>\r\n<\/span><\/span><\/li>\r\n \t<li><span id=\"p45\">Coqs <span id=\"p43\">&#8211;<\/span><span id=\"p44\">53,5 <span id=\"213\">kg <\/span>\r\n<\/span><\/span><\/li>\r\n \t<li><span id=\"p48\">Super-coqs <span id=\"p46\">&#8211;<\/span><span id=\"p47\">55,5 <span id=\"215\">kg <\/span>\r\n<\/span><\/span><\/li>\r\n \t<li><span id=\"p51\">Plumes <span id=\"p49\">&#8211;<\/span><span id=\"p50\">57,5 <span id=\"219\">kg<\/span><\/span><\/span><\/li>\r\n \t<li><span id=\"p54\">Super-plumes <span id=\"p52\">&#8211;<\/span><span id=\"p53\">59 <span id=\"221\">kg <\/span>\r\n<\/span><\/span><\/li>\r\n \t<li><span id=\"p57\">L\u00e9gers <span id=\"p55\">&#8211;<\/span><span id=\"p56\">61,5 <span id=\"223\">kg\r\n<\/span><\/span><\/span><\/li>\r\n \t<li><span id=\"p60\">Super-l\u00e9gers <span id=\"p58\">&#8211;<\/span><span id=\"p59\">63,5 <span id=\"225\">kg <\/span>\r\n<\/span><\/span><\/li>\r\n \t<li><span id=\"p63\">Welters <span id=\"p61\">&#8211;<\/span><span id=\"p62\">67 <span id=\"227\">kg<\/span><\/span> :<\/span><span id=\"p64\"> limite de poid au <span id=\"230\">Lumpini<\/span><\/span><\/li>\r\n \t<li><span id=\"p67\">Super-welters <span id=\"p65\">&#8211;<\/span><span id=\"p66\">70 <span id=\"231\">kg <\/span>\r\n<\/span><\/span><\/li>\r\n \t<li><span id=\"p70\">Moyens <span id=\"p68\">&#8211;<\/span><span id=\"p69\">72,5 <span id=\"233\">kg :<\/span><\/span><\/span><span id=\"p71\"> la cat\u00e9gorie limite au <span id=\"236\" class=\"s-bl\">Rajadamnoen<\/span><\/span><\/li>\r\n \t<li><span id=\"p72\">Poids super-moyens -75 kg <\/span><\/li>\r\n \t<li><span id=\"p73\">Poids mi-lourds -81 kg <\/span><\/li>\r\n \t<li><span id=\"p74\">Poids lourds l\u00e9gers -90 kg <\/span><\/li>\r\n \t<li><span id=\"p329\">Poids Lourds +90 kg <\/span><\/li>\r\n<\/ul>\r\n<span id=\"p333\">Les combattants sont \u00e9galement r\u00e9partis en classes <span id=\"p332\">(niveau)<\/span>.<\/span><span id=\"p334\"> En France, pour les seniors de 20 ans et plus, les classes vont de A <span id=\"p331\">(pro)<\/span> \u00e0 la classe D <span id=\"p391\">(pour les d\u00e9butants, combats avec protection compl\u00e8te y compris un plastron, un casque et des prot\u00e8ge-tibias)<\/span>.<\/span>\r\n\r\n<span id=\"p336\">En comp\u00e9tition, les combattants doivent appartenir \u00e0 la m\u00eame classe et \u00e0 la m\u00eame cat\u00e9gorie de poids pour pouvoir combattre.<\/span><span id=\"p337\"> Les pes\u00e9es en g\u00e9n\u00e9ral lieu le matin, le <span id=\"339\" class=\"s-rg\">nak<\/span> <span id=\"340\" class=\"s-rg\">muay<\/span> n&#8217;est pas dans la limite, il peut essayer de perdre du poids avant le combats.<\/span><span id=\"p338\"> S&#8217;il n&#8217;atteint pas le poids <span id=\"341\">requis<\/span>, les juges le d\u00e9clare alors forfait.<\/span>\r\n<h2>Les r\u00e8gles de la boxe tha\u00ef pendant un combat<\/h2>\r\n<h3><span id=\"p349\">D\u00e9roul\u00e9 d\u2019un combat<\/span><\/h3>\r\n<span id=\"p343\">Avant de combattre, il est obligatoire pour chaque combattant, en Tha\u00eflande, d&#8217;effectuer un <span id=\"345\" class=\"s-rg\">wai<\/span> <span id=\"346\" class=\"s-rg\">khru<\/span> <span id=\"347\" class=\"s-rg\">ram<\/span> <span id=\"348\" class=\"s-rg\">muay<\/span> qui est une courte c\u00e9r\u00e9monie en deux parties :<\/span><span id=\"p344\"> la salutation aux ma\u00eetres <span id=\"p342\">(ou aux anciens)<\/span> et une danse rituelle.<\/span>\r\n\r\n<span id=\"p351\">Chez les professionnels, un match est compos\u00e9 de 5 rounds qui durent 3 minutes chacun et sont s\u00e9par\u00e9s par 2 minutes de pause entre chaque round <span id=\"p350\">(en France, ce temps est d&#8217;1 minute 30 sec.)<\/span>.<\/span>\r\n\r\n<span id=\"p110\">Passons maintenant aux r\u00e8gles de la boxe tha\u00ef qui ont cours pendant un combat.<\/span>\r\n<h3><span id=\"p90\">Comment gagner ?<\/span><\/h3>\r\n<span id=\"p91\">Il y a plusieurs fa\u00e7ons de gagner :<\/span>\r\n<p style=\"padding-left: 40px;\"><span id=\"p92\">Par abandon\/forfait\/no <span id=\"252\">contest<\/span> dans les cas de ph\u00e9nom\u00e8nes impr\u00e9visibles ou d\u2019une blessure en d\u00e9but de combat.<\/span><\/p>\r\n\r\n<h4 style=\"padding-left: 40px;\"><span id=\"p93\"><span id=\"255\">Soit<\/span> par <span id=\"256\">K.O.<\/span> <\/span><\/h4>\r\n<p style=\"padding-left: 80px;\"><span id=\"p93\">Quand un des adversaires est inconscient.<\/span><span id=\"p94\"> Lorsqu\u2019un combattant se retrouve au sol, l\u2019arbitre ordonne \u00e0 son adversaire d\u2019aller dans le coin neutre, et commence imm\u00e9diatement \u00e0 compter de 1 \u00e0 10.<\/span><span id=\"p95\"> Quand le boxeur qui a envoy\u00e9 son adversaire \u00ab au tapis \u00bb n\u2019ob\u00e9it pas, l\u2019arbitre arr\u00eate de compter, et r\u00e9p\u00e8te son ordre.<\/span><span id=\"p96\"> Il attendra alors que le boxeur ait ob\u00e9i pour reprendre le compte des secondes.<\/span><\/p>\r\n<p style=\"padding-left: 120px;\"><span id=\"p98\">Si le boxeur tomb\u00e9 \u00e0 terre se rel\u00e8ve et peut reprendre avant d\u2019\u00eatre compt\u00e9 8, le combat continue.<\/span><span id=\"p99\"> Si le boxeur n\u2019est pas en \u00e9tat de poursuivre le combat <span id=\"p280\">(douleur, manque de lucidit\u00e9\u2026)<\/span>, l\u2019arbitre continue de compter jusqu\u2019\u00e0 10.<\/span><span id=\"p100\"> Si le boxeur qui est tomb\u00e9 \u00e0 terre se rel\u00e8ve avant d\u2019\u00eatre compt\u00e9 10, et tombe de nouveau, l\u2019arbitre recommence \u00e0 compter les secondes.<\/span><\/p>\r\n<p style=\"padding-left: 120px;\"><span id=\"p352\">Dans le cas o\u00f9 les deux boxeurs tomberaient \u00e0 terre en m\u00eame temps, l\u2019arbitre commence \u00e0 compter et ne s\u2019arr\u00eate pas si l\u2019un des deux se rel\u00e8ve.<\/span><span id=\"p353\"> Si aucun des deux boxeurs ne s\u2019est relev\u00e9 \u00e0 10, il d\u00e9clare le match nul.<\/span><\/p>\r\n<p style=\"padding-left: 120px;\"><span id=\"p407\">\u00c0 noter qu\u2019\u00e0 l\u2019exception du dernier round, la cloche ne sauve pas le boxeur du d\u00e9compte des secondes.<\/span><\/p>\r\n<p style=\"padding-left: 120px;\"><span id=\"p408\">\u00c9videmment, le boxeur, qui se tient toujours debout et en \u00e9tat de combattre, \u00e0 la fin du compte des secondes, sera d\u00e9clar\u00e9 vainqueur.<\/span><\/p>\r\n<p style=\"padding-left: 80px;\"><span id=\"p411\">Le <span id=\"414\" class=\"s-bl\">K.O. technique<\/span> <span id=\"p410\">(<span id=\"413\" class=\"s-bl\">T.K.O<\/span>)<\/span> L&#8217;adversaire se retrouve dans l&#8217;impossibilit\u00e9 physique de continuer \u00e0 combattre.<\/span><span id=\"p412\"> Soit la blessure emp\u00eache directement le boxeur et celui-ci abandonne, soit l&#8217;arbitre ou le m\u00e9decin prend une d\u00e9cision pour prot\u00e9ger le combattant <span id=\"p409\">(plaies \u00e0 la t\u00eate saignant abondamment, luxation ou fracture par exemple)<\/span><\/span><\/p>\r\n\r\n<h4><span id=\"p363\">Soit, s&#8217;il n&#8217;y a pas eu de <span id=\"364\" class=\"s-rg\">K.O.<\/span> :<\/span><\/h4>\r\n<h4 style=\"padding-left: 40px;\"><span id=\"p415\">Aux points :<\/span><span id=\"p416\"> <\/span><\/h4>\r\n<p style=\"padding-left: 80px;\"><span id=\"p416\">En Tha\u00eflande, chaque coup a une valeur et permet de gagner un certain nombre de points.<\/span><span id=\"p417\"> En Europe, on compare l&#8217;ensemble de la prestation des combattants sur certains crit\u00e8res pendant chaque round.<\/span><span id=\"p418\"> Nous n&#8217;entrerons pas dans le d\u00e9tail du comptage de point en France et en Tha\u00eflande, car ce sujet est tr\u00e8s complexe.<\/span><span id=\"p419\"> Il varie en fonction des f\u00e9d\u00e9rations en Europe, ou des <span id=\"421\" class=\"s-rg\">stadiums<\/span> en Tha\u00eflande.<\/span><span id=\"p420\"> De plus, si l&#8217;heure semble \u00eatre \u00e0 la convergence, celle-ci est encore loin d&#8217;\u00eatre effective et le comptage des points \u00e0 changer derni\u00e8rement en Tha\u00eflande pour influer les d\u00e9roul\u00e9s des combats.<\/span><span id=\"p371\"> Pour simplifier en Europe, les choses fonctionnent de la mani\u00e8re suivante :<\/span><span id=\"p372\"> <\/span><\/p>\r\n\r\n<h4 style=\"padding-left: 40px;\"><span id=\"p375\">Sur d\u00e9cision rendue par les juges<\/span><\/h4>\r\n<p style=\"padding-left: 80px;\"><span id=\"p376\"><span id=\"378\" class=\"s-rg\">\u00e0<\/span> l\u2019unanimit\u00e9 :<\/span><span id=\"p377\"> 3 votes favorables ;<\/span><\/p>\r\n<p style=\"padding-left: 80px;\"><span id=\"p122\"><span id=\"176\" class=\"s-rg\">\u00e0<\/span> la majorit\u00e9 :<\/span><span id=\"p123\"> 2 votes favorables et un contraire ;<\/span><\/p>\r\n<p style=\"padding-left: 80px;\"><span id=\"p124\"><span id=\"177\" class=\"s-rg\">si<\/span> les avis des juges sont tous discordants, il y a alors match nul.<\/span><span id=\"p125\"> <\/span><\/p>\r\n<p style=\"padding-left: 80px;\"><span id=\"p126\">Enfin, si les 2 boxeurs combattent de mani\u00e8re incorrecte ou \u00e9vitent l\u2019affrontement et que 2 juges sur 3 le demande \u00e0 l&#8217;arbitre. ce dernier peut prononcer le match nul.\r\n<\/span><\/p>\r\n\r\n<h3><span id=\"p127\">Les irr\u00e9gularit\u00e9s<\/span><\/h3>\r\n<span id=\"p128\">L\u2019arbitre peut retirer un point pour chacune de ces irr\u00e9gularit\u00e9s :<\/span>\r\n<ul>\r\n \t<li><span id=\"p131\">Frapper l\u2019adversaire quand il est \u00e0 terre <span id=\"p129\">(un genou ou une main au sol)<\/span>, lorsqu\u2019il est en train de se relever ou apr\u00e8s la fin du round<\/span><\/li>\r\n \t<li><span id=\"p133\">Tirer les cheveux<\/span><\/li>\r\n \t<li><span id=\"p135\">Mordre ou cracher<\/span><\/li>\r\n \t<li><span id=\"p137\">Frapper l\u2019\u0153il avec le pouce ou frapper intentionnellement les organes g\u00e9nitaux<\/span><\/li>\r\n \t<li><span id=\"p139\">Prendre appui sur les cordes ou combattre en se tenant \u00e0 une corde.<\/span><\/li>\r\n \t<li><span id=\"p380\">\u00c9viter les attaques de l\u2019adversaire de fa\u00e7on d\u00e9loyale, par exemple, en feignant de tomber, de glisser sous les cordes ou de se cacher derri\u00e8re l\u2019arbitre.<\/span><\/li>\r\n \t<li><span id=\"p382\">Commettre n\u2019importe quelle action incorrecte susceptible de blesser l\u2019adversaire.<\/span><\/li>\r\n<\/ul>\r\n<span id=\"p144\">Un <span id=\"180\" class=\"s-rg\">nak<\/span> <span id=\"181\" class=\"s-rg\">muay<\/span> qui commet une faute qui ne cause pas de handicap ou n\u2019inflige pas de blessure \u00e0 l\u2019adversaire recevra un avertissement oral et une p\u00e9nalit\u00e9 d\u2019un point.<\/span>\r\n\r\n<span id=\"p145\">Celui qui commet volontairement une de ces irr\u00e9gularit\u00e9s et d\u00e9savantage ou blesse l\u2019adversaire peut perdre le match pour faute. Il risque m\u00eame la disqualifiication sans pr\u00e9avis s\u2019il r\u00e9it\u00e8re son geste durant la rencontre.<\/span>\r\n\r\n<span id=\"p422\">\r\nEn dernier lieu ,si la faute est involontaire, mais qu\u2019elle emp\u00eache la poursuite du combat, l\u2019arbitre arr\u00eate la rencontre.<\/span><span id=\"p423\"> Il attribue, alors, la victoire par <span id=\"424\">K.O.<\/span> technique au boxeur qui a obtenu le plus grand nombre de points jusque-l\u00e0, ou alors d\u00e9clare le match nul en cas d\u2019\u00e9galit\u00e9 des scores.<\/span>\r\n\r\n\r\n\r\n<span id=\"p112\">En conclusion, vous savez maintenant presque tout ce qui concerne les r\u00e8gles de la boxe tha\u00ef.<\/span><span id=\"p118\"> Bien s\u00fbr, vous ne deviendrez pas arbitre professionnel juste avec ce r\u00e9sum\u00e9, mais vous pourrez au moins suivre un combat et comprendre ce qui se passe.<\/span>\r\n\r\n[\/vc_column_text][\/vc_column][\/vc_row][vc_row][vc_column][vc_single_image image=&#8221;238&#8243; img_size=&#8221;full&#8221; alignment=&#8221;center&#8221;][\/vc_column][\/vc_row]<!-- \/wp:post-content -->","protected":false},"excerpt":{"rendered":"<p>[vc_row][vc_column][vc_column_text font_size=&#8221;16&#8243;] Vous voulez en savoir plus sur les r\u00e8gles de la boxe tha\u00ef ? On vous explique tout ou presque ! Le principe est similaire \u00e0 celui de toutes les boxes : deux combattants s&#8217;affrontent avec un \u00e9quipement et une tenue r\u00e9glementaire dans un ring. Ils essaient de se frapper avec des techniques autoris\u00e9es afin de remporter le match. [&hellip;]<\/p>\n","protected":false},"author":1,"featured_media":0,"parent":0,"menu_order":0,"comment_status":"closed","ping_status":"closed","template":"","meta":{"_bbp_topic_count":0,"_bbp_reply_count":0,"_bbp_total_topic_count":0,"_bbp_total_reply_count":0,"_bbp_voice_count":0,"_bbp_anonymous_reply_count":0,"_bbp_topic_count_hidden":0,"_bbp_reply_count_hidden":0,"_bbp_forum_subforum_count":0,"footnotes":""},"class_list":["post-156","page","type-page","status-publish","hentry"],"yoast_head":"<!-- This site is optimized with the Yoast SEO plugin v25.7 - https:\/\/yoast.com\/wordpress\/plugins\/seo\/ -->\n<title>Les r\u00e8gles de la boxe tha\u00ef - CSEB Boxe Tha\u00ef<\/title>\n<meta name=\"description\" content=\"Connaitre les r\u00e8gles de la boxe tha\u00ef est n\u00e9cessaire pour tout combattant. C&#039;est une information qui aide aussi a choisir son sport.\" \/>\n<meta name=\"robots\" content=\"index, follow, max-snippet:-1, max-image-preview:large, max-video-preview:-1\" \/>\n<link rel=\"canonical\" href=\"https:\/\/csebboxethai.com\/index.php\/les-regles-de-la-boxe-thai\/\" \/>\n<meta property=\"og:locale\" content=\"fr_FR\" \/>\n<meta property=\"og:type\" content=\"article\" \/>\n<meta property=\"og:title\" content=\"Les r\u00e8gles de la boxe tha\u00ef - CSEB Boxe Tha\u00ef\" \/>\n<meta property=\"og:description\" content=\"Connaitre les r\u00e8gles de la boxe tha\u00ef est n\u00e9cessaire pour tout combattant. C&#039;est une information qui aide aussi a choisir son sport.\" \/>\n<meta property=\"og:url\" content=\"https:\/\/csebboxethai.com\/index.php\/les-regles-de-la-boxe-thai\/\" \/>\n<meta property=\"og:site_name\" content=\"CSEB Boxe Tha\u00ef\" \/>\n<meta property=\"article:modified_time\" content=\"2023-10-04T12:46:49+00:00\" \/>\n<meta name=\"twitter:card\" content=\"summary_large_image\" \/>\n<meta name=\"twitter:label1\" content=\"Dur\u00e9e de lecture estim\u00e9e\" \/>\n\t<meta name=\"twitter:data1\" content=\"8 minutes\" \/>\n<script type=\"application\/ld+json\" class=\"yoast-schema-graph\">{\"@context\":\"https:\/\/schema.org\",\"@graph\":[{\"@type\":\"WebPage\",\"@id\":\"https:\/\/csebboxethai.com\/index.php\/les-regles-de-la-boxe-thai\/\",\"url\":\"https:\/\/csebboxethai.com\/index.php\/les-regles-de-la-boxe-thai\/\",\"name\":\"Les r\u00e8gles de la boxe tha\u00ef - CSEB Boxe Tha\u00ef\",\"isPartOf\":{\"@id\":\"https:\/\/csebboxethai.com\/#website\"},\"datePublished\":\"2023-09-25T13:49:43+00:00\",\"dateModified\":\"2023-10-04T12:46:49+00:00\",\"description\":\"Connaitre les r\u00e8gles de la boxe tha\u00ef est n\u00e9cessaire pour tout combattant. C'est une information qui aide aussi a choisir son sport.\",\"breadcrumb\":{\"@id\":\"https:\/\/csebboxethai.com\/index.php\/les-regles-de-la-boxe-thai\/#breadcrumb\"},\"inLanguage\":\"fr-FR\",\"potentialAction\":[{\"@type\":\"ReadAction\",\"target\":[\"https:\/\/csebboxethai.com\/index.php\/les-regles-de-la-boxe-thai\/\"]}]},{\"@type\":\"BreadcrumbList\",\"@id\":\"https:\/\/csebboxethai.com\/index.php\/les-regles-de-la-boxe-thai\/#breadcrumb\",\"itemListElement\":[{\"@type\":\"ListItem\",\"position\":1,\"name\":\"Accueil\",\"item\":\"https:\/\/csebboxethai.com\/\"},{\"@type\":\"ListItem\",\"position\":2,\"name\":\"Les r\u00e8gles de la boxe tha\u00ef\"}]},{\"@type\":\"WebSite\",\"@id\":\"https:\/\/csebboxethai.com\/#website\",\"url\":\"https:\/\/csebboxethai.com\/\",\"name\":\"CSEB Boxe Tha\u00ef\",\"description\":\"Le club de Boxe tha\u00ef dans le 17 \u00e8me arrondissement de Paris\",\"publisher\":{\"@id\":\"https:\/\/csebboxethai.com\/#organization\"},\"potentialAction\":[{\"@type\":\"SearchAction\",\"target\":{\"@type\":\"EntryPoint\",\"urlTemplate\":\"https:\/\/csebboxethai.com\/?s={search_term_string}\"},\"query-input\":{\"@type\":\"PropertyValueSpecification\",\"valueRequired\":true,\"valueName\":\"search_term_string\"}}],\"inLanguage\":\"fr-FR\"},{\"@type\":[\"Organization\",\"Place\"],\"@id\":\"https:\/\/csebboxethai.com\/#organization\",\"name\":\"CSEB Boxe Tha\u00ef\",\"url\":\"https:\/\/csebboxethai.com\/\",\"logo\":{\"@id\":\"https:\/\/csebboxethai.com\/index.php\/les-regles-de-la-boxe-thai\/#local-main-organization-logo\"},\"image\":{\"@id\":\"https:\/\/csebboxethai.com\/index.php\/les-regles-de-la-boxe-thai\/#local-main-organization-logo\"},\"openingHoursSpecification\":[{\"@type\":\"OpeningHoursSpecification\",\"dayOfWeek\":[\"Monday\",\"Tuesday\",\"Wednesday\",\"Thursday\",\"Friday\",\"Saturday\",\"Sunday\"],\"opens\":\"09:00\",\"closes\":\"17:00\"}]},{\"@type\":\"ImageObject\",\"inLanguage\":\"fr-FR\",\"@id\":\"https:\/\/csebboxethai.com\/index.php\/les-regles-de-la-boxe-thai\/#local-main-organization-logo\",\"url\":\"https:\/\/csebboxethai.com\/wp-content\/uploads\/2019\/10\/cropped-logo-cseb.jpg\",\"contentUrl\":\"https:\/\/csebboxethai.com\/wp-content\/uploads\/2019\/10\/cropped-logo-cseb.jpg\",\"width\":512,\"height\":512,\"caption\":\"CSEB Boxe Tha\u00ef\"}]}<\/script>\n<!-- \/ Yoast SEO plugin. -->","yoast_head_json":{"title":"Les r\u00e8gles de la boxe tha\u00ef - CSEB Boxe Tha\u00ef","description":"Connaitre les r\u00e8gles de la boxe tha\u00ef est n\u00e9cessaire pour tout combattant. C'est une information qui aide aussi a choisir son sport.","robots":{"index":"index","follow":"follow","max-snippet":"max-snippet:-1","max-image-preview":"max-image-preview:large","max-video-preview":"max-video-preview:-1"},"canonical":"https:\/\/csebboxethai.com\/index.php\/les-regles-de-la-boxe-thai\/","og_locale":"fr_FR","og_type":"article","og_title":"Les r\u00e8gles de la boxe tha\u00ef - CSEB Boxe Tha\u00ef","og_description":"Connaitre les r\u00e8gles de la boxe tha\u00ef est n\u00e9cessaire pour tout combattant. C'est une information qui aide aussi a choisir son sport.","og_url":"https:\/\/csebboxethai.com\/index.php\/les-regles-de-la-boxe-thai\/","og_site_name":"CSEB Boxe Tha\u00ef","article_modified_time":"2023-10-04T12:46:49+00:00","twitter_card":"summary_large_image","twitter_misc":{"Dur\u00e9e de lecture estim\u00e9e":"8 minutes"},"schema":{"@context":"https:\/\/schema.org","@graph":[{"@type":"WebPage","@id":"https:\/\/csebboxethai.com\/index.php\/les-regles-de-la-boxe-thai\/","url":"https:\/\/csebboxethai.com\/index.php\/les-regles-de-la-boxe-thai\/","name":"Les r\u00e8gles de la boxe tha\u00ef - CSEB Boxe Tha\u00ef","isPartOf":{"@id":"https:\/\/csebboxethai.com\/#website"},"datePublished":"2023-09-25T13:49:43+00:00","dateModified":"2023-10-04T12:46:49+00:00","description":"Connaitre les r\u00e8gles de la boxe tha\u00ef est n\u00e9cessaire pour tout combattant. C'est une information qui aide aussi a choisir son sport.","breadcrumb":{"@id":"https:\/\/csebboxethai.com\/index.php\/les-regles-de-la-boxe-thai\/#breadcrumb"},"inLanguage":"fr-FR","potentialAction":[{"@type":"ReadAction","target":["https:\/\/csebboxethai.com\/index.php\/les-regles-de-la-boxe-thai\/"]}]},{"@type":"BreadcrumbList","@id":"https:\/\/csebboxethai.com\/index.php\/les-regles-de-la-boxe-thai\/#breadcrumb","itemListElement":[{"@type":"ListItem","position":1,"name":"Accueil","item":"https:\/\/csebboxethai.com\/"},{"@type":"ListItem","position":2,"name":"Les r\u00e8gles de la boxe tha\u00ef"}]},{"@type":"WebSite","@id":"https:\/\/csebboxethai.com\/#website","url":"https:\/\/csebboxethai.com\/","name":"CSEB Boxe Tha\u00ef","description":"Le club de Boxe tha\u00ef dans le 17 \u00e8me arrondissement de Paris","publisher":{"@id":"https:\/\/csebboxethai.com\/#organization"},"potentialAction":[{"@type":"SearchAction","target":{"@type":"EntryPoint","urlTemplate":"https:\/\/csebboxethai.com\/?s={search_term_string}"},"query-input":{"@type":"PropertyValueSpecification","valueRequired":true,"valueName":"search_term_string"}}],"inLanguage":"fr-FR"},{"@type":["Organization","Place"],"@id":"https:\/\/csebboxethai.com\/#organization","name":"CSEB Boxe Tha\u00ef","url":"https:\/\/csebboxethai.com\/","logo":{"@id":"https:\/\/csebboxethai.com\/index.php\/les-regles-de-la-boxe-thai\/#local-main-organization-logo"},"image":{"@id":"https:\/\/csebboxethai.com\/index.php\/les-regles-de-la-boxe-thai\/#local-main-organization-logo"},"openingHoursSpecification":[{"@type":"OpeningHoursSpecification","dayOfWeek":["Monday","Tuesday","Wednesday","Thursday","Friday","Saturday","Sunday"],"opens":"09:00","closes":"17:00"}]},{"@type":"ImageObject","inLanguage":"fr-FR","@id":"https:\/\/csebboxethai.com\/index.php\/les-regles-de-la-boxe-thai\/#local-main-organization-logo","url":"https:\/\/csebboxethai.com\/wp-content\/uploads\/2019\/10\/cropped-logo-cseb.jpg","contentUrl":"https:\/\/csebboxethai.com\/wp-content\/uploads\/2019\/10\/cropped-logo-cseb.jpg","width":512,"height":512,"caption":"CSEB Boxe Tha\u00ef"}]}},"_links":{"self":[{"href":"https:\/\/csebboxethai.com\/index.php\/wp-json\/wp\/v2\/pages\/156","targetHints":{"allow":["GET"]}}],"collection":[{"href":"https:\/\/csebboxethai.com\/index.php\/wp-json\/wp\/v2\/pages"}],"about":[{"href":"https:\/\/csebboxethai.com\/index.php\/wp-json\/wp\/v2\/types\/page"}],"author":[{"embeddable":true,"href":"https:\/\/csebboxethai.com\/index.php\/wp-json\/wp\/v2\/users\/1"}],"replies":[{"embeddable":true,"href":"https:\/\/csebboxethai.com\/index.php\/wp-json\/wp\/v2\/comments?post=156"}],"version-history":[{"count":0,"href":"https:\/\/csebboxethai.com\/index.php\/wp-json\/wp\/v2\/pages\/156\/revisions"}],"wp:attachment":[{"href":"https:\/\/csebboxethai.com\/index.php\/wp-json\/wp\/v2\/media?parent=156"}],"curies":[{"name":"wp","href":"https:\/\/api.w.org\/{rel}","templated":true}]}}