{"id":157,"date":"2023-09-25T15:47:18","date_gmt":"2023-09-25T13:47:18","guid":{"rendered":"https:\/\/csebboxethai.com\/?page_id=157"},"modified":"2024-09-01T01:57:41","modified_gmt":"2024-08-31T23:57:41","slug":"equipement-en-boxe-thai","status":"publish","type":"page","link":"https:\/\/csebboxethai.com\/index.php\/equipement-en-boxe-thai\/","title":{"rendered":"L&#8217;\u00e9quipement en boxe tha\u00ef"},"content":{"rendered":"<p>[vc_row][vc_column][vc_column_text font_size=&#8221;16&#8243;]<\/p>\r\n<h2>Tenue et \u00e9quipement en boxe tha\u00ef<\/h2>\r\n\r\n<p>Contrairement \u00e0 nombre de sports le muay tha\u00ef ne n\u00e9cessite que peu d&#8217;\u00e9quipement. De plus le mat\u00e9riel n\u00e9cessaire en boxe tha\u00ef est relativement peu on\u00e9reux.<\/p>\r\n<p>En outre nous vous recommandons de l\u2019acheter au fur et \u00e0 mesure de vos progr\u00e8s en commen\u00e7ant par un mat\u00e9riel de milieu de gamme pour les d\u00e9butants. \u00c9viter d\u2019acheter du mat\u00e9riel trop de bas de gamme car celui-ci ne prot\u00e8ge pas assez bien votre int\u00e9grit\u00e9 physique et qu\u2019il vous faudra le racheter r\u00e9guli\u00e8rement. Mieux vaut investir directement dans du milieu de gamme qui ne coute pas beaucoup plus cher et tiendra beaucoup plus de dans le temps.<\/p>\r\n\r\n<p>Par la\u00a0suite, vous\u00a0pourrez investir dans du mat\u00e9riel haut de gamme ou professionnel si vous le souhaitez quand votre niveau vous le permettra.<\/p>\r\n<h3>Au d\u00e9but, vous n\u2019aurez besoin que\u00a0:<\/h3>\r\n<p style=\"padding-left: 40px;\">D\u2019un short de boxe tha\u00ef <img loading=\"lazy\" decoding=\"async\" class=\"alignnone size-full wp-image-187\" src=\"https:\/\/csebboxethai.com\/wp-content\/uploads\/2023\/09\/hort.jpg\" alt=\"\" width=\"259\" height=\"194\" srcset=\"https:\/\/csebboxethai.com\/wp-content\/uploads\/2023\/09\/hort.jpg 259w, https:\/\/csebboxethai.com\/wp-content\/uploads\/2023\/09\/hort-100x75.jpg 100w\" sizes=\"auto, (max-width: 259px) 100vw, 259px\" \/><\/p>\r\n<p style=\"padding-left: 40px;\">Et d\u2019une paire de gants de sac <img loading=\"lazy\" decoding=\"async\" class=\"alignnone size-medium wp-image-185\" src=\"https:\/\/csebboxethai.com\/wp-content\/uploads\/2023\/09\/gant-de-sac-300x300.jpg\" alt=\"\" width=\"300\" height=\"300\" srcset=\"https:\/\/csebboxethai.com\/wp-content\/uploads\/2023\/09\/gant-de-sac-300x300.jpg 300w, https:\/\/csebboxethai.com\/wp-content\/uploads\/2023\/09\/gant-de-sac-150x150.jpg 150w, https:\/\/csebboxethai.com\/wp-content\/uploads\/2023\/09\/gant-de-sac-100x100.jpg 100w, https:\/\/csebboxethai.com\/wp-content\/uploads\/2023\/09\/gant-de-sac-600x600.jpg 600w, https:\/\/csebboxethai.com\/wp-content\/uploads\/2023\/09\/gant-de-sac.jpg 625w\" sizes=\"auto, (max-width: 300px) 100vw, 300px\" \/><\/p>\r\n<p style=\"padding-left: 40px;\">Une corde \u00e0 sauter peut \u00eatre utile \u00e9galement surtout si vous arrivez en retard aux entra\u00eenements.<\/p>\r\n<p style=\"padding-left: 40px;\">Les bandes et chevill\u00e8res sont facultatives \u00e0 ce stade <img loading=\"lazy\" decoding=\"async\" class=\"alignnone size-medium wp-image-179\" src=\"https:\/\/csebboxethai.com\/wp-content\/uploads\/2023\/09\/bandes-300x300.jpg\" alt=\"\" width=\"300\" height=\"300\" srcset=\"https:\/\/csebboxethai.com\/wp-content\/uploads\/2023\/09\/bandes-300x300.jpg 300w, https:\/\/csebboxethai.com\/wp-content\/uploads\/2023\/09\/bandes-150x150.jpg 150w, https:\/\/csebboxethai.com\/wp-content\/uploads\/2023\/09\/bandes-100x100.jpg 100w, https:\/\/csebboxethai.com\/wp-content\/uploads\/2023\/09\/bandes-600x600.jpg 600w, https:\/\/csebboxethai.com\/wp-content\/uploads\/2023\/09\/bandes.jpg 625w\" sizes=\"auto, (max-width: 300px) 100vw, 300px\" \/><\/p>\r\n<p>&nbsp;<\/p>\r\n<p>La boxe thai se pratique torse nue pour les hommes ou en brassi\u00e8re\/t-shirt pour les femmes en comp\u00e9tition. En revanche, pour les entra\u00eenements les hommes peuvent porter un simple t-shirt. Evidemment, nous vous encourageons \u00e0 consid\u00e9rer l&#8217;achat de notre <a href=\"https:\/\/csebboxethai.com\/index.php\/merchandising\/\">merchandising<\/a>. Il vous donnera fi\u00e8re allure. Cela cr\u00e9e un esprit de groupe sur les photos. C&#8217;est aussi un bon moyen de faire la promotion du club et de le soutenir financi\u00e8rement.<\/p>\r\n<h3>Au bout de quelques\u00a0mois, vous\u00a0pourrez\u00a0investir dans<\/h3>\r\n<p style=\"padding-left: 40px;\">Des prot\u00e8ge-tibias (m\u00eame si vous ne faites pas de ring, cela permet de travailler la technique plus confortablement)<\/p>\r\n<h3>Et si vous souhaitez monter sur le ring (m\u00eame pour des assauts l\u00e9gers) il faudra alors penser \u00e0 acheter :<\/h3>\r\n<p style=\"padding-left: 40px;\">Une paire de gants de ring (qui ne serviront qu\u2019\u00e0 cette fin afin de prot\u00e9ger votre main et la m\u00e2choire de l\u2019adversaire\/partenaire) <img loading=\"lazy\" decoding=\"async\" class=\"alignnone size-medium wp-image-234\" src=\"https:\/\/csebboxethai.com\/wp-content\/uploads\/2023\/09\/jonathan-tomas-xOtJxM76zO0-unsplash-300x200.jpg\" alt=\"\" width=\"300\" height=\"200\" srcset=\"https:\/\/csebboxethai.com\/wp-content\/uploads\/2023\/09\/jonathan-tomas-xOtJxM76zO0-unsplash-300x200.jpg 300w, https:\/\/csebboxethai.com\/wp-content\/uploads\/2023\/09\/jonathan-tomas-xOtJxM76zO0-unsplash-1024x683.jpg 1024w, https:\/\/csebboxethai.com\/wp-content\/uploads\/2023\/09\/jonathan-tomas-xOtJxM76zO0-unsplash-768x512.jpg 768w, https:\/\/csebboxethai.com\/wp-content\/uploads\/2023\/09\/jonathan-tomas-xOtJxM76zO0-unsplash-100x67.jpg 100w, https:\/\/csebboxethai.com\/wp-content\/uploads\/2023\/09\/jonathan-tomas-xOtJxM76zO0-unsplash-1536x1024.jpg 1536w, https:\/\/csebboxethai.com\/wp-content\/uploads\/2023\/09\/jonathan-tomas-xOtJxM76zO0-unsplash-2048x1365.jpg 2048w, https:\/\/csebboxethai.com\/wp-content\/uploads\/2023\/09\/jonathan-tomas-xOtJxM76zO0-unsplash-800x533.jpg 800w, https:\/\/csebboxethai.com\/wp-content\/uploads\/2023\/09\/jonathan-tomas-xOtJxM76zO0-unsplash-672x448.jpg 672w, https:\/\/csebboxethai.com\/wp-content\/uploads\/2023\/09\/jonathan-tomas-xOtJxM76zO0-unsplash-1038x692.jpg 1038w, https:\/\/csebboxethai.com\/wp-content\/uploads\/2023\/09\/jonathan-tomas-xOtJxM76zO0-unsplash-600x400.jpg 600w\" sizes=\"auto, (max-width: 300px) 100vw, 300px\" \/><\/p>\r\n<p style=\"padding-left: 40px;\">Une coquille (les filles peuvent en plus prendre un plastron) <img loading=\"lazy\" decoding=\"async\" class=\"alignnone size-medium wp-image-183\" src=\"https:\/\/csebboxethai.com\/wp-content\/uploads\/2023\/09\/coquille-300x300.jpg\" alt=\"\" width=\"300\" height=\"300\" srcset=\"https:\/\/csebboxethai.com\/wp-content\/uploads\/2023\/09\/coquille-300x300.jpg 300w, https:\/\/csebboxethai.com\/wp-content\/uploads\/2023\/09\/coquille-150x150.jpg 150w, https:\/\/csebboxethai.com\/wp-content\/uploads\/2023\/09\/coquille-100x100.jpg 100w, https:\/\/csebboxethai.com\/wp-content\/uploads\/2023\/09\/coquille-600x600.jpg 600w, https:\/\/csebboxethai.com\/wp-content\/uploads\/2023\/09\/coquille.jpg 625w\" sizes=\"auto, (max-width: 300px) 100vw, 300px\" \/><\/p>\r\n<p style=\"padding-left: 40px;\">Un prot\u00e8ge-dents<\/p>\r\n<p style=\"padding-left: 40px;\">Un casque\u00a0 si vous le souhaitez <img loading=\"lazy\" decoding=\"async\" class=\"alignnone size-medium wp-image-180\" src=\"https:\/\/csebboxethai.com\/wp-content\/uploads\/2023\/09\/casque-300x300.jpg\" alt=\"\" width=\"300\" height=\"300\" srcset=\"https:\/\/csebboxethai.com\/wp-content\/uploads\/2023\/09\/casque-300x300.jpg 300w, https:\/\/csebboxethai.com\/wp-content\/uploads\/2023\/09\/casque-150x150.jpg 150w, https:\/\/csebboxethai.com\/wp-content\/uploads\/2023\/09\/casque-100x100.jpg 100w, https:\/\/csebboxethai.com\/wp-content\/uploads\/2023\/09\/casque.jpg 560w\" sizes=\"auto, (max-width: 300px) 100vw, 300px\" \/><\/p>\r\n<h3>Si vous de la comp\u00e9tition il faudra alors acheter<\/h3>\r\n<p style=\"padding-left: 40px;\"><span id=\"p0\"><span id=\"17\">un<\/span> <span id=\"18\">mongkon<\/span> ou <span id=\"19\">mongkol<\/span> :<\/span><span id=\"p1\"> c&#8217;est un bandeau ou serre t\u00eate sacr\u00e9.<\/span><span id=\"p43\"> Il est plac\u00e9 sur la t\u00eate du boxeur par le coach en r\u00e9citant une pri\u00e8re dans le vestiaire pour les hommes et sur le ring pour les femmes.<\/span><span id=\"p3\"> Le boxeur ne doit jamais le toucher lui-m\u00eame.<\/span><span id=\"p4\"> C&#8217;est dont aussi le coach qui l&#8217;enl\u00e8ve, sur le ring, apr\u00e8s le <span id=\"33\" class=\"s-rg\">wai<\/span> <span id=\"34\" class=\"s-rg\">kru<\/span> <span id=\"35\" class=\"s-rg\">ram<\/span> <span id=\"36\" class=\"s-rg\">muay<\/span>, car on ne le garde jamais pour combattre.<\/span><span id=\"p5\"> Cette tradition viendrait des anciens guerriers du royaume du Siam qui portaient une sorte de bandeau pour partir \u00e0 la guerre.<\/span><span id=\"p44\"> Ils sont normalement faits \u00e0 la main par l&#8217;entra\u00eeneur pour son combattant.<\/span><span id=\"p45\"> Compos\u00e9s d&#8217;une bande de tissus dans laquelle on a \u00e9crit des textes sacr\u00e9s, ils peuvent contenir une amulette.<\/span><span id=\"p46\"> Ils sont ensuite b\u00e9nis par des moines bouddhistes dans un temple et servent de protection et de porte-bonheur au boxeur.<\/span><\/p>\r\n<p style=\"padding-left: 40px;\"><span id=\"p9\"><span id=\"41\" class=\"s-rg\">des<\/span> <span id=\"42\" class=\"s-rg\">prajeets<\/span> :<\/span><span id=\"p10\"> encore appel\u00e9s <span id=\"20\" class=\"s-rg\">praciat<\/span>, <span id=\"21\" class=\"s-rg\">pra<\/span> <span id=\"22\" class=\"s-rg\">jiad<\/span> ou <span id=\"23\" class=\"s-rg\">Kruang-Rang<\/span>.<\/span><span id=\"p11\"> Ce sont des bracelets de cordes color\u00e9es port\u00e9s juste au-dessus du biceps.<\/span><span id=\"p52\"> En Tha\u00eflande, ils sont consid\u00e9r\u00e9s comme est des talismans pour leur porter chance.<\/span><span id=\"p13\"> Ils permettraient aussi de garantir l\u2019invuln\u00e9rabilit\u00e9 du combattant.<\/span><span id=\"p14\"> Dans des temps plus anciens, les guerriers qui partaient pour le champ de bataille nouaient des morceaux de robe de leur m\u00e8re autour de leur bras comme porte <span id=\"28\">bonheur. Contrairement<\/span> au <span id=\"27\">mongkon<\/span> le boxeur peut les garder pendant le combat.<\/span><span id=\"p15\"> C&#8217;est une tradition qui est rest\u00e9e m\u00eame si le lien avec la m\u00e8re a \u00e9t\u00e9 perdu. les boxeurs y placent leur spiritualit\u00e9 selon leur <span id=\"30\">sensibilit\u00e9<\/span>.<\/span><span id=\"p51\"> En Europe, ils servent \u00e9galement \u00e0 montrer le niveau du pratiquant \u00e0 l&#8217;instar des ceintures dans les arts martiaux japonais.<\/span><\/p>\r\n<p>&nbsp;<\/p>\r\n<p><span id=\"p60\">Quel que soit votre niveau, il est important que vous ayez toujours votre mat\u00e9riel \u00e0 chaque cours.<\/span><span id=\"p61\"> Nous pouvons n\u00e9anmoins pr\u00eater certaines pi\u00e8ces d&#8217;\u00e9quipement aux d\u00e9butants et aux personnes faisant un cours d&#8217;essai. <br \/><\/span><\/p>\r\n<h2>Quelle marque choisir?<\/h2>\r\n<p>La meilleure est selon moi Twins, mais beaucoup de thai de haut niveau utilise aussi du mat\u00e9riel Fairtex ou Yokkao dont la qualit\u00e9 est tr\u00e8s bonne. Il existe aussi de marques qui couvrent un plus large spectre de sport comme M\u00e9tal, Adidas, Montana boxing et Champion ou Venum qui propose du mat\u00e9riel de qualit\u00e9 utilisable en boxe tha\u00ef.<\/p>\r\n<h2>O\u00f9 acheter son \u00e9quipement de boxe tha\u00ef \u00e0 Paris<\/h2>\r\n<p>Il est tr\u00e8s important de trouver un magasin qui saura vous conseiller dans vos achats en fonction de votre niveau et de votre pratique.<br \/>Nous vous recommandons les deux magasins suivants, le personnel y est comp\u00e9tent, attentif et attentionn\u00e9. Le choix est large et les prix restent raisonnables.<\/p>\r\n<p><strong>Le\u00a0boxing\u00a0shop<\/strong><\/p>\r\n<p style=\"padding-left: 40px;\">7 rue Beaurepaire, 75010 Paris<\/p>\r\n<p style=\"padding-left: 40px;\">T\u00e9l\u00e9phone\u00a0:\u00a001 42 08 44 00<\/p>\r\n<p style=\"padding-left: 40px;\"><\/p>\r\n<p>Site internet\u00a0<a href=\"https:\/\/www.boxing-shop.com\/\">https:\/\/www.boxing-shop.com\/<\/a><\/p>\r\n<p>Ou<\/p>\r\n<p><strong>BudoFight<\/strong>\u00a0qui poss\u00e8de deux magasins un \u00e0\u00a0Paris<\/p>\r\n<p style=\"padding-left: 40px;\">Adresse\u00a0:\u00a0220 rue Saint-Jacques -75005 Paris<\/p>\r\n<p style=\"padding-left: 40px;\">T\u00e9l\u00e9phone\u00a0:\u00a001 46 33 86 76<\/p>\r\n<p style=\"padding-left: 40px;\">Et un \u00e0 Boulogne<\/p>\r\n<p style=\"padding-left: 40px;\">Adresse :\u00a028, avenue \u00c9douard vaillant -92100 Boulogne-Billancourt<\/p>\r\n<p style=\"padding-left: 40px;\">T\u00e9l\u00e9phone :\u00a001 46 21 42 63<\/p>\r\n<p style=\"padding-left: 40px;\">Site internet <a href=\"https:\/\/www.budo-fight.com\">https:\/\/www.budo-fight.com<\/a><\/p>\r\n<p><\/p>\r\n<p><span id=\"p70\">Voil\u00e0, vous savez maintenant tout sur l&#8217;\u00e9quipement en boxe tha\u00ef qu&#8217;il vous faudra acheter.<\/span><span id=\"p76\"> Il existe bien sur d&#8217;autres pi\u00e8ces d&#8217;\u00e9quipement pour l&#8217;entra\u00eenement, mais celles-ci sont du ressort du club et ne n\u00e9cessitent pas d&#8217;\u00eatre poss\u00e9d\u00e9es par un boxeur. <br \/><\/span><\/p>\r\n<p>Enfin, je vous recommande vivement l&#8217;achat de claquette ou de tongs. En effet, elles sont tr\u00e8s utiles pour les trajets dans les couloirs entre la salle et les vestiaires ou les toilettes. En effet, il s&#8217;agit d&#8217;endroits \u00e0 la propret\u00e9 tr\u00e8s relative. Ainsi, vous gardez vos pieds propres et c&#8217;est plus respectueux pour les personnes contre qui vous combattrez. Je suis s\u00fbr que vous-m\u00eame n&#8217;avez pas sp\u00e9cialement envie que quelqu&#8217;un essuie ses pieds sales sur votre visage ou sur votre torse.<\/p>\r\n<p>[\/vc_column_text][\/vc_column][\/vc_row]<\/p>","protected":false},"excerpt":{"rendered":"<p>[vc_row][vc_column][vc_column_text font_size=&#8221;16&#8243;] Tenue et \u00e9quipement en boxe tha\u00ef Contrairement \u00e0 nombre de sports le muay tha\u00ef ne n\u00e9cessite que peu d&#8217;\u00e9quipement. De plus le mat\u00e9riel n\u00e9cessaire en boxe tha\u00ef est relativement peu on\u00e9reux. En outre nous vous recommandons de l\u2019acheter au fur et \u00e0 mesure de vos progr\u00e8s en commen\u00e7ant par un mat\u00e9riel de milieu de gamme pour les d\u00e9butants. [&hellip;]<\/p>\n","protected":false},"author":1,"featured_media":0,"parent":0,"menu_order":0,"comment_status":"closed","ping_status":"closed","template":"","meta":{"_bbp_topic_count":0,"_bbp_reply_count":0,"_bbp_total_topic_count":0,"_bbp_total_reply_count":0,"_bbp_voice_count":0,"_bbp_anonymous_reply_count":0,"_bbp_topic_count_hidden":0,"_bbp_reply_count_hidden":0,"_bbp_forum_subforum_count":0,"footnotes":""},"class_list":["post-157","page","type-page","status-publish","hentry"],"yoast_head":"<!-- This site is optimized with the Yoast SEO plugin v25.7 - https:\/\/yoast.com\/wordpress\/plugins\/seo\/ -->\n<title>L&#039;\u00e9quipement en boxe tha\u00ef - CSEB Boxe Tha\u00ef<\/title>\n<meta name=\"description\" content=\"Le muay tha\u00ef ne n\u00e9cessite que peu de mat\u00e9riel. De plus l&#039;\u00e9quipement en boxe tha\u00ef est relativement peu on\u00e9reux.\" \/>\n<meta name=\"robots\" content=\"index, follow, max-snippet:-1, max-image-preview:large, max-video-preview:-1\" \/>\n<link rel=\"canonical\" href=\"https:\/\/csebboxethai.com\/index.php\/equipement-en-boxe-thai\/\" \/>\n<meta property=\"og:locale\" content=\"fr_FR\" \/>\n<meta property=\"og:type\" content=\"article\" \/>\n<meta property=\"og:title\" content=\"L&#039;\u00e9quipement en boxe tha\u00ef - CSEB Boxe Tha\u00ef\" \/>\n<meta property=\"og:description\" content=\"Le muay tha\u00ef ne n\u00e9cessite que peu de mat\u00e9riel. De plus l&#039;\u00e9quipement en boxe tha\u00ef est relativement peu on\u00e9reux.\" \/>\n<meta property=\"og:url\" content=\"https:\/\/csebboxethai.com\/index.php\/equipement-en-boxe-thai\/\" \/>\n<meta property=\"og:site_name\" content=\"CSEB Boxe Tha\u00ef\" \/>\n<meta property=\"article:modified_time\" content=\"2024-08-31T23:57:41+00:00\" \/>\n<meta property=\"og:image\" content=\"https:\/\/csebboxethai.com\/wp-content\/uploads\/2023\/09\/hort.jpg\" \/>\n<meta name=\"twitter:card\" content=\"summary_large_image\" \/>\n<meta name=\"twitter:label1\" content=\"Dur\u00e9e de lecture estim\u00e9e\" \/>\n\t<meta name=\"twitter:data1\" content=\"5 minutes\" \/>\n<script type=\"application\/ld+json\" class=\"yoast-schema-graph\">{\"@context\":\"https:\/\/schema.org\",\"@graph\":[{\"@type\":\"WebPage\",\"@id\":\"https:\/\/csebboxethai.com\/index.php\/equipement-en-boxe-thai\/\",\"url\":\"https:\/\/csebboxethai.com\/index.php\/equipement-en-boxe-thai\/\",\"name\":\"L'\u00e9quipement en boxe tha\u00ef - CSEB Boxe Tha\u00ef\",\"isPartOf\":{\"@id\":\"https:\/\/csebboxethai.com\/#website\"},\"primaryImageOfPage\":{\"@id\":\"https:\/\/csebboxethai.com\/index.php\/equipement-en-boxe-thai\/#primaryimage\"},\"image\":{\"@id\":\"https:\/\/csebboxethai.com\/index.php\/equipement-en-boxe-thai\/#primaryimage\"},\"thumbnailUrl\":\"https:\/\/csebboxethai.com\/wp-content\/uploads\/2023\/09\/hort.jpg\",\"datePublished\":\"2023-09-25T13:47:18+00:00\",\"dateModified\":\"2024-08-31T23:57:41+00:00\",\"description\":\"Le muay tha\u00ef ne n\u00e9cessite que peu de mat\u00e9riel. De plus l'\u00e9quipement en boxe tha\u00ef est relativement peu on\u00e9reux.\",\"breadcrumb\":{\"@id\":\"https:\/\/csebboxethai.com\/index.php\/equipement-en-boxe-thai\/#breadcrumb\"},\"inLanguage\":\"fr-FR\",\"potentialAction\":[{\"@type\":\"ReadAction\",\"target\":[\"https:\/\/csebboxethai.com\/index.php\/equipement-en-boxe-thai\/\"]}]},{\"@type\":\"ImageObject\",\"inLanguage\":\"fr-FR\",\"@id\":\"https:\/\/csebboxethai.com\/index.php\/equipement-en-boxe-thai\/#primaryimage\",\"url\":\"https:\/\/csebboxethai.com\/wp-content\/uploads\/2023\/09\/hort.jpg\",\"contentUrl\":\"https:\/\/csebboxethai.com\/wp-content\/uploads\/2023\/09\/hort.jpg\",\"width\":259,\"height\":194},{\"@type\":\"BreadcrumbList\",\"@id\":\"https:\/\/csebboxethai.com\/index.php\/equipement-en-boxe-thai\/#breadcrumb\",\"itemListElement\":[{\"@type\":\"ListItem\",\"position\":1,\"name\":\"Accueil\",\"item\":\"https:\/\/csebboxethai.com\/\"},{\"@type\":\"ListItem\",\"position\":2,\"name\":\"L&#8217;\u00e9quipement en boxe tha\u00ef\"}]},{\"@type\":\"WebSite\",\"@id\":\"https:\/\/csebboxethai.com\/#website\",\"url\":\"https:\/\/csebboxethai.com\/\",\"name\":\"CSEB Boxe Tha\u00ef\",\"description\":\"Le club de Boxe tha\u00ef dans le 17 \u00e8me arrondissement de Paris\",\"publisher\":{\"@id\":\"https:\/\/csebboxethai.com\/#organization\"},\"potentialAction\":[{\"@type\":\"SearchAction\",\"target\":{\"@type\":\"EntryPoint\",\"urlTemplate\":\"https:\/\/csebboxethai.com\/?s={search_term_string}\"},\"query-input\":{\"@type\":\"PropertyValueSpecification\",\"valueRequired\":true,\"valueName\":\"search_term_string\"}}],\"inLanguage\":\"fr-FR\"},{\"@type\":[\"Organization\",\"Place\"],\"@id\":\"https:\/\/csebboxethai.com\/#organization\",\"name\":\"CSEB Boxe Tha\u00ef\",\"url\":\"https:\/\/csebboxethai.com\/\",\"logo\":{\"@id\":\"https:\/\/csebboxethai.com\/index.php\/equipement-en-boxe-thai\/#local-main-organization-logo\"},\"image\":{\"@id\":\"https:\/\/csebboxethai.com\/index.php\/equipement-en-boxe-thai\/#local-main-organization-logo\"},\"openingHoursSpecification\":[{\"@type\":\"OpeningHoursSpecification\",\"dayOfWeek\":[\"Monday\",\"Tuesday\",\"Wednesday\",\"Thursday\",\"Friday\",\"Saturday\",\"Sunday\"],\"opens\":\"09:00\",\"closes\":\"17:00\"}]},{\"@type\":\"ImageObject\",\"inLanguage\":\"fr-FR\",\"@id\":\"https:\/\/csebboxethai.com\/index.php\/equipement-en-boxe-thai\/#local-main-organization-logo\",\"url\":\"https:\/\/csebboxethai.com\/wp-content\/uploads\/2019\/10\/cropped-logo-cseb.jpg\",\"contentUrl\":\"https:\/\/csebboxethai.com\/wp-content\/uploads\/2019\/10\/cropped-logo-cseb.jpg\",\"width\":512,\"height\":512,\"caption\":\"CSEB Boxe Tha\u00ef\"}]}<\/script>\n<!-- \/ Yoast SEO plugin. -->","yoast_head_json":{"title":"L'\u00e9quipement en boxe tha\u00ef - CSEB Boxe Tha\u00ef","description":"Le muay tha\u00ef ne n\u00e9cessite que peu de mat\u00e9riel. De plus l'\u00e9quipement en boxe tha\u00ef est relativement peu on\u00e9reux.","robots":{"index":"index","follow":"follow","max-snippet":"max-snippet:-1","max-image-preview":"max-image-preview:large","max-video-preview":"max-video-preview:-1"},"canonical":"https:\/\/csebboxethai.com\/index.php\/equipement-en-boxe-thai\/","og_locale":"fr_FR","og_type":"article","og_title":"L'\u00e9quipement en boxe tha\u00ef - CSEB Boxe Tha\u00ef","og_description":"Le muay tha\u00ef ne n\u00e9cessite que peu de mat\u00e9riel. De plus l'\u00e9quipement en boxe tha\u00ef est relativement peu on\u00e9reux.","og_url":"https:\/\/csebboxethai.com\/index.php\/equipement-en-boxe-thai\/","og_site_name":"CSEB Boxe Tha\u00ef","article_modified_time":"2024-08-31T23:57:41+00:00","og_image":[{"url":"https:\/\/csebboxethai.com\/wp-content\/uploads\/2023\/09\/hort.jpg","type":"","width":"","height":""}],"twitter_card":"summary_large_image","twitter_misc":{"Dur\u00e9e de lecture estim\u00e9e":"5 minutes"},"schema":{"@context":"https:\/\/schema.org","@graph":[{"@type":"WebPage","@id":"https:\/\/csebboxethai.com\/index.php\/equipement-en-boxe-thai\/","url":"https:\/\/csebboxethai.com\/index.php\/equipement-en-boxe-thai\/","name":"L'\u00e9quipement en boxe tha\u00ef - CSEB Boxe Tha\u00ef","isPartOf":{"@id":"https:\/\/csebboxethai.com\/#website"},"primaryImageOfPage":{"@id":"https:\/\/csebboxethai.com\/index.php\/equipement-en-boxe-thai\/#primaryimage"},"image":{"@id":"https:\/\/csebboxethai.com\/index.php\/equipement-en-boxe-thai\/#primaryimage"},"thumbnailUrl":"https:\/\/csebboxethai.com\/wp-content\/uploads\/2023\/09\/hort.jpg","datePublished":"2023-09-25T13:47:18+00:00","dateModified":"2024-08-31T23:57:41+00:00","description":"Le muay tha\u00ef ne n\u00e9cessite que peu de mat\u00e9riel. De plus l'\u00e9quipement en boxe tha\u00ef est relativement peu on\u00e9reux.","breadcrumb":{"@id":"https:\/\/csebboxethai.com\/index.php\/equipement-en-boxe-thai\/#breadcrumb"},"inLanguage":"fr-FR","potentialAction":[{"@type":"ReadAction","target":["https:\/\/csebboxethai.com\/index.php\/equipement-en-boxe-thai\/"]}]},{"@type":"ImageObject","inLanguage":"fr-FR","@id":"https:\/\/csebboxethai.com\/index.php\/equipement-en-boxe-thai\/#primaryimage","url":"https:\/\/csebboxethai.com\/wp-content\/uploads\/2023\/09\/hort.jpg","contentUrl":"https:\/\/csebboxethai.com\/wp-content\/uploads\/2023\/09\/hort.jpg","width":259,"height":194},{"@type":"BreadcrumbList","@id":"https:\/\/csebboxethai.com\/index.php\/equipement-en-boxe-thai\/#breadcrumb","itemListElement":[{"@type":"ListItem","position":1,"name":"Accueil","item":"https:\/\/csebboxethai.com\/"},{"@type":"ListItem","position":2,"name":"L&#8217;\u00e9quipement en boxe tha\u00ef"}]},{"@type":"WebSite","@id":"https:\/\/csebboxethai.com\/#website","url":"https:\/\/csebboxethai.com\/","name":"CSEB Boxe Tha\u00ef","description":"Le club de Boxe tha\u00ef dans le 17 \u00e8me arrondissement de Paris","publisher":{"@id":"https:\/\/csebboxethai.com\/#organization"},"potentialAction":[{"@type":"SearchAction","target":{"@type":"EntryPoint","urlTemplate":"https:\/\/csebboxethai.com\/?s={search_term_string}"},"query-input":{"@type":"PropertyValueSpecification","valueRequired":true,"valueName":"search_term_string"}}],"inLanguage":"fr-FR"},{"@type":["Organization","Place"],"@id":"https:\/\/csebboxethai.com\/#organization","name":"CSEB Boxe Tha\u00ef","url":"https:\/\/csebboxethai.com\/","logo":{"@id":"https:\/\/csebboxethai.com\/index.php\/equipement-en-boxe-thai\/#local-main-organization-logo"},"image":{"@id":"https:\/\/csebboxethai.com\/index.php\/equipement-en-boxe-thai\/#local-main-organization-logo"},"openingHoursSpecification":[{"@type":"OpeningHoursSpecification","dayOfWeek":["Monday","Tuesday","Wednesday","Thursday","Friday","Saturday","Sunday"],"opens":"09:00","closes":"17:00"}]},{"@type":"ImageObject","inLanguage":"fr-FR","@id":"https:\/\/csebboxethai.com\/index.php\/equipement-en-boxe-thai\/#local-main-organization-logo","url":"https:\/\/csebboxethai.com\/wp-content\/uploads\/2019\/10\/cropped-logo-cseb.jpg","contentUrl":"https:\/\/csebboxethai.com\/wp-content\/uploads\/2019\/10\/cropped-logo-cseb.jpg","width":512,"height":512,"caption":"CSEB Boxe Tha\u00ef"}]}},"_links":{"self":[{"href":"https:\/\/csebboxethai.com\/index.php\/wp-json\/wp\/v2\/pages\/157","targetHints":{"allow":["GET"]}}],"collection":[{"href":"https:\/\/csebboxethai.com\/index.php\/wp-json\/wp\/v2\/pages"}],"about":[{"href":"https:\/\/csebboxethai.com\/index.php\/wp-json\/wp\/v2\/types\/page"}],"author":[{"embeddable":true,"href":"https:\/\/csebboxethai.com\/index.php\/wp-json\/wp\/v2\/users\/1"}],"replies":[{"embeddable":true,"href":"https:\/\/csebboxethai.com\/index.php\/wp-json\/wp\/v2\/comments?post=157"}],"version-history":[{"count":0,"href":"https:\/\/csebboxethai.com\/index.php\/wp-json\/wp\/v2\/pages\/157\/revisions"}],"wp:attachment":[{"href":"https:\/\/csebboxethai.com\/index.php\/wp-json\/wp\/v2\/media?parent=157"}],"curies":[{"name":"wp","href":"https:\/\/api.w.org\/{rel}","templated":true}]}}