{"id":158,"date":"2023-09-25T15:49:15","date_gmt":"2023-09-25T13:49:15","guid":{"rendered":"https:\/\/csebboxethai.com\/?page_id=158"},"modified":"2023-10-10T14:16:27","modified_gmt":"2023-10-10T12:16:27","slug":"les-grands-noms-boxe-thai","status":"publish","type":"page","link":"https:\/\/csebboxethai.com\/index.php\/les-grands-noms-boxe-thai\/","title":{"rendered":"Les grands noms"},"content":{"rendered":"<p>[vc_row][vc_column][vc_single_image image=&#8221;230&#8243; img_size=&#8221;full&#8221; alignment=&#8221;center&#8221;][vc_column_text]<span id=\"p0\">Vous trouverez ici les grands noms de la boxe tha\u00ef. Ces personnes ont marqu\u00e9 le muay\u00a0 tha\u00ef.<\/span><span id=\"p1\"> Qu\u2019il s\u2019agisse de grands combattants, d\u2019illustres pr\u00e9curseurs ou des coachs r\u00e9put\u00e9s ayant form\u00e9s les plus grands champions, toutes ces personnes ont beaucoup apport\u00e9 \u00e0 notre sport.<\/span><\/p>\n<h2>Le classement des grands noms de la boxe tha\u00ef<\/h2>\n<p><span id=\"p2\">Nous ne les avons pas s\u00e9par\u00e9s en cat\u00e9gorie, <span id=\"40\" class=\"s-rg\">combattants\/entraineurs.\u00a0<\/span> Beaucoup entrent dans les deux cat\u00e9gories.<\/span><span id=\"p45\"> \u00c0 la place, nous avons fait un classement <span id=\"48\" class=\"s-rg\">Thai\/Fran\u00e7ais\/reste<\/span> du monde.<\/span><span id=\"p46\"> \u00c9videment l\u2019\u00e9crasante majorit\u00e9 des l\u00e9gendes sont Tha\u00ef. Il y a aussi beaucoup de Fran\u00e7ais et de Hollandais, car ces deux pays ont \u00e9t\u00e9 les pioniers du d\u00e9veloppement de la boxe tha\u00ef. De ce fait, ces pays ont \u00e9galement produit un grand nombre de champions.<\/span><span id=\"p47\"> C&#8217;est pour cela que ce sont les deux pays r\u00e9guli\u00e8rement invit\u00e9s \u00e0 participer aux combats pour l\u2019anniversaire du roi de Tha\u00eflande.<\/span><\/p>\n<h3><span id=\"p70\">Quelques points importants \u00e0 souligner :<\/span><\/h3>\n<p><span id=\"p71\">Premi\u00e8rement, les noms tha\u00ef sont translit\u00e9r\u00e9s dans notre alphabet.<\/span><span id=\"p72\"> Comme il y a des r\u00e8gles <\/span><span id=\"p74\"><span id=\"77\">de<\/span> translitt\u00e9rations diff\u00e9rentes entre les <span id=\"78\">langues (<\/span><\/span><span id=\"p73\"><span id=\"p85\">(afin de mieux coller \u00e0 la prononciation et au phon\u00e9tisme)<\/span> <span id=\"76\" class=\"s-rg\">et<\/span> que ces r\u00e8gles peuvent changer au cours du temps. En cons\u00e9quence, ne vous \u00e9tonnez pas si vous connaissez ou si vous trouvez une autre orthographe.<\/span><\/p>\n<p><span id=\"p82\">Ensuite, beaucoup de combattants ont des surnoms et\/ou des pseudonymes.<\/span><span id=\"p83\"> Cela explique les diff\u00e9rences que vous remarquerez dans la longueur des noms des combattants.<\/span><span id=\"p84\"> C&#8217;est aussi la raison pour laquelle parfois certaines parties disparaissent ou changent.<\/span><\/p>\n<p><span id=\"p59\">En dernier lieu, vous remarquerez que certains noms comme <span id=\"62\">Fairtex<\/span>, <span id=\"63\">Galaxy<\/span>, <span id=\"64\">Sityodtong<\/span> ou <span id=\"65\">Petchyindee etc&#8230;<\/span><\/span><span id=\"p60\"> <span id=\"66\" class=\"s-rg\">reviennent assez souvent<\/span> chez les combattants tha\u00ef.<\/span><span id=\"p61\"> C\u2019est le nom de leur club et pas leur nom de famille.<\/span><span id=\"p14\"> Ce nom peut donc changer au cours de la carri\u00e8re du boxeur <span id=\"p10\">(quand ils changent de club).<\/span> Enfin, il change une derni\u00e8re fois quand le boxeur prend sa retraite <span id=\"p9\">(<span id=\"43\" class=\"s-rg\">ou<\/span> fonde son club)<\/span>.<\/span><span id=\"p15\"> Vous avez, par exemple, d\u2019abord connu <span id=\"25\" class=\"s-rg\">Buakaw<\/span> sous le nom de <span id=\"26\" class=\"s-rg\">Buakaw<\/span> <span id=\"27\" class=\"s-rg\">Por<\/span> <span id=\"28\" class=\"s-rg\">Pramuk<\/span> puis de <span id=\"29\" class=\"s-rg\">Buakaw<\/span> <span id=\"30\" class=\"s-rg\">Banchamek<\/span>.<\/span><span id=\"p16\"> Tous ces grands hommes ne sont absolument pas cit\u00e9s par ordre d\u2019importance et cette liste n&#8217;est \u00e9videmment pas exhaustive.<\/span><\/p>\n<h2>Une source d&#8217;inspiration pour progresser en boxe tha\u00ef<\/h2>\n<p><span id=\"p86\">Pour conclure, je vous encourage \u00e0 aller chercher sur Internet tout ce que vous pourrez trouver comme vid\u00e9os et information.<\/span><span id=\"p87\"> Ils sont une source d\u2019inspiration et c&#8217;est un excellent moyen de progresser.<\/span><span id=\"p19\"> Pour conna\u00eetre leur histoire, vous pouvez aller <a href=\"https:\/\/www.siamfightmag.com\/en\/once-upon-a-time-muay-thai-s-greatest-champions-chapter-iii-year-80\/\">ici<\/a>, et vous trouverez leurs statistiques <a href=\"https:\/\/muaythaitv.fr\/boxeurs\/\">ici.<\/a> Pour finir rendez-vous sur <span id=\"37\">Youtube<\/span> pour voir leurs combats et vous inspirer de leurs techniques et encha\u00eenements.<\/span><\/p>\n<p>[\/vc_column_text][vc_column_text]<\/p>\n<h2>Les Tha\u00eflandais<\/h2>\n<p>Adul Srisothorn<br \/>\nAnantasak Phanyutthapoom<br \/>\nAnantasak Raw For Tor<br \/>\nAnuwat Kaewsamrit<br \/>\nApidej Sitthirun<br \/>\nAslass Den Srisothorn<br \/>\nAttachai Fairtex<br \/>\nBangklanoi Sor Thanikul<br \/>\nBerkrerk Pinsinchai<br \/>\nBoolai Sor Thani kul<br \/>\nBovy Sor Udomson<br \/>\nBuakaw Banchamek<br \/>\nBunditt Singhprakarn<br \/>\nBurklek Pinsinchai<br \/>\nChamuakpetch Harpalang<br \/>\nChanchai Sor Tamarangsri<br \/>\nChangpuak Kiatthrongrit<br \/>\nCharnchai Sor Thammarangsi<br \/>\nCharoen Sap Kiatbongchong<br \/>\nChatchai Paiseetong<br \/>\nChatchaipai Sidyodthong<br \/>\nCherry Sor Wanich<br \/>\nChuchai Prakhanchai<br \/>\nCoban Lookchaomaesaitong<br \/>\nDanchai Yontarakj<br \/>\nDaotong Sittyodtong<br \/>\nDejrit Itthianuchit<br \/>\nDen Muangsurin<br \/>\nDieselnoi Chor Tanasukarn<br \/>\nFahprakorb Singhsaamliam<br \/>\nFahsai Taveechai<br \/>\nGae Sor KeawSuek<br \/>\nGingthong Loogprabaht<br \/>\nHippy Singhmanee<br \/>\nHuasai Sittiboonlert<br \/>\nInseenoi Sor Thanikul<br \/>\nJamrem Throngkitratt<br \/>\nJaroenthong Kiatbaanchong<br \/>\nJitti Muangkhonkaen<br \/>\nJockey Sittgunpai<br \/>\nJomhode Kiatadisak<br \/>\nJomthong Chuwattana<br \/>\nJomvo Chernyim<br \/>\nJongsanan fairtex<br \/>\nJumpathong Na Nontachai<br \/>\nKaensak Sor Ploenjit<br \/>\nKaew Fairtex<br \/>\nKaoklai Kaennorsing<br \/>\nKaopong Sittichuchai<br \/>\nKaruehart Sor Supawan<br \/>\nKhem Sittsongpeenong<br \/>\nKhongdej Loogbangplasroi<br \/>\nKhunpolnoi Kiatsuriya<br \/>\nKiewwaan Yontarakij.<br \/>\nKongnapa Watcharawit<br \/>\nKongsak Sittboonmee<br \/>\nKongthoranee Payakaroon<br \/>\nKrongsak Sakkasem Prakong-Boranrat.<br \/>\nLakhin Vasantasitt<br \/>\nLamnammoon Sor Sumalee<br \/>\nLamsongkram Chuwattana<br \/>\nLangsuan Phanyutthapoom<br \/>\nLerdsila Chumpairtour<br \/>\nLom E-sarn Sor Thanikul<br \/>\nMafuang Veerapol<br \/>\nManasak Sor Ploenjit<br \/>\nMetee Jayde<br \/>\nMuangchol Jeeraphan<br \/>\nNamkabuan Nongkee Pahuyuth<br \/>\nNamphon Nongkee Pahuyuth<br \/>\nNamsakno\u00ef<br \/>\nNarongnoi Kiatbunditt<br \/>\nNaruepol Fairtex<br \/>\nNetr Saknarong<br \/>\nNhongkhy Sor Prapassorn<br \/>\nNokweed Devy<br \/>\nNong B Kiatyongyuth<br \/>\nNong-Oh Kaiyanghaadao<br \/>\nNoppadet Chengsimewgym<br \/>\nNumkabuan Nhongkeepahuyuth<br \/>\nNumpol Nhongkeepahuyuth<br \/>\nNungubon Sitlerchai<br \/>\nOley Kiatoneway<br \/>\nOrachunnoi Hor Mahachai<br \/>\nOrono Por Muang Ubon<br \/>\nPadejsuek Pissanurachan<br \/>\nPanomtuanlek Harpalang<br \/>\nParuehus Loh-ngern<br \/>\nParuehuslek Sittchunthong<br \/>\nPayap Premchai<br \/>\nPayap Skulsuek<br \/>\nPetchboonchu FA. Group<br \/>\nPone Kingpetch<br \/>\nPongsiri Por Ruamrudee<br \/>\nPoot Lorlek<br \/>\nPosai Sittiboonlert<br \/>\nPrabthoranee Muangsurin,<br \/>\nPrayuth Udomsak<br \/>\nPud Pad Noy Worawut<br \/>\nRaktae Muangsurin<br \/>\nRamba Somdete<br \/>\nRavee Dechachai<br \/>\nRerngsak Petchyindee<br \/>\nRobert Kaennorasingh<br \/>\nRodtang Jitmuangnon<br \/>\nRuanpae Sittwatnhang<br \/>\nSaam A Kaiyanghaadao<br \/>\nSaenchai<br \/>\nSaenchai Sor Kingstar<br \/>\nSaengmanee Sor Tianpoh<br \/>\nSaengsakda Kittikasem<br \/>\nSaengtiannoi Sor Rungroj<br \/>\nSaenklai Sittkruodd<br \/>\nSaenmuangnoi (SAMSON)<br \/>\nSaensak Muangsurin<br \/>\nSagat Petchyindee<br \/>\nSaiyoke Pumphanmoung<br \/>\nSakad Petchyindee<br \/>\nSakchai Naakpayak<br \/>\nSakmongkol Sittchuchoak<br \/>\nSamart Payakaroon<br \/>\nSamart Prasarnmitr<br \/>\nSamersingh Tianhirun<br \/>\nSamkor Kiatmontep<br \/>\nSamson Isaan<br \/>\nSancherng Pinsinchai<br \/>\nSangtiennoi Sor Rungroj<br \/>\nSanklai Sitkru-Ott<br \/>\nSichang Sakornpitaks<br \/>\nSilachai Vor Preecha<br \/>\nSilapathai Jockey Gym<br \/>\nSingdam O Aukritt<br \/>\nSinghdum Kiat Moo Kao<br \/>\nSinghdum Or-Ukrit<br \/>\nSirimongkol Loogsiriphat<br \/>\nSmingnoom Sittiboontham<br \/>\nSomdej Yontaraki<br \/>\nSomluck Kamsing<br \/>\nSompong Jaroenmuang<br \/>\nSrimuang Singhsuan-ngern<br \/>\nSudsakorn<br \/>\nSuk Prasarthinpimai<br \/>\nSumrarnsak Muangsurin<br \/>\nSuperbon Banchamek<br \/>\nSuperlek Sor Issan<br \/>\nTherdkiat Sittepitak<br \/>\nThongbai Jaroenmuang<br \/>\nThongbai Yontarakij<br \/>\nThongchai Tor Silachai<br \/>\nTongchai Tor Silachai<br \/>\nUsamarn Sordaeng<br \/>\nVeerapol Sahaphrom<br \/>\nVicharn Sor Pinijsak<br \/>\nVicharnoi Porntavee<br \/>\nVichit Loogbangplasroi<br \/>\nWangchannoi Sor Palangchai<br \/>\nWanpadej Pukrongfah<br \/>\nWanpichit Kaennorasingh<br \/>\nYamoun Saydali<br \/>\nYodkhunpon Sittraiphum<br \/>\nYodsanklai FairtexY<br \/>\nYodtong Senanan<br \/>\nYodvicha Por Boonsitt<br \/>\nYudthagarngamtorn<br \/>\nYussop Sor Tanikuhl<\/p>\n<p>&nbsp;<\/p>\n<p>&nbsp;<\/p>\n<h2>Les francais<\/h2>\n<p>Andr\u00e9 Richard Nam<br \/>\nAndr\u00e9 Zeitoun<br \/>\nAntoine Pinto<br \/>\nAur\u00e9lien Duarte.<br \/>\nBruno Benlabed<br \/>\nDamien Alamos<br \/>\nDany Bill<br \/>\nDida Diafat<br \/>\nFabio Pinca<br \/>\nFabrice Allouche<br \/>\nFabrice Payen<br \/>\nFarid Villaume<br \/>\nGabriel Lamy<br \/>\nGilles Belloni<br \/>\nGuillaume Kerner<br \/>\nJean-Charles Skarbowsky<br \/>\nJean-Marie Merchet<br \/>\nJ\u00e9rome Le Banner<br \/>\nJimmy Vienot<br \/>\nJo Prestia<br \/>\nJohann Fauveau<br \/>\nKhalid Bibi<br \/>\nMorad Sari<br \/>\nPatrick Brizon<br \/>\nPhilippe Cantamessi<br \/>\nRafi Bohic<br \/>\nRoger Paschy<br \/>\nSam Berrandou<br \/>\nSamir Gharbi<br \/>\nSamy Sana<br \/>\nSora Yara<br \/>\nSt\u00e9phane Niki\u00e9ma<br \/>\nTidiani Biga<br \/>\nYohan Lidon<\/p>\n<h2>Les f\u00e9minines<\/h2>\n<p>Anissa Meksen<\/p>\n<p>Cathy Paschy<\/p>\n<p>Laetitia Lambert<\/p>\n<p>&nbsp;<\/p>\n<h2>Les grands noms de la boxe tha\u00ef dans les autre pays<\/h2>\n<p>Damien Trainor<br \/>\nErnesto Hoost<br \/>\nFred Royers<br \/>\nGenji Umeno<br \/>\nHiroki Ishii<br \/>\nJohn Wayne Parr<br \/>\nKozo Takeda<br \/>\nLiam Harrison<br \/>\nMurat Comert<br \/>\nPatti smith<br \/>\nPeter Aerts<br \/>\nRamon Dekkers<br \/>\nRick Roufus<br \/>\nRob Kaman<br \/>\nToshio Fujiwara<br \/>\nYoussef Boughanem<\/p>\n<p>&nbsp;<\/p>\n<p>Comme nous l&#8217;avons stipul\u00e9 plus haut, cette liste comprenant les grands noms de la boxe tha\u00ef n&#8217;est pas exhaustive. Il manque notamentbeaucoup de noms de femmes combattantes et nous ferons notre possible pour l&#8217;\u00e9toffer au plus vite.<\/p>\n<p>[\/vc_column_text][\/vc_column][\/vc_row]<\/p>\n","protected":false},"excerpt":{"rendered":"<p>[vc_row][vc_column][vc_single_image image=&#8221;230&#8243; img_size=&#8221;full&#8221; alignment=&#8221;center&#8221;][vc_column_text]Vous trouverez ici les grands noms de la boxe tha\u00ef. Ces personnes ont marqu\u00e9 le muay\u00a0 tha\u00ef. Qu\u2019il s\u2019agisse de grands combattants, d\u2019illustres pr\u00e9curseurs ou des coachs r\u00e9put\u00e9s ayant form\u00e9s les plus grands champions, toutes ces personnes ont beaucoup apport\u00e9 \u00e0 notre sport. Le classement des grands noms de la boxe tha\u00ef Nous ne les avons pas [&hellip;]<\/p>\n","protected":false},"author":1,"featured_media":0,"parent":0,"menu_order":0,"comment_status":"closed","ping_status":"closed","template":"","meta":{"_bbp_topic_count":0,"_bbp_reply_count":0,"_bbp_total_topic_count":0,"_bbp_total_reply_count":0,"_bbp_voice_count":0,"_bbp_anonymous_reply_count":0,"_bbp_topic_count_hidden":0,"_bbp_reply_count_hidden":0,"_bbp_forum_subforum_count":0,"footnotes":""},"class_list":["post-158","page","type-page","status-publish","hentry"],"yoast_head":"<!-- This site is optimized with the Yoast SEO plugin v25.7 - https:\/\/yoast.com\/wordpress\/plugins\/seo\/ -->\n<title>Les grands noms - CSEB Boxe Tha\u00ef<\/title>\n<meta name=\"description\" content=\"Vous trouverez sur cette page une liste de noms des combattants et entra\u00eeneurs qui ont marqu\u00e9 la boxe tha\u00ef.\" \/>\n<meta name=\"robots\" content=\"index, follow, max-snippet:-1, max-image-preview:large, max-video-preview:-1\" \/>\n<link rel=\"canonical\" href=\"https:\/\/csebboxethai.com\/index.php\/les-grands-noms-boxe-thai\/\" \/>\n<meta property=\"og:locale\" content=\"fr_FR\" \/>\n<meta property=\"og:type\" content=\"article\" \/>\n<meta property=\"og:title\" content=\"Les grands noms - CSEB Boxe Tha\u00ef\" \/>\n<meta property=\"og:description\" content=\"Vous trouverez sur cette page une liste de noms des combattants et entra\u00eeneurs qui ont marqu\u00e9 la boxe tha\u00ef.\" \/>\n<meta property=\"og:url\" content=\"https:\/\/csebboxethai.com\/index.php\/les-grands-noms-boxe-thai\/\" \/>\n<meta property=\"og:site_name\" content=\"CSEB Boxe Tha\u00ef\" \/>\n<meta property=\"article:modified_time\" content=\"2023-10-10T12:16:27+00:00\" \/>\n<meta name=\"twitter:card\" content=\"summary_large_image\" \/>\n<meta name=\"twitter:label1\" content=\"Dur\u00e9e de lecture estim\u00e9e\" \/>\n\t<meta name=\"twitter:data1\" content=\"5 minutes\" \/>\n<script type=\"application\/ld+json\" class=\"yoast-schema-graph\">{\"@context\":\"https:\/\/schema.org\",\"@graph\":[{\"@type\":\"WebPage\",\"@id\":\"https:\/\/csebboxethai.com\/index.php\/les-grands-noms-boxe-thai\/\",\"url\":\"https:\/\/csebboxethai.com\/index.php\/les-grands-noms-boxe-thai\/\",\"name\":\"Les grands noms - CSEB Boxe Tha\u00ef\",\"isPartOf\":{\"@id\":\"https:\/\/csebboxethai.com\/#website\"},\"datePublished\":\"2023-09-25T13:49:15+00:00\",\"dateModified\":\"2023-10-10T12:16:27+00:00\",\"description\":\"Vous trouverez sur cette page une liste de noms des combattants et entra\u00eeneurs qui ont marqu\u00e9 la boxe tha\u00ef.\",\"breadcrumb\":{\"@id\":\"https:\/\/csebboxethai.com\/index.php\/les-grands-noms-boxe-thai\/#breadcrumb\"},\"inLanguage\":\"fr-FR\",\"potentialAction\":[{\"@type\":\"ReadAction\",\"target\":[\"https:\/\/csebboxethai.com\/index.php\/les-grands-noms-boxe-thai\/\"]}]},{\"@type\":\"BreadcrumbList\",\"@id\":\"https:\/\/csebboxethai.com\/index.php\/les-grands-noms-boxe-thai\/#breadcrumb\",\"itemListElement\":[{\"@type\":\"ListItem\",\"position\":1,\"name\":\"Accueil\",\"item\":\"https:\/\/csebboxethai.com\/\"},{\"@type\":\"ListItem\",\"position\":2,\"name\":\"Les grands noms\"}]},{\"@type\":\"WebSite\",\"@id\":\"https:\/\/csebboxethai.com\/#website\",\"url\":\"https:\/\/csebboxethai.com\/\",\"name\":\"CSEB Boxe Tha\u00ef\",\"description\":\"Le club de Boxe tha\u00ef dans le 17 \u00e8me arrondissement de Paris\",\"publisher\":{\"@id\":\"https:\/\/csebboxethai.com\/#organization\"},\"potentialAction\":[{\"@type\":\"SearchAction\",\"target\":{\"@type\":\"EntryPoint\",\"urlTemplate\":\"https:\/\/csebboxethai.com\/?s={search_term_string}\"},\"query-input\":{\"@type\":\"PropertyValueSpecification\",\"valueRequired\":true,\"valueName\":\"search_term_string\"}}],\"inLanguage\":\"fr-FR\"},{\"@type\":[\"Organization\",\"Place\"],\"@id\":\"https:\/\/csebboxethai.com\/#organization\",\"name\":\"CSEB Boxe Tha\u00ef\",\"url\":\"https:\/\/csebboxethai.com\/\",\"logo\":{\"@id\":\"https:\/\/csebboxethai.com\/index.php\/les-grands-noms-boxe-thai\/#local-main-organization-logo\"},\"image\":{\"@id\":\"https:\/\/csebboxethai.com\/index.php\/les-grands-noms-boxe-thai\/#local-main-organization-logo\"},\"openingHoursSpecification\":[{\"@type\":\"OpeningHoursSpecification\",\"dayOfWeek\":[\"Monday\",\"Tuesday\",\"Wednesday\",\"Thursday\",\"Friday\",\"Saturday\",\"Sunday\"],\"opens\":\"09:00\",\"closes\":\"17:00\"}]},{\"@type\":\"ImageObject\",\"inLanguage\":\"fr-FR\",\"@id\":\"https:\/\/csebboxethai.com\/index.php\/les-grands-noms-boxe-thai\/#local-main-organization-logo\",\"url\":\"https:\/\/csebboxethai.com\/wp-content\/uploads\/2019\/10\/cropped-logo-cseb.jpg\",\"contentUrl\":\"https:\/\/csebboxethai.com\/wp-content\/uploads\/2019\/10\/cropped-logo-cseb.jpg\",\"width\":512,\"height\":512,\"caption\":\"CSEB Boxe Tha\u00ef\"}]}<\/script>\n<!-- \/ Yoast SEO plugin. -->","yoast_head_json":{"title":"Les grands noms - CSEB Boxe Tha\u00ef","description":"Vous trouverez sur cette page une liste de noms des combattants et entra\u00eeneurs qui ont marqu\u00e9 la boxe tha\u00ef.","robots":{"index":"index","follow":"follow","max-snippet":"max-snippet:-1","max-image-preview":"max-image-preview:large","max-video-preview":"max-video-preview:-1"},"canonical":"https:\/\/csebboxethai.com\/index.php\/les-grands-noms-boxe-thai\/","og_locale":"fr_FR","og_type":"article","og_title":"Les grands noms - CSEB Boxe Tha\u00ef","og_description":"Vous trouverez sur cette page une liste de noms des combattants et entra\u00eeneurs qui ont marqu\u00e9 la boxe tha\u00ef.","og_url":"https:\/\/csebboxethai.com\/index.php\/les-grands-noms-boxe-thai\/","og_site_name":"CSEB Boxe Tha\u00ef","article_modified_time":"2023-10-10T12:16:27+00:00","twitter_card":"summary_large_image","twitter_misc":{"Dur\u00e9e de lecture estim\u00e9e":"5 minutes"},"schema":{"@context":"https:\/\/schema.org","@graph":[{"@type":"WebPage","@id":"https:\/\/csebboxethai.com\/index.php\/les-grands-noms-boxe-thai\/","url":"https:\/\/csebboxethai.com\/index.php\/les-grands-noms-boxe-thai\/","name":"Les grands noms - CSEB Boxe Tha\u00ef","isPartOf":{"@id":"https:\/\/csebboxethai.com\/#website"},"datePublished":"2023-09-25T13:49:15+00:00","dateModified":"2023-10-10T12:16:27+00:00","description":"Vous trouverez sur cette page une liste de noms des combattants et entra\u00eeneurs qui ont marqu\u00e9 la boxe tha\u00ef.","breadcrumb":{"@id":"https:\/\/csebboxethai.com\/index.php\/les-grands-noms-boxe-thai\/#breadcrumb"},"inLanguage":"fr-FR","potentialAction":[{"@type":"ReadAction","target":["https:\/\/csebboxethai.com\/index.php\/les-grands-noms-boxe-thai\/"]}]},{"@type":"BreadcrumbList","@id":"https:\/\/csebboxethai.com\/index.php\/les-grands-noms-boxe-thai\/#breadcrumb","itemListElement":[{"@type":"ListItem","position":1,"name":"Accueil","item":"https:\/\/csebboxethai.com\/"},{"@type":"ListItem","position":2,"name":"Les grands noms"}]},{"@type":"WebSite","@id":"https:\/\/csebboxethai.com\/#website","url":"https:\/\/csebboxethai.com\/","name":"CSEB Boxe Tha\u00ef","description":"Le club de Boxe tha\u00ef dans le 17 \u00e8me arrondissement de Paris","publisher":{"@id":"https:\/\/csebboxethai.com\/#organization"},"potentialAction":[{"@type":"SearchAction","target":{"@type":"EntryPoint","urlTemplate":"https:\/\/csebboxethai.com\/?s={search_term_string}"},"query-input":{"@type":"PropertyValueSpecification","valueRequired":true,"valueName":"search_term_string"}}],"inLanguage":"fr-FR"},{"@type":["Organization","Place"],"@id":"https:\/\/csebboxethai.com\/#organization","name":"CSEB Boxe Tha\u00ef","url":"https:\/\/csebboxethai.com\/","logo":{"@id":"https:\/\/csebboxethai.com\/index.php\/les-grands-noms-boxe-thai\/#local-main-organization-logo"},"image":{"@id":"https:\/\/csebboxethai.com\/index.php\/les-grands-noms-boxe-thai\/#local-main-organization-logo"},"openingHoursSpecification":[{"@type":"OpeningHoursSpecification","dayOfWeek":["Monday","Tuesday","Wednesday","Thursday","Friday","Saturday","Sunday"],"opens":"09:00","closes":"17:00"}]},{"@type":"ImageObject","inLanguage":"fr-FR","@id":"https:\/\/csebboxethai.com\/index.php\/les-grands-noms-boxe-thai\/#local-main-organization-logo","url":"https:\/\/csebboxethai.com\/wp-content\/uploads\/2019\/10\/cropped-logo-cseb.jpg","contentUrl":"https:\/\/csebboxethai.com\/wp-content\/uploads\/2019\/10\/cropped-logo-cseb.jpg","width":512,"height":512,"caption":"CSEB Boxe Tha\u00ef"}]}},"_links":{"self":[{"href":"https:\/\/csebboxethai.com\/index.php\/wp-json\/wp\/v2\/pages\/158","targetHints":{"allow":["GET"]}}],"collection":[{"href":"https:\/\/csebboxethai.com\/index.php\/wp-json\/wp\/v2\/pages"}],"about":[{"href":"https:\/\/csebboxethai.com\/index.php\/wp-json\/wp\/v2\/types\/page"}],"author":[{"embeddable":true,"href":"https:\/\/csebboxethai.com\/index.php\/wp-json\/wp\/v2\/users\/1"}],"replies":[{"embeddable":true,"href":"https:\/\/csebboxethai.com\/index.php\/wp-json\/wp\/v2\/comments?post=158"}],"version-history":[{"count":0,"href":"https:\/\/csebboxethai.com\/index.php\/wp-json\/wp\/v2\/pages\/158\/revisions"}],"wp:attachment":[{"href":"https:\/\/csebboxethai.com\/index.php\/wp-json\/wp\/v2\/media?parent=158"}],"curies":[{"name":"wp","href":"https:\/\/api.w.org\/{rel}","templated":true}]}}