{"id":2,"date":"2019-10-15T20:48:15","date_gmt":"2019-10-15T18:48:15","guid":{"rendered":"http:\/\/csebboxethai.com\/?page_id=2"},"modified":"2023-09-30T16:39:32","modified_gmt":"2023-09-30T14:39:32","slug":"histoire-boxe-thailandaise","status":"publish","type":"page","link":"https:\/\/csebboxethai.com\/index.php\/histoire-boxe-thailandaise\/","title":{"rendered":"L&#8217;histoire de la boxe tha\u00eflandaise"},"content":{"rendered":"<p>[vc_row][vc_column][vc_column_text font_size=&#8221;16&#8243;]<\/p>\n<h2>L&#8217;histoire de la boxe tha\u00eflandaise : Origines et \u00c9volution.<\/h2>\n<p>Les origines pr\u00e9cises de la boxe tha\u00ef restent aujourd&#8217;hui encore entour\u00e9es de certains myst\u00e8res. En effet, de <a href=\"https:\/\/fr.wikipedia.org\/wiki\/Muay-tha%C3%AF\">nombreuses archives ont \u00e9t\u00e9 d\u00e9truites ou perdues<\/a>. Certaines sources se contredisent m\u00eame et v\u00e9rit\u00e9 historique et l\u00e9gende se m\u00ealent all\u00e8grement. Nous allons tenter n\u00e9anmoins de vous faire d\u00e9couvrir ici l&#8217;histoire de la boxe tha\u00eflandaise.<\/p>\n<p>Comme bon nombre de boxes pieds-poings d&#8217;Asie du sud-est auxquelles elle s&#8217;apparente, on lui pr\u00eate une origine insulaire. Cet anc\u00eatre commun s&#8217;est ensuite r\u00e9pandu \u00e0 travers les diff\u00e9rentes r\u00e9gions alentoures et a \u00e9volu\u00e9 de mani\u00e8re sp\u00e9cifique localement. Cela explique donc les nombreuses ressemblances avec le Kun Khmer (ou Pradel Serey), le Bokator, ou le Bama Lethwei.<\/p>\n<p>[\/vc_column_text][\/vc_column][\/vc_row][vc_row][vc_column width=&#8221;2\/3&#8243;][vc_column_text font_size=&#8221;16&#8243;]<\/p>\n<h2>Le muay boran<\/h2>\n<p>Le sport de combat que nous connaissons sous le nom de boxe tha\u00ef ou muay tha\u00ef est le descendant direct du muay boran (muay signifiant boxe et boran ancien). Ce dernier vient du bokator ou du pradal serey et forme un continuum avec le krabi krabong. Le krabi krabong est l&#8217;art martial tha\u00eflandais utilisant les armes comme le b\u00e2ton et l&#8217;\u00e9p\u00e9e. Gr\u00e2ce au muay boran, un guerrier tha\u00ef d\u00e9sarm\u00e9 sur un champ de bataille pouvait continuer \u00e0 se d\u00e9fendre.<\/p>\n<p>Le muay boran appara\u00eetrait vers le 13-\u00e8me si\u00e8cle comme un syst\u00e8me de combat militaire pour lutter contre les invasions des royaumes voisins. Ce terme d\u00e9signe, en fait, la r\u00e9union de plusieurs techniques de combat \u00e0 mains nues pr\u00e9existantes issues des quatre r\u00e9gions de la Tha\u00eelande.<\/p>\n<p>Le \u00abmuay-chaiya\u00bb ou \u00ab muay-giow \u00bb du Sud, le \u00ab muay-korat \u00bb de l&#8217; Est et du Nord-Est, le \u00ab muay-lopburi \u00bb originaire du centre de la Tha\u00eflande, et enfin le \u00ab muay-thasao \u00bb qui est plus tardif et vient du Nord.<\/p>\n<h3>Sp\u00e9cificit\u00e9s du muay boran<\/h3>\n<p>Chacune de ces formes a ses points forts par exemple le muay-chaiya repose sur une posture anguleuse o\u00f9 la d\u00e9fense est privil\u00e9gi\u00e9e ainsi que les techniques de coudes et genoux. Le muay-korat privil\u00e9gie avant tout sur la force. Le muay-lopburi mets l&#8217;accent sur les d\u00e9placements ou les variations de trajectoire et les feintes. Enfin le muay-thasao vise de pr\u00e9f\u00e9rence \u00e0 prendre de vitesse l&#8217;opposant.<\/p>\n<p><span id=\"p23\">Les techniques sont essentiellement les m\u00eames, comme le prouve l&#8217;enseignement dans toutes ces formes du &#8221; <span id=\"26\">cherng<\/span> <span id=\"27\">muay<\/span> &#8221; <span id=\"p22\">(les armes naturelles du <span id=\"24\">muay<\/span> <span id=\"25\">thai<\/span>)<\/span>, du &#8221; <span id=\"28\">kon<\/span> <span id=\"29\">muay<\/span> <span id=\"30\">kee<\/span>&#8221; <span id=\"p21\">(les techniques de d\u00e9fenses ou de contre-attaques)<\/span>, du &#8221; <span id=\"31\">mae<\/span> mai &#8221; <span id=\"p20\">(les 15 principes majeurs ou techniques de base)<\/span>, du &#8221; look mai &#8221; <span id=\"p19\">(les 15 principes mineurs ou techniques avanc\u00e9s)<\/span>, et pour finir du &#8221; <span id=\"32\">chap<\/span> ko&#8221; qui regroupe le corps \u00e0 corps et les saisies du <span id=\"34\">muay<\/span> <span id=\"35\">tha\u00ef<\/span>.<\/span> Les diff\u00e9rences sont plus de l&#8217;ordre de l&#8217;esprit, de l&#8217;attitude combattive et d&#8217;une utilisation plus fr\u00e9quentes de certaines techniques plus que d&#8217;autres. De plus dans ces quatres formes, on utilise des techniques issues d&#8217;animaux r\u00e9els comme tigre, buffle ou mythique comme le singe blanc hanuman.<\/p>\n<p><span id=\"p79\">Ces quatre formes sont r\u00e9parties en deux groupes :<\/span><span id=\"p98\"> D&#8217;une part, le <span id=\"111\" class=\"s-rg\">muay<\/span> <span id=\"112\" class=\"s-rg\">lak<\/span> qui regroupe les styles durs <span id=\"p97\">(<span id=\"108\" class=\"s-rg\">muay<\/span> <span id=\"109\" class=\"s-rg\">korat<\/span>, <span id=\"110\" class=\"s-rg\">lopburi<\/span>)<\/span> utilisant des coups et des saisies et privil\u00e9giant l\u2019opposition de force.<\/span><span id=\"p99\"> Cela n\u00e9cessite une importante pr\u00e9paration physique et un travail d&#8217;endurcissement.<\/span><span id=\"p100\"> Et d&#8217;autre part, le <span id=\"102\" class=\"s-rg\">muay<\/span> <span id=\"103\" class=\"s-rg\">kiao<\/span> avec le style souple du <span id=\"104\" class=\"s-rg\">muay<\/span> <span id=\"105\" class=\"s-rg\">thasao<\/span> ou du <span id=\"106\" class=\"s-rg\">muay<\/span> <span id=\"107\" class=\"s-rg\">chaiya<\/span> qui repose sur la vitesse et l\u2019agilit\u00e9 des d\u00e9placements lors des attaques et des esquives.<\/span><span id=\"p101\"> Le but est d\u2019\u00e9viter le plus possible de se confronter \u00e0 la puissance de l&#8217;opposant.<\/span><\/p>\n<h3>Le muay boran aujourd&#8217;hui<\/h3>\n<p>M\u00eame si le muay boran a d\u00e9clin\u00e9 en importance, il est toujours pratiqu\u00e9 aujourd&#8217;hui. Les techniques sont semblables \u00e0 plus de 90% et les diff\u00e9rences sont minimes. Le muay boran est un art de combat et de self d\u00e9fense militaire par opposition \u00e0 la boxe tha\u00ef qui est un sport. Ainsi, la boxe tha\u00ef a supprim\u00e9 les coups mortels et trop dangereux (comme ceux qui visent les articulations ou les coups de t\u00eate) pour une pratique quotidienne dans un ring. Cela permettra d&#8217;en faire le sport de combat qu&#8217;elle est aujourd&#8217;hui.<\/p>\n<p>Utilis\u00e9e lors de f\u00eates villageoises, pour r\u00e9gler des querelles ou se prot\u00e9ger des attaques, puis sur les champs de bataille et par les gardes du corps du roi, les visages de la boxe tha\u00ef \u00e0 travers l&#8217;histoire sont nombreux.[\/vc_column_text][\/vc_column][vc_column width=&#8221;1\/3&#8243;][vc_single_image image=&#8221;310&#8243; img_size=&#8221;large&#8221; alignment=&#8221;center&#8221;][\/vc_column][\/vc_row][vc_row][vc_column width=&#8221;2\/3&#8243;][vc_single_image image=&#8221;215&#8243; img_size=&#8221;large&#8221; alignment=&#8221;center&#8221;][\/vc_column][vc_column width=&#8221;1\/3&#8243;][vc_column_text font_size=&#8221;16&#8243;]<\/p>\n<h2>Les d\u00e9buts de la boxe tha\u00ef<\/h2>\n<p>Cette pratique martiale prend son aspect sportif lors du tournoi organis\u00e9 par le roi Birman Hsinbyushin en 1774 \u00e0 Rangoon. Un guerrier tha\u00eflandais, Nai Khanomtom, aurait vaincu 10 boxeurs birmans d&#8217;affil\u00e9. Impressionn\u00e9 par les talents du combattant, le roi le lib\u00e8re et le laisse rentrer chez lui. Il devienfra ma\u00eetre de Muay Boran.<\/p>\n<p>\u00c0 la fin du 19-\u00e8me si\u00e8cle le roi Rama V couronne plusieurs ma\u00eetres de ces diff\u00e9rents style afin de les officialiser.<\/p>\n<p>En 1930, l\u2019influence des envahisseurs anglais et de leur boxe fait passer la muay boran \u00e0 la boxe tha\u00ef. On institue des r\u00e8gles de combat sportif inspir\u00e9es de la boxe anglaise.\u00a0 La division en rounds, l&#8217;interdiction de frapper un homme sol, les protections (gants pour remplacer les cordes du Kard Chuek) viennet de la boxe anglaise.<\/p>\n<p>C&#8217;est dans les ann\u00e9es 70 que l&#8217;histoire de la boxe tha\u00eflandaise commence en occident. Elle arrive d&#8217;abord en France et en Hollande. Elle est d&#8217;abord pratiqu\u00e9e par les communaut\u00e9s asiatiques Tha\u00ef, Khmer, Laotienne. On raconte que les gar\u00e7ons de cuisine pratiquaient entre eux dans les arri\u00e8re-cours des restaurants. Puis un certain nombre de pr\u00e9curseurs partent se former directement en Tha\u00eflande.[\/vc_column_text][\/vc_column][\/vc_row][vc_row][vc_column width=&#8221;2\/3&#8243;][vc_column_text font_size=&#8221;16&#8243;]<\/p>\n<h2>L&#8217;explosion de la boxe tha\u00ef<\/h2>\n<p>Dans les ann\u00e9es 2000, la boxe tha\u00ef explose gr\u00e2ce aux films Ong-Bak et Tom-Yum-Goong de Pana Rittikrai avec le tr\u00e8s impressionnant Tony Jaa. C&#8217;est surtout du muay boran que l&#8217;on voit dans ces films, mais la mode de la boxe tha\u00ef est lanc\u00e9e.<\/p>\n<p>Les grands \u00ab temples \u00bb de la boxe tha\u00ef sont le Lumpinee et le Rajadamnoen. Le Lumpinee est g\u00e9r\u00e9 par le gouvernement et le Rajadamnoen par l&#8217;arm\u00e9e et sont tous deux situ\u00e9s \u00e0 Bangkok. Il existait quelques diff\u00e9rences quant aux comptages des points et aux d\u00e9roulements des combats entre ces deux stades que nous d\u00e9taillerons <a href=\"https:\/\/csebboxethai.com\/index.php\/les-regles-de-la-boxe-thai\/\">ici<\/a>. Il faut aussi rajouter le stadium TV7 qui regroupe uniquement les champions du Lumpinee et du Rajadamnoen.<\/p>\n<p>Enfin, en Tha\u00eflande, la boxe tha\u00ef est devenue sport-spectacle avec de tr\u00e8s nombreux paris pendant les combats. C&#8217;est un sport professionnalis\u00e9 (comme la boxe anglaise ou le MMA) ce qui permet au boxeur d&#8217;en vivre. De plus une v\u00e9ritable industrie prosp\u00e8re autour de ce sport dans le pays. Vous remarquerez qu musique traditionnelle accompagne les combats. Les Nak muay suivent le rythme de la musique qui leur indique s&#8217;ils doivent acc\u00e9l\u00e9rer ou ralentir. Le but est\u00a0 d&#8217;assurer un show de qualit\u00e9 et de laisser le temps au parieur de placer leurs paris. [\/vc_column_text][\/vc_column][vc_column width=&#8221;1\/3&#8243;][vc_single_image image=&#8221;240&#8243; img_size=&#8221;large&#8221; alignment=&#8221;center&#8221;][\/vc_column][\/vc_row][vc_row][vc_column][vc_column_text font_size=&#8221;16&#8243;]<\/p>\n<h2>Une descendance nombreuse<\/h2>\n<p><span id=\"p24\">L&#8217;histoire de la boxe tha\u00eelandaise ne s&#8217;arr\u00eate pas l\u00e0, car elle<\/span> a engendr\u00e9 une belle descendance. Elle est \u00e0 la base du kick-boxing am\u00e9ricain et japonais.<\/p>\n<p>Dans un sens elle est aussi, en partie au moins avec le muay boran, \u00e0 l&#8217;origine du muay lerdrit. Il s&#8217;agit d&#8217;un syst\u00e8me de combat militaire qui privil\u00e9gie le combat rapproch\u00e9, l&#8217;utilisation des coups de coudes et de genoux. Il est utilis\u00e9 par les forces sp\u00e9ciales et l&#8217;arm\u00e9e tha\u00eflandaise.<\/p>\n<p>Nous voici arriv\u00e9s au bout de notre histoire de la boxe tha\u00eflandaise. \u00c9videmment, nous ne pouvons pas \u00eatre compl\u00e8tement exhaustifs ici. N&#8217;h\u00e9sitez pas \u00e0 fouiller sur le net pour trouver plus de d\u00e9tails et d&#8217;anecdotes croustillantes sur notre sport. Vous y d\u00e9couvrirez des faits et une histoire riche et passionnante.[\/vc_column_text][\/vc_column][\/vc_row]<\/p>\n","protected":false},"excerpt":{"rendered":"<p>[vc_row][vc_column][vc_column_text font_size=&#8221;16&#8243;] L&#8217;histoire de la boxe tha\u00eflandaise : Origines et \u00c9volution. Les origines pr\u00e9cises de la boxe tha\u00ef restent aujourd&#8217;hui encore entour\u00e9es de certains myst\u00e8res. En effet, de nombreuses archives ont \u00e9t\u00e9 d\u00e9truites ou perdues. Certaines sources se contredisent m\u00eame et v\u00e9rit\u00e9 historique et l\u00e9gende se m\u00ealent all\u00e8grement. Nous allons tenter n\u00e9anmoins de vous faire d\u00e9couvrir ici l&#8217;histoire de la [&hellip;]<\/p>\n","protected":false},"author":1,"featured_media":0,"parent":0,"menu_order":0,"comment_status":"closed","ping_status":"open","template":"","meta":{"_bbp_topic_count":0,"_bbp_reply_count":0,"_bbp_total_topic_count":0,"_bbp_total_reply_count":0,"_bbp_voice_count":0,"_bbp_anonymous_reply_count":0,"_bbp_topic_count_hidden":0,"_bbp_reply_count_hidden":0,"_bbp_forum_subforum_count":0,"footnotes":""},"class_list":["post-2","page","type-page","status-publish","hentry"],"yoast_head":"<!-- This site is optimized with the Yoast SEO plugin v25.7 - https:\/\/yoast.com\/wordpress\/plugins\/seo\/ -->\n<title>&#039;histoire de la boxe tha\u00eflandaise<\/title>\n<meta name=\"description\" content=\"Plongez dans l&#039;histoire de la boxe tha\u00eflandaise. Remontez \u00e0 ses origines et d\u00e9couvrez ses derni\u00e8res \u00e9volutions.\" \/>\n<meta name=\"robots\" content=\"index, follow, max-snippet:-1, max-image-preview:large, max-video-preview:-1\" \/>\n<link rel=\"canonical\" href=\"https:\/\/csebboxethai.com\/index.php\/histoire-boxe-thailandaise\/\" \/>\n<meta property=\"og:locale\" content=\"fr_FR\" \/>\n<meta property=\"og:type\" content=\"article\" \/>\n<meta property=\"og:title\" content=\"&#039;histoire de la boxe tha\u00eflandaise\" \/>\n<meta property=\"og:description\" content=\"Plongez dans l&#039;histoire de la boxe tha\u00eflandaise. Remontez \u00e0 ses origines et d\u00e9couvrez ses derni\u00e8res \u00e9volutions.\" \/>\n<meta property=\"og:url\" content=\"https:\/\/csebboxethai.com\/index.php\/histoire-boxe-thailandaise\/\" \/>\n<meta property=\"og:site_name\" content=\"CSEB Boxe Tha\u00ef\" \/>\n<meta property=\"article:modified_time\" content=\"2023-09-30T14:39:32+00:00\" \/>\n<meta name=\"twitter:card\" content=\"summary_large_image\" \/>\n<meta name=\"twitter:label1\" content=\"Dur\u00e9e de lecture estim\u00e9e\" \/>\n\t<meta name=\"twitter:data1\" content=\"7 minutes\" \/>\n<script type=\"application\/ld+json\" class=\"yoast-schema-graph\">{\"@context\":\"https:\/\/schema.org\",\"@graph\":[{\"@type\":\"WebPage\",\"@id\":\"https:\/\/csebboxethai.com\/index.php\/histoire-boxe-thailandaise\/\",\"url\":\"https:\/\/csebboxethai.com\/index.php\/histoire-boxe-thailandaise\/\",\"name\":\"'histoire de la boxe tha\u00eflandaise\",\"isPartOf\":{\"@id\":\"https:\/\/csebboxethai.com\/#website\"},\"datePublished\":\"2019-10-15T18:48:15+00:00\",\"dateModified\":\"2023-09-30T14:39:32+00:00\",\"description\":\"Plongez dans l'histoire de la boxe tha\u00eflandaise. Remontez \u00e0 ses origines et d\u00e9couvrez ses derni\u00e8res \u00e9volutions.\",\"breadcrumb\":{\"@id\":\"https:\/\/csebboxethai.com\/index.php\/histoire-boxe-thailandaise\/#breadcrumb\"},\"inLanguage\":\"fr-FR\",\"potentialAction\":[{\"@type\":\"ReadAction\",\"target\":[\"https:\/\/csebboxethai.com\/index.php\/histoire-boxe-thailandaise\/\"]}]},{\"@type\":\"BreadcrumbList\",\"@id\":\"https:\/\/csebboxethai.com\/index.php\/histoire-boxe-thailandaise\/#breadcrumb\",\"itemListElement\":[{\"@type\":\"ListItem\",\"position\":1,\"name\":\"Accueil\",\"item\":\"https:\/\/csebboxethai.com\/\"},{\"@type\":\"ListItem\",\"position\":2,\"name\":\"L&#8217;histoire de la boxe tha\u00eflandaise\"}]},{\"@type\":\"WebSite\",\"@id\":\"https:\/\/csebboxethai.com\/#website\",\"url\":\"https:\/\/csebboxethai.com\/\",\"name\":\"CSEB Boxe Tha\u00ef\",\"description\":\"Le club de Boxe tha\u00ef dans le 17 \u00e8me arrondissement de Paris\",\"publisher\":{\"@id\":\"https:\/\/csebboxethai.com\/#organization\"},\"potentialAction\":[{\"@type\":\"SearchAction\",\"target\":{\"@type\":\"EntryPoint\",\"urlTemplate\":\"https:\/\/csebboxethai.com\/?s={search_term_string}\"},\"query-input\":{\"@type\":\"PropertyValueSpecification\",\"valueRequired\":true,\"valueName\":\"search_term_string\"}}],\"inLanguage\":\"fr-FR\"},{\"@type\":[\"Organization\",\"Place\"],\"@id\":\"https:\/\/csebboxethai.com\/#organization\",\"name\":\"CSEB Boxe Tha\u00ef\",\"url\":\"https:\/\/csebboxethai.com\/\",\"logo\":{\"@id\":\"https:\/\/csebboxethai.com\/index.php\/histoire-boxe-thailandaise\/#local-main-organization-logo\"},\"image\":{\"@id\":\"https:\/\/csebboxethai.com\/index.php\/histoire-boxe-thailandaise\/#local-main-organization-logo\"},\"openingHoursSpecification\":[{\"@type\":\"OpeningHoursSpecification\",\"dayOfWeek\":[\"Monday\",\"Tuesday\",\"Wednesday\",\"Thursday\",\"Friday\",\"Saturday\",\"Sunday\"],\"opens\":\"09:00\",\"closes\":\"17:00\"}]},{\"@type\":\"ImageObject\",\"inLanguage\":\"fr-FR\",\"@id\":\"https:\/\/csebboxethai.com\/index.php\/histoire-boxe-thailandaise\/#local-main-organization-logo\",\"url\":\"https:\/\/csebboxethai.com\/wp-content\/uploads\/2019\/10\/cropped-logo-cseb.jpg\",\"contentUrl\":\"https:\/\/csebboxethai.com\/wp-content\/uploads\/2019\/10\/cropped-logo-cseb.jpg\",\"width\":512,\"height\":512,\"caption\":\"CSEB Boxe Tha\u00ef\"}]}<\/script>\n<!-- \/ Yoast SEO plugin. -->","yoast_head_json":{"title":"'histoire de la boxe tha\u00eflandaise","description":"Plongez dans l'histoire de la boxe tha\u00eflandaise. Remontez \u00e0 ses origines et d\u00e9couvrez ses derni\u00e8res \u00e9volutions.","robots":{"index":"index","follow":"follow","max-snippet":"max-snippet:-1","max-image-preview":"max-image-preview:large","max-video-preview":"max-video-preview:-1"},"canonical":"https:\/\/csebboxethai.com\/index.php\/histoire-boxe-thailandaise\/","og_locale":"fr_FR","og_type":"article","og_title":"'histoire de la boxe tha\u00eflandaise","og_description":"Plongez dans l'histoire de la boxe tha\u00eflandaise. Remontez \u00e0 ses origines et d\u00e9couvrez ses derni\u00e8res \u00e9volutions.","og_url":"https:\/\/csebboxethai.com\/index.php\/histoire-boxe-thailandaise\/","og_site_name":"CSEB Boxe Tha\u00ef","article_modified_time":"2023-09-30T14:39:32+00:00","twitter_card":"summary_large_image","twitter_misc":{"Dur\u00e9e de lecture estim\u00e9e":"7 minutes"},"schema":{"@context":"https:\/\/schema.org","@graph":[{"@type":"WebPage","@id":"https:\/\/csebboxethai.com\/index.php\/histoire-boxe-thailandaise\/","url":"https:\/\/csebboxethai.com\/index.php\/histoire-boxe-thailandaise\/","name":"'histoire de la boxe tha\u00eflandaise","isPartOf":{"@id":"https:\/\/csebboxethai.com\/#website"},"datePublished":"2019-10-15T18:48:15+00:00","dateModified":"2023-09-30T14:39:32+00:00","description":"Plongez dans l'histoire de la boxe tha\u00eflandaise. Remontez \u00e0 ses origines et d\u00e9couvrez ses derni\u00e8res \u00e9volutions.","breadcrumb":{"@id":"https:\/\/csebboxethai.com\/index.php\/histoire-boxe-thailandaise\/#breadcrumb"},"inLanguage":"fr-FR","potentialAction":[{"@type":"ReadAction","target":["https:\/\/csebboxethai.com\/index.php\/histoire-boxe-thailandaise\/"]}]},{"@type":"BreadcrumbList","@id":"https:\/\/csebboxethai.com\/index.php\/histoire-boxe-thailandaise\/#breadcrumb","itemListElement":[{"@type":"ListItem","position":1,"name":"Accueil","item":"https:\/\/csebboxethai.com\/"},{"@type":"ListItem","position":2,"name":"L&#8217;histoire de la boxe tha\u00eflandaise"}]},{"@type":"WebSite","@id":"https:\/\/csebboxethai.com\/#website","url":"https:\/\/csebboxethai.com\/","name":"CSEB Boxe Tha\u00ef","description":"Le club de Boxe tha\u00ef dans le 17 \u00e8me arrondissement de Paris","publisher":{"@id":"https:\/\/csebboxethai.com\/#organization"},"potentialAction":[{"@type":"SearchAction","target":{"@type":"EntryPoint","urlTemplate":"https:\/\/csebboxethai.com\/?s={search_term_string}"},"query-input":{"@type":"PropertyValueSpecification","valueRequired":true,"valueName":"search_term_string"}}],"inLanguage":"fr-FR"},{"@type":["Organization","Place"],"@id":"https:\/\/csebboxethai.com\/#organization","name":"CSEB Boxe Tha\u00ef","url":"https:\/\/csebboxethai.com\/","logo":{"@id":"https:\/\/csebboxethai.com\/index.php\/histoire-boxe-thailandaise\/#local-main-organization-logo"},"image":{"@id":"https:\/\/csebboxethai.com\/index.php\/histoire-boxe-thailandaise\/#local-main-organization-logo"},"openingHoursSpecification":[{"@type":"OpeningHoursSpecification","dayOfWeek":["Monday","Tuesday","Wednesday","Thursday","Friday","Saturday","Sunday"],"opens":"09:00","closes":"17:00"}]},{"@type":"ImageObject","inLanguage":"fr-FR","@id":"https:\/\/csebboxethai.com\/index.php\/histoire-boxe-thailandaise\/#local-main-organization-logo","url":"https:\/\/csebboxethai.com\/wp-content\/uploads\/2019\/10\/cropped-logo-cseb.jpg","contentUrl":"https:\/\/csebboxethai.com\/wp-content\/uploads\/2019\/10\/cropped-logo-cseb.jpg","width":512,"height":512,"caption":"CSEB Boxe Tha\u00ef"}]}},"_links":{"self":[{"href":"https:\/\/csebboxethai.com\/index.php\/wp-json\/wp\/v2\/pages\/2","targetHints":{"allow":["GET"]}}],"collection":[{"href":"https:\/\/csebboxethai.com\/index.php\/wp-json\/wp\/v2\/pages"}],"about":[{"href":"https:\/\/csebboxethai.com\/index.php\/wp-json\/wp\/v2\/types\/page"}],"author":[{"embeddable":true,"href":"https:\/\/csebboxethai.com\/index.php\/wp-json\/wp\/v2\/users\/1"}],"replies":[{"embeddable":true,"href":"https:\/\/csebboxethai.com\/index.php\/wp-json\/wp\/v2\/comments?post=2"}],"version-history":[{"count":0,"href":"https:\/\/csebboxethai.com\/index.php\/wp-json\/wp\/v2\/pages\/2\/revisions"}],"wp:attachment":[{"href":"https:\/\/csebboxethai.com\/index.php\/wp-json\/wp\/v2\/media?parent=2"}],"curies":[{"name":"wp","href":"https:\/\/api.w.org\/{rel}","templated":true}]}}