{"id":341,"date":"2025-09-24T12:37:29","date_gmt":"2025-09-24T10:37:29","guid":{"rendered":"https:\/\/csebboxethai.com\/?page_id=341"},"modified":"2025-09-24T12:37:32","modified_gmt":"2025-09-24T10:37:32","slug":"le-club","status":"publish","type":"page","link":"https:\/\/csebboxethai.com\/index.php\/le-club\/","title":{"rendered":"Le club"},"content":{"rendered":"\n<p>Vous trouverez dans cette section les diff\u00e9rentes informations utiles concernant le club :<\/p>\n\n\n\n<p><br><a href=\"https:\/\/csebboxethai.com\/index.php\/club-boxe-thai-a-paris-dans-le-17\/\">O\u00f9 nous trouver ?<\/a> Cette page vous fournit toutes les informations pratiques pour localiser le club et vous y rendre, quel que soit le moyen de transport choisi.<\/p>\n\n\n\n<p><a href=\"https:\/\/csebboxethai.com\/index.php\/entrainement-boxe-thai\/\">L\u2019entra\u00eenement en boxe tha\u00ef<\/a> Cette page d\u00e9crit l\u2019organisation des s\u00e9ances ainsi que notre vision d\u2019un entra\u00eenement optimal. Nous combinons l\u2019efficacit\u00e9 du savoir-faire de l\u2019un des plus grands entra\u00eeneurs et formateurs de champions en boxe tha\u00efe avec les derni\u00e8res d\u00e9couvertes scientifiques, soutenues par les technologies modernes.<\/p>\n\n\n\n<p><a href=\"https:\/\/csebboxethai.com\/index.php\/coaching-mental-pour-sportif\/\">Les services propos\u00e9s par le club<\/a> En plus des cours collectifs de boxe tha\u00ef, qui constituent l\u2019essentiel de notre activit\u00e9, nous offrons des services suppl\u00e9mentaires. D\u00e9couvrez-les ici.<\/p>\n\n\n\n<p><a href=\"https:\/\/csebboxethai.com\/index.php\/la-salle\/\">La salle<\/a> Nous avons la chance de disposer d\u2019une vaste salle, lumineuse, bien \u00e9quip\u00e9e et dot\u00e9e de commodit\u00e9s qui font vraiment la diff\u00e9rence \u00e0 Paris.<\/p>\n\n\n\n<p><a href=\"https:\/\/csebboxethai.com\/index.php\/equipement-en-boxe-thai\/\">L\u2019\u00e9quipement en boxe tha\u00ef<\/a> Les d\u00e9butants se demandent souvent quel mat\u00e9riel est n\u00e9cessaire, o\u00f9 et quand l\u2019acheter. Retrouvez toutes les r\u00e9ponses \u00e0 ces questions ici.<\/p>\n\n\n\n<p><a href=\"https:\/\/csebboxethai.com\/actualite-du-cseb-boxe-thai\/\">Actualit\u00e9 du CSEB Boxe Tha\u00ef<\/a> Cette page pr\u00e9sente les \u00e9v\u00e9nements auxquels nous participons et o\u00f9 vous pouvez venir nous rencontrer.<\/p>\n\n\n\n<p><a href=\"https:\/\/csebboxethai.com\/index.php\/merchandising-du-cseb-boxe-thai\/\">Merchandising<\/a> L\u2019achat de notre merchandising, avec les dons, est l\u2019un des seuls moyens de soutenir l\u2019association. D\u00e9couvrez ici notre collection.<\/p>\n\n\n\n<p><\/p>\n","protected":false},"excerpt":{"rendered":"<p>Vous trouverez dans cette section les diff\u00e9rentes informations utiles concernant le club : O\u00f9 nous trouver ? Cette page vous fournit toutes les informations pratiques pour localiser le club et vous y rendre, quel que soit le moyen de transport choisi. L\u2019entra\u00eenement en boxe tha\u00ef Cette page d\u00e9crit l\u2019organisation des s\u00e9ances ainsi que notre vision d\u2019un entra\u00eenement optimal. Nous combinons [&hellip;]<\/p>\n","protected":false},"author":1,"featured_media":0,"parent":0,"menu_order":0,"comment_status":"closed","ping_status":"closed","template":"","meta":{"_bbp_topic_count":0,"_bbp_reply_count":0,"_bbp_total_topic_count":0,"_bbp_total_reply_count":0,"_bbp_voice_count":0,"_bbp_anonymous_reply_count":0,"_bbp_topic_count_hidden":0,"_bbp_reply_count_hidden":0,"_bbp_forum_subforum_count":0,"footnotes":""},"class_list":["post-341","page","type-page","status-publish","hentry"],"yoast_head":"<!-- This site is optimized with the Yoast SEO plugin v25.7 - https:\/\/yoast.com\/wordpress\/plugins\/seo\/ -->\n<title>Le club - CSEB Boxe Tha\u00ef<\/title>\n<meta name=\"robots\" content=\"index, follow, max-snippet:-1, max-image-preview:large, max-video-preview:-1\" \/>\n<link rel=\"canonical\" href=\"https:\/\/csebboxethai.com\/index.php\/le-club\/\" \/>\n<meta property=\"og:locale\" content=\"fr_FR\" \/>\n<meta property=\"og:type\" content=\"article\" \/>\n<meta property=\"og:title\" content=\"Le club - CSEB Boxe Tha\u00ef\" \/>\n<meta property=\"og:description\" content=\"Vous trouverez dans cette section les diff\u00e9rentes informations utiles concernant le club : O\u00f9 nous trouver ? Cette page vous fournit toutes les informations pratiques pour localiser le club et vous y rendre, quel que soit le moyen de transport choisi. L\u2019entra\u00eenement en boxe tha\u00ef Cette page d\u00e9crit l\u2019organisation des s\u00e9ances ainsi que notre vision d\u2019un entra\u00eenement optimal. Nous combinons [&hellip;]\" \/>\n<meta property=\"og:url\" content=\"https:\/\/csebboxethai.com\/index.php\/le-club\/\" \/>\n<meta property=\"og:site_name\" content=\"CSEB Boxe Tha\u00ef\" \/>\n<meta property=\"article:modified_time\" content=\"2025-09-24T10:37:32+00:00\" \/>\n<meta name=\"twitter:card\" content=\"summary_large_image\" \/>\n<meta name=\"twitter:label1\" content=\"Dur\u00e9e de lecture estim\u00e9e\" \/>\n\t<meta name=\"twitter:data1\" content=\"1 minute\" \/>\n<script type=\"application\/ld+json\" class=\"yoast-schema-graph\">{\"@context\":\"https:\/\/schema.org\",\"@graph\":[{\"@type\":\"WebPage\",\"@id\":\"https:\/\/csebboxethai.com\/index.php\/le-club\/\",\"url\":\"https:\/\/csebboxethai.com\/index.php\/le-club\/\",\"name\":\"Le club - CSEB Boxe Tha\u00ef\",\"isPartOf\":{\"@id\":\"https:\/\/csebboxethai.com\/#website\"},\"datePublished\":\"2025-09-24T10:37:29+00:00\",\"dateModified\":\"2025-09-24T10:37:32+00:00\",\"breadcrumb\":{\"@id\":\"https:\/\/csebboxethai.com\/index.php\/le-club\/#breadcrumb\"},\"inLanguage\":\"fr-FR\",\"potentialAction\":[{\"@type\":\"ReadAction\",\"target\":[\"https:\/\/csebboxethai.com\/index.php\/le-club\/\"]}]},{\"@type\":\"BreadcrumbList\",\"@id\":\"https:\/\/csebboxethai.com\/index.php\/le-club\/#breadcrumb\",\"itemListElement\":[{\"@type\":\"ListItem\",\"position\":1,\"name\":\"Accueil\",\"item\":\"https:\/\/csebboxethai.com\/\"},{\"@type\":\"ListItem\",\"position\":2,\"name\":\"Le club\"}]},{\"@type\":\"WebSite\",\"@id\":\"https:\/\/csebboxethai.com\/#website\",\"url\":\"https:\/\/csebboxethai.com\/\",\"name\":\"CSEB Boxe Tha\u00ef\",\"description\":\"Le club de Boxe tha\u00ef dans le 17 \u00e8me arrondissement de Paris\",\"publisher\":{\"@id\":\"https:\/\/csebboxethai.com\/#organization\"},\"potentialAction\":[{\"@type\":\"SearchAction\",\"target\":{\"@type\":\"EntryPoint\",\"urlTemplate\":\"https:\/\/csebboxethai.com\/?s={search_term_string}\"},\"query-input\":{\"@type\":\"PropertyValueSpecification\",\"valueRequired\":true,\"valueName\":\"search_term_string\"}}],\"inLanguage\":\"fr-FR\"},{\"@type\":[\"Organization\",\"Place\"],\"@id\":\"https:\/\/csebboxethai.com\/#organization\",\"name\":\"CSEB Boxe Tha\u00ef\",\"url\":\"https:\/\/csebboxethai.com\/\",\"logo\":{\"@id\":\"https:\/\/csebboxethai.com\/index.php\/le-club\/#local-main-organization-logo\"},\"image\":{\"@id\":\"https:\/\/csebboxethai.com\/index.php\/le-club\/#local-main-organization-logo\"},\"openingHoursSpecification\":[{\"@type\":\"OpeningHoursSpecification\",\"dayOfWeek\":[\"Monday\",\"Tuesday\",\"Wednesday\",\"Thursday\",\"Friday\",\"Saturday\",\"Sunday\"],\"opens\":\"09:00\",\"closes\":\"17:00\"}]},{\"@type\":\"ImageObject\",\"inLanguage\":\"fr-FR\",\"@id\":\"https:\/\/csebboxethai.com\/index.php\/le-club\/#local-main-organization-logo\",\"url\":\"https:\/\/csebboxethai.com\/wp-content\/uploads\/2019\/10\/cropped-logo-cseb.jpg\",\"contentUrl\":\"https:\/\/csebboxethai.com\/wp-content\/uploads\/2019\/10\/cropped-logo-cseb.jpg\",\"width\":512,\"height\":512,\"caption\":\"CSEB Boxe Tha\u00ef\"}]}<\/script>\n<!-- \/ Yoast SEO plugin. -->","yoast_head_json":{"title":"Le club - CSEB Boxe Tha\u00ef","robots":{"index":"index","follow":"follow","max-snippet":"max-snippet:-1","max-image-preview":"max-image-preview:large","max-video-preview":"max-video-preview:-1"},"canonical":"https:\/\/csebboxethai.com\/index.php\/le-club\/","og_locale":"fr_FR","og_type":"article","og_title":"Le club - CSEB Boxe Tha\u00ef","og_description":"Vous trouverez dans cette section les diff\u00e9rentes informations utiles concernant le club : O\u00f9 nous trouver ? Cette page vous fournit toutes les informations pratiques pour localiser le club et vous y rendre, quel que soit le moyen de transport choisi. L\u2019entra\u00eenement en boxe tha\u00ef Cette page d\u00e9crit l\u2019organisation des s\u00e9ances ainsi que notre vision d\u2019un entra\u00eenement optimal. Nous combinons [&hellip;]","og_url":"https:\/\/csebboxethai.com\/index.php\/le-club\/","og_site_name":"CSEB Boxe Tha\u00ef","article_modified_time":"2025-09-24T10:37:32+00:00","twitter_card":"summary_large_image","twitter_misc":{"Dur\u00e9e de lecture estim\u00e9e":"1 minute"},"schema":{"@context":"https:\/\/schema.org","@graph":[{"@type":"WebPage","@id":"https:\/\/csebboxethai.com\/index.php\/le-club\/","url":"https:\/\/csebboxethai.com\/index.php\/le-club\/","name":"Le club - CSEB Boxe Tha\u00ef","isPartOf":{"@id":"https:\/\/csebboxethai.com\/#website"},"datePublished":"2025-09-24T10:37:29+00:00","dateModified":"2025-09-24T10:37:32+00:00","breadcrumb":{"@id":"https:\/\/csebboxethai.com\/index.php\/le-club\/#breadcrumb"},"inLanguage":"fr-FR","potentialAction":[{"@type":"ReadAction","target":["https:\/\/csebboxethai.com\/index.php\/le-club\/"]}]},{"@type":"BreadcrumbList","@id":"https:\/\/csebboxethai.com\/index.php\/le-club\/#breadcrumb","itemListElement":[{"@type":"ListItem","position":1,"name":"Accueil","item":"https:\/\/csebboxethai.com\/"},{"@type":"ListItem","position":2,"name":"Le club"}]},{"@type":"WebSite","@id":"https:\/\/csebboxethai.com\/#website","url":"https:\/\/csebboxethai.com\/","name":"CSEB Boxe Tha\u00ef","description":"Le club de Boxe tha\u00ef dans le 17 \u00e8me arrondissement de Paris","publisher":{"@id":"https:\/\/csebboxethai.com\/#organization"},"potentialAction":[{"@type":"SearchAction","target":{"@type":"EntryPoint","urlTemplate":"https:\/\/csebboxethai.com\/?s={search_term_string}"},"query-input":{"@type":"PropertyValueSpecification","valueRequired":true,"valueName":"search_term_string"}}],"inLanguage":"fr-FR"},{"@type":["Organization","Place"],"@id":"https:\/\/csebboxethai.com\/#organization","name":"CSEB Boxe Tha\u00ef","url":"https:\/\/csebboxethai.com\/","logo":{"@id":"https:\/\/csebboxethai.com\/index.php\/le-club\/#local-main-organization-logo"},"image":{"@id":"https:\/\/csebboxethai.com\/index.php\/le-club\/#local-main-organization-logo"},"openingHoursSpecification":[{"@type":"OpeningHoursSpecification","dayOfWeek":["Monday","Tuesday","Wednesday","Thursday","Friday","Saturday","Sunday"],"opens":"09:00","closes":"17:00"}]},{"@type":"ImageObject","inLanguage":"fr-FR","@id":"https:\/\/csebboxethai.com\/index.php\/le-club\/#local-main-organization-logo","url":"https:\/\/csebboxethai.com\/wp-content\/uploads\/2019\/10\/cropped-logo-cseb.jpg","contentUrl":"https:\/\/csebboxethai.com\/wp-content\/uploads\/2019\/10\/cropped-logo-cseb.jpg","width":512,"height":512,"caption":"CSEB Boxe Tha\u00ef"}]}},"_links":{"self":[{"href":"https:\/\/csebboxethai.com\/index.php\/wp-json\/wp\/v2\/pages\/341","targetHints":{"allow":["GET"]}}],"collection":[{"href":"https:\/\/csebboxethai.com\/index.php\/wp-json\/wp\/v2\/pages"}],"about":[{"href":"https:\/\/csebboxethai.com\/index.php\/wp-json\/wp\/v2\/types\/page"}],"author":[{"embeddable":true,"href":"https:\/\/csebboxethai.com\/index.php\/wp-json\/wp\/v2\/users\/1"}],"replies":[{"embeddable":true,"href":"https:\/\/csebboxethai.com\/index.php\/wp-json\/wp\/v2\/comments?post=341"}],"version-history":[{"count":0,"href":"https:\/\/csebboxethai.com\/index.php\/wp-json\/wp\/v2\/pages\/341\/revisions"}],"wp:attachment":[{"href":"https:\/\/csebboxethai.com\/index.php\/wp-json\/wp\/v2\/media?parent=341"}],"curies":[{"name":"wp","href":"https:\/\/api.w.org\/{rel}","templated":true}]}}