{"id":347,"date":"2025-09-24T15:52:09","date_gmt":"2025-09-24T13:52:09","guid":{"rendered":"https:\/\/csebboxethai.com\/?page_id=347"},"modified":"2025-09-24T15:52:11","modified_gmt":"2025-09-24T13:52:11","slug":"cours-dessai","status":"publish","type":"page","link":"https:\/\/csebboxethai.com\/index.php\/cours-dessai\/","title":{"rendered":"Cours d&#8217;essai"},"content":{"rendered":"\n<p>Il est tout \u00e0 fait possible d\u2019effectuer un <strong>cours d\u2019essai<\/strong>, et cela est m\u00eame encourag\u00e9. Ce cours est <strong>enti\u00e8rement gratuit<\/strong>. Cependant, afin de maintenir une organisation optimale, d&#8217;assurer un suivi et de parer \u00e0 toute \u00e9ventualit\u00e9 ult\u00e9rieure, nous vous demanderons de bien vouloir nous communiquer vos <strong>nom, pr\u00e9nom, email ou num\u00e9ro de t\u00e9l\u00e9phone<\/strong>.<\/p>\n\n\n\n<hr class=\"wp-block-separator has-alpha-channel-opacity\"\/>\n\n\n\n<h4 class=\"wp-block-heading\"><strong>Avant le cours d\u2019essai<\/strong><\/h4>\n\n\n\n<p>Pour organiser au mieux la fr\u00e9quentation du club et vous garantir de pouvoir vous accueillir, il est <strong>vivement recommand\u00e9<\/strong> de nous contacter au pr\u00e9alable par t\u00e9l\u00e9phone ou email. Cela nous permettra de convenir ensemble d\u2019une date pour votre cours d\u2019essai.<\/p>\n\n\n\n<p><strong>Avant de participer<\/strong>, assurez-vous que :<\/p>\n\n\n\n<ul class=\"wp-block-list\">\n<li>Votre assurance couvre les <strong>cours d\u2019essai<\/strong>.<\/li>\n\n\n\n<li>Vous ne pr\u00e9sentez <strong>aucune contre-indication m\u00e9dicale<\/strong> \u00e0 la pratique de ce sport.<\/li>\n<\/ul>\n\n\n\n<p>La boxe tha\u00ef est un sport <strong>intense et physique<\/strong>. Nous vous conseillons de <strong>vous m\u00e9nager<\/strong> lors de cette s\u00e9ance de d\u00e9couverte et de ne pas chercher \u00e0 suivre l\u2019intensit\u00e9 et le rythme des membres exp\u00e9riment\u00e9s. L\u2019objectif du cours d\u2019essai est de d\u00e9couvrir <strong>notre sport, notre p\u00e9dagogie et l\u2019ambiance du club<\/strong>, sans risque de blessure.<\/p>\n\n\n\n<p>Cette recommandation est particuli\u00e8rement importante si :<\/p>\n\n\n\n<ul class=\"wp-block-list\">\n<li>Vous n\u2019avez <strong>jamais pratiqu\u00e9 de sport<\/strong> auparavant.<\/li>\n\n\n\n<li>Vous reprenez une activit\u00e9 apr\u00e8s un <strong>long arr\u00eat<\/strong> ou une <strong>blessure<\/strong>.<\/li>\n<\/ul>\n\n\n\n<p>Notre but est de vous <strong>revoir rapidement<\/strong> et de vous compter parmi nos membres, pas de vous &#8220;offrir&#8221; des courbatures pendant deux semaines.<\/p>\n\n\n\n<hr class=\"wp-block-separator has-alpha-channel-opacity\"\/>\n\n\n\n<h4 class=\"wp-block-heading\"><strong>Mat\u00e9riel n\u00e9cessaire pour le cours d\u2019essai<\/strong><\/h4>\n\n\n\n<p>Pour ce cours, un <strong>simple short de sport<\/strong> suffira. Pour le reste, nous mettons \u00e0 votre disposition du <strong>mat\u00e9riel que nous vous pr\u00eaterons gracieusement<\/strong>. Si vous poss\u00e9dez d\u00e9j\u00e0 votre propre \u00e9quipement de boxe, n\u2019h\u00e9sitez pas \u00e0 l\u2019apporter !<\/p>\n\n\n\n<p>L\u2019achat de mat\u00e9riel personnel ne sera n\u00e9cessaire <strong>qu\u2019en cas d\u2019inscription<\/strong>. Nous vous fournirons alors une <strong>liste du mat\u00e9riel utile<\/strong> et vous indiquerons o\u00f9 et quand l\u2019acheter. En attendant, vous trouverez des informations compl\u00e9mentaires <a href=\"https:\/\/csebboxethai.com\/index.php\/equipement-en-boxe-thai\/\">sur la page mat\u00e9riel<\/a><a href=\"http:\/\/Le mat\u00e9riel\">.<\/a><\/p>\n\n\n\n<p><strong>Le strict respect des consignes de s\u00e9curit\u00e9 et des indications du coach est obligatoire.<\/strong> Lors du cours d\u2019essai, vous pourrez participer \u00e0 tous les ateliers (\u00e9chauffement, renforcement musculaire, travail de la souplesse, travail cardio-respiratoire, technique, paos, etc.), <strong>\u00e0 l\u2019exception des interactions pugilistiques<\/strong> (combat, sparring, attaque\/d\u00e9fense&#8230;) dans ou hors du ring, quelle qu\u2019en soit l\u2019intensit\u00e9.<\/p>\n\n\n\n<hr class=\"wp-block-separator has-alpha-channel-opacity\"\/>\n\n\n\n<h4 class=\"wp-block-heading\"><strong>Apr\u00e8s le cours d\u2019essai<\/strong><\/h4>\n\n\n\n<p>Il est probable que vous ressentiez des <strong>courbatures pendant quelques jours<\/strong>. C\u2019est tout \u00e0 fait normal, ne vous d\u00e9couragez pas ! Votre corps s\u2019habituera rapidement.<br>Si cela vous a plus vous pouvez vous inscrire directement sur <a href=\"https:\/\/csebboxethai.com\/index.php\/telechargement-et-inscription\/\">cette page<\/a>.<\/p>\n\n\n\n<p><strong>Pour am\u00e9liorer constamment notre club<\/strong>, nous pourrons vous recontacter quelques jours apr\u00e8s le cours d\u2019essai, <strong>si vous d\u00e9cidez de ne pas vous inscrire<\/strong>. Votre d\u00e9cision est bien s\u00fbr respect\u00e9e, et l\u2019essai reste gratuit. Cependant, vos retours nous sont pr\u00e9cieux pour comprendre vos raisons, ce qui vous a \u00e9ventuellement d\u00e9plu ou bloqu\u00e9. Il est \u00e9galement important pour nous de savoir par quel canal vous avez d\u00e9couvert notre club. <strong>Nous vous promettons que ce retour d\u2019exp\u00e9rience sera extr\u00eamement bref !<\/strong><\/p>\n\n\n\n<p>Si vous avez appr\u00e9ci\u00e9 notre club, nous appr\u00e9cierions votre soutien en laissant un <strong>commentaire ou un avis positif<\/strong> sur Google, les Pages Jaunes ou tout autre service similaire.<\/p>\n\n\n\n<p>Vous pouvez \u00e9galement nous &#8220;remercier&#8221; en choisissant de <strong>soutenir notre club dans le programme Carrefour<\/strong>. Concr\u00e8tement, vous b\u00e9n\u00e9ficiez d\u2019une r\u00e9duction sur vos achats de fruits et l\u00e9gumes dans les enseignes Carrefour, et en \u00e9change, nous recevons des points nous permettant d\u2019obtenir du mat\u00e9riel. Toutes les informations sont disponibles <a href=\"https:\/\/www.carrefour.fr\/services\/carte-carrefour\/clubs-de-sport\"><strong>ici<\/strong>.<\/a><\/p>\n","protected":false},"excerpt":{"rendered":"<p>Il est tout \u00e0 fait possible d\u2019effectuer un cours d\u2019essai, et cela est m\u00eame encourag\u00e9. Ce cours est enti\u00e8rement gratuit. Cependant, afin de maintenir une organisation optimale, d&#8217;assurer un suivi et de parer \u00e0 toute \u00e9ventualit\u00e9 ult\u00e9rieure, nous vous demanderons de bien vouloir nous communiquer vos nom, pr\u00e9nom, email ou num\u00e9ro de t\u00e9l\u00e9phone. Avant le cours d\u2019essai Pour organiser au [&hellip;]<\/p>\n","protected":false},"author":1,"featured_media":0,"parent":0,"menu_order":0,"comment_status":"closed","ping_status":"closed","template":"","meta":{"_bbp_topic_count":0,"_bbp_reply_count":0,"_bbp_total_topic_count":0,"_bbp_total_reply_count":0,"_bbp_voice_count":0,"_bbp_anonymous_reply_count":0,"_bbp_topic_count_hidden":0,"_bbp_reply_count_hidden":0,"_bbp_forum_subforum_count":0,"footnotes":""},"class_list":["post-347","page","type-page","status-publish","hentry"],"yoast_head":"<!-- This site is optimized with the Yoast SEO plugin v25.7 - https:\/\/yoast.com\/wordpress\/plugins\/seo\/ -->\n<title>Cours d&#039;essai - CSEB Boxe Tha\u00ef<\/title>\n<meta name=\"robots\" content=\"index, follow, max-snippet:-1, max-image-preview:large, max-video-preview:-1\" \/>\n<link rel=\"canonical\" href=\"https:\/\/csebboxethai.com\/index.php\/cours-dessai\/\" \/>\n<meta property=\"og:locale\" content=\"fr_FR\" \/>\n<meta property=\"og:type\" content=\"article\" \/>\n<meta property=\"og:title\" content=\"Cours d&#039;essai - CSEB Boxe Tha\u00ef\" \/>\n<meta property=\"og:description\" content=\"Il est tout \u00e0 fait possible d\u2019effectuer un cours d\u2019essai, et cela est m\u00eame encourag\u00e9. Ce cours est enti\u00e8rement gratuit. Cependant, afin de maintenir une organisation optimale, d&#8217;assurer un suivi et de parer \u00e0 toute \u00e9ventualit\u00e9 ult\u00e9rieure, nous vous demanderons de bien vouloir nous communiquer vos nom, pr\u00e9nom, email ou num\u00e9ro de t\u00e9l\u00e9phone. Avant le cours d\u2019essai Pour organiser au [&hellip;]\" \/>\n<meta property=\"og:url\" content=\"https:\/\/csebboxethai.com\/index.php\/cours-dessai\/\" \/>\n<meta property=\"og:site_name\" content=\"CSEB Boxe Tha\u00ef\" \/>\n<meta property=\"article:modified_time\" content=\"2025-09-24T13:52:11+00:00\" \/>\n<meta name=\"twitter:card\" content=\"summary_large_image\" \/>\n<meta name=\"twitter:label1\" content=\"Dur\u00e9e de lecture estim\u00e9e\" \/>\n\t<meta name=\"twitter:data1\" content=\"3 minutes\" \/>\n<script type=\"application\/ld+json\" class=\"yoast-schema-graph\">{\"@context\":\"https:\/\/schema.org\",\"@graph\":[{\"@type\":\"WebPage\",\"@id\":\"https:\/\/csebboxethai.com\/index.php\/cours-dessai\/\",\"url\":\"https:\/\/csebboxethai.com\/index.php\/cours-dessai\/\",\"name\":\"Cours d'essai - CSEB Boxe Tha\u00ef\",\"isPartOf\":{\"@id\":\"https:\/\/csebboxethai.com\/#website\"},\"datePublished\":\"2025-09-24T13:52:09+00:00\",\"dateModified\":\"2025-09-24T13:52:11+00:00\",\"breadcrumb\":{\"@id\":\"https:\/\/csebboxethai.com\/index.php\/cours-dessai\/#breadcrumb\"},\"inLanguage\":\"fr-FR\",\"potentialAction\":[{\"@type\":\"ReadAction\",\"target\":[\"https:\/\/csebboxethai.com\/index.php\/cours-dessai\/\"]}]},{\"@type\":\"BreadcrumbList\",\"@id\":\"https:\/\/csebboxethai.com\/index.php\/cours-dessai\/#breadcrumb\",\"itemListElement\":[{\"@type\":\"ListItem\",\"position\":1,\"name\":\"Accueil\",\"item\":\"https:\/\/csebboxethai.com\/\"},{\"@type\":\"ListItem\",\"position\":2,\"name\":\"Cours d&#8217;essai\"}]},{\"@type\":\"WebSite\",\"@id\":\"https:\/\/csebboxethai.com\/#website\",\"url\":\"https:\/\/csebboxethai.com\/\",\"name\":\"CSEB Boxe Tha\u00ef\",\"description\":\"Le club de Boxe tha\u00ef dans le 17 \u00e8me arrondissement de Paris\",\"publisher\":{\"@id\":\"https:\/\/csebboxethai.com\/#organization\"},\"potentialAction\":[{\"@type\":\"SearchAction\",\"target\":{\"@type\":\"EntryPoint\",\"urlTemplate\":\"https:\/\/csebboxethai.com\/?s={search_term_string}\"},\"query-input\":{\"@type\":\"PropertyValueSpecification\",\"valueRequired\":true,\"valueName\":\"search_term_string\"}}],\"inLanguage\":\"fr-FR\"},{\"@type\":[\"Organization\",\"Place\"],\"@id\":\"https:\/\/csebboxethai.com\/#organization\",\"name\":\"CSEB Boxe Tha\u00ef\",\"url\":\"https:\/\/csebboxethai.com\/\",\"logo\":{\"@id\":\"https:\/\/csebboxethai.com\/index.php\/cours-dessai\/#local-main-organization-logo\"},\"image\":{\"@id\":\"https:\/\/csebboxethai.com\/index.php\/cours-dessai\/#local-main-organization-logo\"},\"openingHoursSpecification\":[{\"@type\":\"OpeningHoursSpecification\",\"dayOfWeek\":[\"Monday\",\"Tuesday\",\"Wednesday\",\"Thursday\",\"Friday\",\"Saturday\",\"Sunday\"],\"opens\":\"09:00\",\"closes\":\"17:00\"}]},{\"@type\":\"ImageObject\",\"inLanguage\":\"fr-FR\",\"@id\":\"https:\/\/csebboxethai.com\/index.php\/cours-dessai\/#local-main-organization-logo\",\"url\":\"https:\/\/csebboxethai.com\/wp-content\/uploads\/2019\/10\/cropped-logo-cseb.jpg\",\"contentUrl\":\"https:\/\/csebboxethai.com\/wp-content\/uploads\/2019\/10\/cropped-logo-cseb.jpg\",\"width\":512,\"height\":512,\"caption\":\"CSEB Boxe Tha\u00ef\"}]}<\/script>\n<!-- \/ Yoast SEO plugin. -->","yoast_head_json":{"title":"Cours d'essai - CSEB Boxe Tha\u00ef","robots":{"index":"index","follow":"follow","max-snippet":"max-snippet:-1","max-image-preview":"max-image-preview:large","max-video-preview":"max-video-preview:-1"},"canonical":"https:\/\/csebboxethai.com\/index.php\/cours-dessai\/","og_locale":"fr_FR","og_type":"article","og_title":"Cours d'essai - CSEB Boxe Tha\u00ef","og_description":"Il est tout \u00e0 fait possible d\u2019effectuer un cours d\u2019essai, et cela est m\u00eame encourag\u00e9. Ce cours est enti\u00e8rement gratuit. Cependant, afin de maintenir une organisation optimale, d&#8217;assurer un suivi et de parer \u00e0 toute \u00e9ventualit\u00e9 ult\u00e9rieure, nous vous demanderons de bien vouloir nous communiquer vos nom, pr\u00e9nom, email ou num\u00e9ro de t\u00e9l\u00e9phone. Avant le cours d\u2019essai Pour organiser au [&hellip;]","og_url":"https:\/\/csebboxethai.com\/index.php\/cours-dessai\/","og_site_name":"CSEB Boxe Tha\u00ef","article_modified_time":"2025-09-24T13:52:11+00:00","twitter_card":"summary_large_image","twitter_misc":{"Dur\u00e9e de lecture estim\u00e9e":"3 minutes"},"schema":{"@context":"https:\/\/schema.org","@graph":[{"@type":"WebPage","@id":"https:\/\/csebboxethai.com\/index.php\/cours-dessai\/","url":"https:\/\/csebboxethai.com\/index.php\/cours-dessai\/","name":"Cours d'essai - CSEB Boxe Tha\u00ef","isPartOf":{"@id":"https:\/\/csebboxethai.com\/#website"},"datePublished":"2025-09-24T13:52:09+00:00","dateModified":"2025-09-24T13:52:11+00:00","breadcrumb":{"@id":"https:\/\/csebboxethai.com\/index.php\/cours-dessai\/#breadcrumb"},"inLanguage":"fr-FR","potentialAction":[{"@type":"ReadAction","target":["https:\/\/csebboxethai.com\/index.php\/cours-dessai\/"]}]},{"@type":"BreadcrumbList","@id":"https:\/\/csebboxethai.com\/index.php\/cours-dessai\/#breadcrumb","itemListElement":[{"@type":"ListItem","position":1,"name":"Accueil","item":"https:\/\/csebboxethai.com\/"},{"@type":"ListItem","position":2,"name":"Cours d&#8217;essai"}]},{"@type":"WebSite","@id":"https:\/\/csebboxethai.com\/#website","url":"https:\/\/csebboxethai.com\/","name":"CSEB Boxe Tha\u00ef","description":"Le club de Boxe tha\u00ef dans le 17 \u00e8me arrondissement de Paris","publisher":{"@id":"https:\/\/csebboxethai.com\/#organization"},"potentialAction":[{"@type":"SearchAction","target":{"@type":"EntryPoint","urlTemplate":"https:\/\/csebboxethai.com\/?s={search_term_string}"},"query-input":{"@type":"PropertyValueSpecification","valueRequired":true,"valueName":"search_term_string"}}],"inLanguage":"fr-FR"},{"@type":["Organization","Place"],"@id":"https:\/\/csebboxethai.com\/#organization","name":"CSEB Boxe Tha\u00ef","url":"https:\/\/csebboxethai.com\/","logo":{"@id":"https:\/\/csebboxethai.com\/index.php\/cours-dessai\/#local-main-organization-logo"},"image":{"@id":"https:\/\/csebboxethai.com\/index.php\/cours-dessai\/#local-main-organization-logo"},"openingHoursSpecification":[{"@type":"OpeningHoursSpecification","dayOfWeek":["Monday","Tuesday","Wednesday","Thursday","Friday","Saturday","Sunday"],"opens":"09:00","closes":"17:00"}]},{"@type":"ImageObject","inLanguage":"fr-FR","@id":"https:\/\/csebboxethai.com\/index.php\/cours-dessai\/#local-main-organization-logo","url":"https:\/\/csebboxethai.com\/wp-content\/uploads\/2019\/10\/cropped-logo-cseb.jpg","contentUrl":"https:\/\/csebboxethai.com\/wp-content\/uploads\/2019\/10\/cropped-logo-cseb.jpg","width":512,"height":512,"caption":"CSEB Boxe Tha\u00ef"}]}},"_links":{"self":[{"href":"https:\/\/csebboxethai.com\/index.php\/wp-json\/wp\/v2\/pages\/347","targetHints":{"allow":["GET"]}}],"collection":[{"href":"https:\/\/csebboxethai.com\/index.php\/wp-json\/wp\/v2\/pages"}],"about":[{"href":"https:\/\/csebboxethai.com\/index.php\/wp-json\/wp\/v2\/types\/page"}],"author":[{"embeddable":true,"href":"https:\/\/csebboxethai.com\/index.php\/wp-json\/wp\/v2\/users\/1"}],"replies":[{"embeddable":true,"href":"https:\/\/csebboxethai.com\/index.php\/wp-json\/wp\/v2\/comments?post=347"}],"version-history":[{"count":0,"href":"https:\/\/csebboxethai.com\/index.php\/wp-json\/wp\/v2\/pages\/347\/revisions"}],"wp:attachment":[{"href":"https:\/\/csebboxethai.com\/index.php\/wp-json\/wp\/v2\/media?parent=347"}],"curies":[{"name":"wp","href":"https:\/\/api.w.org\/{rel}","templated":true}]}}