{"id":46,"date":"2019-10-20T18:54:14","date_gmt":"2019-10-20T16:54:14","guid":{"rendered":"http:\/\/csebboxethai.com\/?page_id=46"},"modified":"2025-08-22T16:30:16","modified_gmt":"2025-08-22T14:30:16","slug":"accueil-cseb-boxe-thai","status":"publish","type":"page","link":"https:\/\/csebboxethai.com\/","title":{"rendered":"Accueil CSEB Boxe Tha\u00ef"},"content":{"rendered":"<p>[vc_row][vc_column][vc_single_image image=&#8221;43&#8243; img_size=&#8221;full&#8221; alignment=&#8221;center&#8221; full_width=&#8221;yes&#8221;][\/vc_column][\/vc_row][vc_row][vc_column][vc_column_text text_color=&#8221;#000000&#8243; font_size=&#8221;16&#8243; responsive_font=&#8221;yes&#8221;]Bienvenue sur la page d&#8217;accueil du CSEB boxe tha\u00ef ! Venez d\u00e9couvrir et pratiquer la Boxe tha\u00eflandaise dans une ambiance positive et agr\u00e9able pour se d\u00e9passer et progresser.<\/p>\n<h2>Notre club de boxe tha\u00eflandaise est ouvert \u00e0 tous les publics :<\/h2>\n<p>femmes\/hommes,<\/p>\n<p>adultes\/adolescents (nous acceptons les enfants \u00e0 partir de 12 ans.),<\/p>\n<p>du d\u00e9butant(e) au confirm\u00e9(e).<\/p>\n<p>Le Coach parle anglais courament. Vous pourrez donc pratiquer dans de bonnes conditions m\u00eame si vous n&#8217;\u00eates pas \u00e0 l&#8217;aise en francais. Ainsi nous vous transmettrons avec passion toutes nos connaissances techniques pour que vous appreniez \u00e0 combattre ou \u00e0 vous d\u00e9fendre (selon votre but) de mani\u00e8re efficace. Nous entrainerons votre corps pour le rendre fort, tonique, souple endurant et r\u00e9sistant. Vous d\u00e9velopperez aussi votre mental et votre confiance en vous ![\/vc_column_text][vc_single_image image=&#8221;245&#8243; img_size=&#8221;large&#8221; alignment=&#8221;center&#8221;][vc_column_text text_color=&#8221;#000000&#8243; font_size=&#8221;16&#8243; responsive_font=&#8221;yes&#8221;]<\/p>\n<h2>Notre philosophie<\/h2>\n<p>Au CSEB Boxe Tha\u00ef, notre but est de vous permettre de d\u00e9couvrir et de pratiquer la boxe tha\u00ef dans les meilleures conditions. Nous nous effor\u00e7ons d&#8217;allier rigueur et bonne humeur pour vous permettre de progresser quelque soit votre niveau.<\/p>\n<p>Pour vous faire une meilleure id\u00e9e de notre sport et de notre p\u00e9dagogie nous serions ravis de vous accueillir pour un cours d&#8217;essai et de vous faire d\u00e9couvrir notre sport ! le cours d&#8217;essai est gratuit ! il suffit de vous pr\u00e9senter au professeur en d\u00e9but de cours un lundi ou un mercredi avec un short et c&#8217;est parti ! Par ailleurs, vous pouvez aussi, si vous le souhaitez, venir regarder un entrainement. Alors n&#8217;h\u00e9sitez plus, nous vous accueillerons avec plaisir !<\/p>\n<h2>Quelques informations utiles :<\/h2>\n<p>Le CSEB Boxe Tha\u00ef vous accueille\u00a0 :<\/p>\n<p>le lundi de 18 h 00 \u00e0 21 h 00<\/p>\n<p>et le mercredi de 18 h 00 \u00e0 20 h 00.<\/p>\n<p>Notre salle est situ\u00e9e au 34 boulevard de Reims 75017 pr\u00e8s de la porte d\u2019Asni\u00e8res et de la porte de Champerret. Nous sommes facilement accessibles en transport en commun et en voiture. Toutes les informations sont <a href=\"https:\/\/csebboxethai.com\/index.php\/ou-nous-trouver\/\">ici.<\/a><\/p>\n<p>L&#8217;inscription annuelle au CSEB Boxe Tha\u00ef est de 265 \u20ac.<\/p>\n<p>Le bureau et le coach sont tous b\u00e9n\u00e9voles. Seules la passion pour notre sport nous anime.<\/p>\n<h2>Pour vous tenir informer<\/h2>\n<p>Vous pouvez nous suivre sur les r\u00e9seaux sociaux pour tout savoir de notre actualit\u00e9 et de la vie du club :<\/p>\n<p>pour Facebook c&#8217;est<a href=\"https:\/\/www.facebook.com\/CSEBboxethai\/\" target=\"_blank\" rel=\"noopener noreferrer\" data-saferedirecturl=\"https:\/\/www.google.com\/url?q=https:\/\/www.facebook.com\/CSEBboxethai\/&amp;source=gmail&amp;ust=1573488599765000&amp;usg=AFQjCNFqSpvloAPklEWYUZWGz3NTGyxXdA\"> ici<\/a><\/p>\n<p>Instagram <a href=\"https:\/\/www.instagram.com\/cseb_boxe_thai\/\">l\u00e0<\/a><\/p>\n<p>Snapchat<\/p>\n<p>TikTok<\/p>\n<p>Enfin, vous trouverez le groupe r\u00e9serv\u00e9 aux membres du CSEB Boxe Tha\u00ef <a href=\"https:\/\/www.facebook.com\/groups\/csebboxethai\/\" target=\"_blank\" rel=\"noopener noreferrer\" data-saferedirecturl=\"https:\/\/www.google.com\/url?q=https:\/\/www.facebook.com\/groups\/csebboxethai\/&amp;source=gmail&amp;ust=1573488599766000&amp;usg=AFQjCNEb1cyNOnwD83nSQ5s6bmHUxp7LWQ\">ici<\/a>[\/vc_column_text][vc_single_image image=&#8221;42&#8243; img_size=&#8221;medium&#8221; style=&#8221;vc_box_shadow&#8221; onclick=&#8221;custom_link&#8221; img_link_target=&#8221;_blank&#8221; title=&#8221;Nous sommes affili\u00e9s \u00e0 la FFKMDA&#8221; link=&#8221;http:\/\/ffkmda.fr\/&#8221;][vc_single_image image=&#8221;41&#8243; img_size=&#8221;medium&#8221; style=&#8221;vc_box_shadow&#8221; onclick=&#8221;custom_link&#8221; img_link_target=&#8221;_blank&#8221; title=&#8221;Pour tout savoir sur la vie sportive dans le 17 \u00e8me arrondissement de Paris&#8221; link=&#8221;http:\/\/www.oms17.com\/&#8221;][vc_single_image image=&#8221;171&#8243; img_size=&#8221;medium&#8221; add_caption=&#8221;yes&#8221; alignment=&#8221;right&#8221; style=&#8221;vc_box_border&#8221;][\/vc_column][\/vc_row][vc_row][vc_column][vc_column_text]Nous acceptons le pass&#8217;sport un dispositif financier pour favoriser la pratique du sport en vous faisant b\u00e9n\u00e9ficier d&#8217;une prise en charge de 70\u20ac de votre cotisation. D\u00e9pechez vous les codes sont valables jusqu&#8217;au 31 d\u00e9cembre. Pour en savoir plus\u00a0 <a href=\"https:\/\/www.pass.sports.gouv.fr\/\"><img loading=\"lazy\" decoding=\"async\" class=\"wp-image-339 size-medium aligncenter\" src=\"https:\/\/csebboxethai.com\/wp-content\/uploads\/2025\/08\/structures_sportives_visuel_pour_communiquer_aupres_des_jeunes-240x300.jpg\" alt=\"publicit\u00e9 pour le pass sport\" width=\"240\" height=\"300\" srcset=\"https:\/\/csebboxethai.com\/wp-content\/uploads\/2025\/08\/structures_sportives_visuel_pour_communiquer_aupres_des_jeunes-240x300.jpg 240w, https:\/\/csebboxethai.com\/wp-content\/uploads\/2025\/08\/structures_sportives_visuel_pour_communiquer_aupres_des_jeunes-819x1024.jpg 819w, https:\/\/csebboxethai.com\/wp-content\/uploads\/2025\/08\/structures_sportives_visuel_pour_communiquer_aupres_des_jeunes-768x960.jpg 768w, https:\/\/csebboxethai.com\/wp-content\/uploads\/2025\/08\/structures_sportives_visuel_pour_communiquer_aupres_des_jeunes-80x100.jpg 80w, https:\/\/csebboxethai.com\/wp-content\/uploads\/2025\/08\/structures_sportives_visuel_pour_communiquer_aupres_des_jeunes-800x1000.jpg 800w, https:\/\/csebboxethai.com\/wp-content\/uploads\/2025\/08\/structures_sportives_visuel_pour_communiquer_aupres_des_jeunes-672x840.jpg 672w, https:\/\/csebboxethai.com\/wp-content\/uploads\/2025\/08\/structures_sportives_visuel_pour_communiquer_aupres_des_jeunes-1038x1298.jpg 1038w, https:\/\/csebboxethai.com\/wp-content\/uploads\/2025\/08\/structures_sportives_visuel_pour_communiquer_aupres_des_jeunes-600x750.jpg 600w, https:\/\/csebboxethai.com\/wp-content\/uploads\/2025\/08\/structures_sportives_visuel_pour_communiquer_aupres_des_jeunes.jpg 1080w\" sizes=\"auto, (max-width: 240px) 100vw, 240px\" \/><\/a>[\/vc_column_text][\/vc_column][\/vc_row]<\/p>\n","protected":false},"excerpt":{"rendered":"<p>[vc_row][vc_column][vc_single_image image=&#8221;43&#8243; img_size=&#8221;full&#8221; alignment=&#8221;center&#8221; full_width=&#8221;yes&#8221;][\/vc_column][\/vc_row][vc_row][vc_column][vc_column_text text_color=&#8221;#000000&#8243; font_size=&#8221;16&#8243; responsive_font=&#8221;yes&#8221;]Bienvenue sur la page d&#8217;accueil du CSEB boxe tha\u00ef ! Venez d\u00e9couvrir et pratiquer la Boxe tha\u00eflandaise dans une ambiance positive et agr\u00e9able pour se d\u00e9passer et progresser. Notre club de boxe tha\u00eflandaise est ouvert \u00e0 tous les publics : femmes\/hommes, adultes\/adolescents (nous acceptons les enfants \u00e0 partir de 12 ans.), du d\u00e9butant(e) [&hellip;]<\/p>\n","protected":false},"author":1,"featured_media":0,"parent":0,"menu_order":0,"comment_status":"closed","ping_status":"closed","template":"page-templates\/full-width.php","meta":{"_bbp_topic_count":0,"_bbp_reply_count":0,"_bbp_total_topic_count":0,"_bbp_total_reply_count":0,"_bbp_voice_count":0,"_bbp_anonymous_reply_count":0,"_bbp_topic_count_hidden":0,"_bbp_reply_count_hidden":0,"_bbp_forum_subforum_count":0,"footnotes":""},"class_list":["post-46","page","type-page","status-publish","hentry"],"yoast_head":"<!-- This site is optimized with the Yoast SEO plugin v25.7 - https:\/\/yoast.com\/wordpress\/plugins\/seo\/ -->\n<title>Accueil CSEB Boxe Tha\u00ef<\/title>\n<meta name=\"description\" content=\"Accueil du CSEB Boxe Tha\u00ef, le club de boxe tha\u00eflandaise situ\u00e9 dans le 17\u00b0 arr. de Paris, pr\u00e8s de la porte d&#039;Asni\u00e8res.\" \/>\n<meta name=\"robots\" content=\"index, follow, max-snippet:-1, max-image-preview:large, max-video-preview:-1\" \/>\n<link rel=\"canonical\" href=\"https:\/\/csebboxethai.com\/\" \/>\n<meta property=\"og:locale\" content=\"fr_FR\" \/>\n<meta property=\"og:type\" content=\"article\" \/>\n<meta property=\"og:title\" content=\"Accueil CSEB Boxe Tha\u00ef\" \/>\n<meta property=\"og:description\" content=\"Accueil du CSEB Boxe Tha\u00ef, le club de boxe tha\u00eflandaise situ\u00e9 dans le 17\u00b0 arr. de Paris, pr\u00e8s de la porte d&#039;Asni\u00e8res.\" \/>\n<meta property=\"og:url\" content=\"https:\/\/csebboxethai.com\/\" \/>\n<meta property=\"og:site_name\" content=\"CSEB Boxe Tha\u00ef\" \/>\n<meta property=\"article:modified_time\" content=\"2025-08-22T14:30:16+00:00\" \/>\n<meta property=\"og:image\" content=\"https:\/\/csebboxethai.com\/wp-content\/uploads\/2025\/08\/structures_sportives_visuel_pour_communiquer_aupres_des_jeunes.jpg\" \/>\n\t<meta property=\"og:image:width\" content=\"1080\" \/>\n\t<meta property=\"og:image:height\" content=\"1350\" \/>\n\t<meta property=\"og:image:type\" content=\"image\/jpeg\" \/>\n<meta name=\"twitter:card\" content=\"summary_large_image\" \/>\n<meta name=\"twitter:label1\" content=\"Dur\u00e9e de lecture estim\u00e9e\" \/>\n\t<meta name=\"twitter:data1\" content=\"3 minutes\" \/>\n<script type=\"application\/ld+json\" class=\"yoast-schema-graph\">{\"@context\":\"https:\/\/schema.org\",\"@graph\":[{\"@type\":\"WebPage\",\"@id\":\"https:\/\/csebboxethai.com\/\",\"url\":\"https:\/\/csebboxethai.com\/\",\"name\":\"Accueil CSEB Boxe Tha\u00ef\",\"isPartOf\":{\"@id\":\"https:\/\/csebboxethai.com\/#website\"},\"primaryImageOfPage\":{\"@id\":\"https:\/\/csebboxethai.com\/#primaryimage\"},\"image\":{\"@id\":\"https:\/\/csebboxethai.com\/#primaryimage\"},\"thumbnailUrl\":\"https:\/\/csebboxethai.com\/wp-content\/uploads\/2025\/08\/structures_sportives_visuel_pour_communiquer_aupres_des_jeunes-240x300.jpg\",\"datePublished\":\"2019-10-20T16:54:14+00:00\",\"dateModified\":\"2025-08-22T14:30:16+00:00\",\"description\":\"Accueil du CSEB Boxe Tha\u00ef, le club de boxe tha\u00eflandaise situ\u00e9 dans le 17\u00b0 arr. de Paris, pr\u00e8s de la porte d'Asni\u00e8res.\",\"breadcrumb\":{\"@id\":\"https:\/\/csebboxethai.com\/#breadcrumb\"},\"inLanguage\":\"fr-FR\",\"potentialAction\":[{\"@type\":\"ReadAction\",\"target\":[\"https:\/\/csebboxethai.com\/\"]}]},{\"@type\":\"ImageObject\",\"inLanguage\":\"fr-FR\",\"@id\":\"https:\/\/csebboxethai.com\/#primaryimage\",\"url\":\"https:\/\/csebboxethai.com\/wp-content\/uploads\/2025\/08\/structures_sportives_visuel_pour_communiquer_aupres_des_jeunes.jpg\",\"contentUrl\":\"https:\/\/csebboxethai.com\/wp-content\/uploads\/2025\/08\/structures_sportives_visuel_pour_communiquer_aupres_des_jeunes.jpg\",\"width\":1080,\"height\":1350},{\"@type\":\"BreadcrumbList\",\"@id\":\"https:\/\/csebboxethai.com\/#breadcrumb\",\"itemListElement\":[{\"@type\":\"ListItem\",\"position\":1,\"name\":\"Accueil\",\"item\":\"https:\/\/csebboxethai.com\/\"},{\"@type\":\"ListItem\",\"position\":2,\"name\":\"Accueil CSEB Boxe Tha\u00ef\"}]},{\"@type\":\"WebSite\",\"@id\":\"https:\/\/csebboxethai.com\/#website\",\"url\":\"https:\/\/csebboxethai.com\/\",\"name\":\"CSEB Boxe Tha\u00ef\",\"description\":\"Le club de Boxe tha\u00ef dans le 17 \u00e8me arrondissement de Paris\",\"publisher\":{\"@id\":\"https:\/\/csebboxethai.com\/#organization\"},\"potentialAction\":[{\"@type\":\"SearchAction\",\"target\":{\"@type\":\"EntryPoint\",\"urlTemplate\":\"https:\/\/csebboxethai.com\/?s={search_term_string}\"},\"query-input\":{\"@type\":\"PropertyValueSpecification\",\"valueRequired\":true,\"valueName\":\"search_term_string\"}}],\"inLanguage\":\"fr-FR\"},{\"@type\":[\"Organization\",\"Place\"],\"@id\":\"https:\/\/csebboxethai.com\/#organization\",\"name\":\"CSEB Boxe Tha\u00ef\",\"url\":\"https:\/\/csebboxethai.com\/\",\"logo\":{\"@id\":\"https:\/\/csebboxethai.com\/#local-main-organization-logo\"},\"image\":{\"@id\":\"https:\/\/csebboxethai.com\/#local-main-organization-logo\"},\"openingHoursSpecification\":[{\"@type\":\"OpeningHoursSpecification\",\"dayOfWeek\":[\"Monday\",\"Tuesday\",\"Wednesday\",\"Thursday\",\"Friday\",\"Saturday\",\"Sunday\"],\"opens\":\"09:00\",\"closes\":\"17:00\"}]},{\"@type\":\"ImageObject\",\"inLanguage\":\"fr-FR\",\"@id\":\"https:\/\/csebboxethai.com\/#local-main-organization-logo\",\"url\":\"https:\/\/csebboxethai.com\/wp-content\/uploads\/2019\/10\/cropped-logo-cseb.jpg\",\"contentUrl\":\"https:\/\/csebboxethai.com\/wp-content\/uploads\/2019\/10\/cropped-logo-cseb.jpg\",\"width\":512,\"height\":512,\"caption\":\"CSEB Boxe Tha\u00ef\"}]}<\/script>\n<!-- \/ Yoast SEO plugin. -->","yoast_head_json":{"title":"Accueil CSEB Boxe Tha\u00ef","description":"Accueil du CSEB Boxe Tha\u00ef, le club de boxe tha\u00eflandaise situ\u00e9 dans le 17\u00b0 arr. de Paris, pr\u00e8s de la porte d'Asni\u00e8res.","robots":{"index":"index","follow":"follow","max-snippet":"max-snippet:-1","max-image-preview":"max-image-preview:large","max-video-preview":"max-video-preview:-1"},"canonical":"https:\/\/csebboxethai.com\/","og_locale":"fr_FR","og_type":"article","og_title":"Accueil CSEB Boxe Tha\u00ef","og_description":"Accueil du CSEB Boxe Tha\u00ef, le club de boxe tha\u00eflandaise situ\u00e9 dans le 17\u00b0 arr. de Paris, pr\u00e8s de la porte d'Asni\u00e8res.","og_url":"https:\/\/csebboxethai.com\/","og_site_name":"CSEB Boxe Tha\u00ef","article_modified_time":"2025-08-22T14:30:16+00:00","og_image":[{"width":1080,"height":1350,"url":"https:\/\/csebboxethai.com\/wp-content\/uploads\/2025\/08\/structures_sportives_visuel_pour_communiquer_aupres_des_jeunes.jpg","type":"image\/jpeg"}],"twitter_card":"summary_large_image","twitter_misc":{"Dur\u00e9e de lecture estim\u00e9e":"3 minutes"},"schema":{"@context":"https:\/\/schema.org","@graph":[{"@type":"WebPage","@id":"https:\/\/csebboxethai.com\/","url":"https:\/\/csebboxethai.com\/","name":"Accueil CSEB Boxe Tha\u00ef","isPartOf":{"@id":"https:\/\/csebboxethai.com\/#website"},"primaryImageOfPage":{"@id":"https:\/\/csebboxethai.com\/#primaryimage"},"image":{"@id":"https:\/\/csebboxethai.com\/#primaryimage"},"thumbnailUrl":"https:\/\/csebboxethai.com\/wp-content\/uploads\/2025\/08\/structures_sportives_visuel_pour_communiquer_aupres_des_jeunes-240x300.jpg","datePublished":"2019-10-20T16:54:14+00:00","dateModified":"2025-08-22T14:30:16+00:00","description":"Accueil du CSEB Boxe Tha\u00ef, le club de boxe tha\u00eflandaise situ\u00e9 dans le 17\u00b0 arr. de Paris, pr\u00e8s de la porte d'Asni\u00e8res.","breadcrumb":{"@id":"https:\/\/csebboxethai.com\/#breadcrumb"},"inLanguage":"fr-FR","potentialAction":[{"@type":"ReadAction","target":["https:\/\/csebboxethai.com\/"]}]},{"@type":"ImageObject","inLanguage":"fr-FR","@id":"https:\/\/csebboxethai.com\/#primaryimage","url":"https:\/\/csebboxethai.com\/wp-content\/uploads\/2025\/08\/structures_sportives_visuel_pour_communiquer_aupres_des_jeunes.jpg","contentUrl":"https:\/\/csebboxethai.com\/wp-content\/uploads\/2025\/08\/structures_sportives_visuel_pour_communiquer_aupres_des_jeunes.jpg","width":1080,"height":1350},{"@type":"BreadcrumbList","@id":"https:\/\/csebboxethai.com\/#breadcrumb","itemListElement":[{"@type":"ListItem","position":1,"name":"Accueil","item":"https:\/\/csebboxethai.com\/"},{"@type":"ListItem","position":2,"name":"Accueil CSEB Boxe Tha\u00ef"}]},{"@type":"WebSite","@id":"https:\/\/csebboxethai.com\/#website","url":"https:\/\/csebboxethai.com\/","name":"CSEB Boxe Tha\u00ef","description":"Le club de Boxe tha\u00ef dans le 17 \u00e8me arrondissement de Paris","publisher":{"@id":"https:\/\/csebboxethai.com\/#organization"},"potentialAction":[{"@type":"SearchAction","target":{"@type":"EntryPoint","urlTemplate":"https:\/\/csebboxethai.com\/?s={search_term_string}"},"query-input":{"@type":"PropertyValueSpecification","valueRequired":true,"valueName":"search_term_string"}}],"inLanguage":"fr-FR"},{"@type":["Organization","Place"],"@id":"https:\/\/csebboxethai.com\/#organization","name":"CSEB Boxe Tha\u00ef","url":"https:\/\/csebboxethai.com\/","logo":{"@id":"https:\/\/csebboxethai.com\/#local-main-organization-logo"},"image":{"@id":"https:\/\/csebboxethai.com\/#local-main-organization-logo"},"openingHoursSpecification":[{"@type":"OpeningHoursSpecification","dayOfWeek":["Monday","Tuesday","Wednesday","Thursday","Friday","Saturday","Sunday"],"opens":"09:00","closes":"17:00"}]},{"@type":"ImageObject","inLanguage":"fr-FR","@id":"https:\/\/csebboxethai.com\/#local-main-organization-logo","url":"https:\/\/csebboxethai.com\/wp-content\/uploads\/2019\/10\/cropped-logo-cseb.jpg","contentUrl":"https:\/\/csebboxethai.com\/wp-content\/uploads\/2019\/10\/cropped-logo-cseb.jpg","width":512,"height":512,"caption":"CSEB Boxe Tha\u00ef"}]}},"_links":{"self":[{"href":"https:\/\/csebboxethai.com\/index.php\/wp-json\/wp\/v2\/pages\/46","targetHints":{"allow":["GET"]}}],"collection":[{"href":"https:\/\/csebboxethai.com\/index.php\/wp-json\/wp\/v2\/pages"}],"about":[{"href":"https:\/\/csebboxethai.com\/index.php\/wp-json\/wp\/v2\/types\/page"}],"author":[{"embeddable":true,"href":"https:\/\/csebboxethai.com\/index.php\/wp-json\/wp\/v2\/users\/1"}],"replies":[{"embeddable":true,"href":"https:\/\/csebboxethai.com\/index.php\/wp-json\/wp\/v2\/comments?post=46"}],"version-history":[{"count":0,"href":"https:\/\/csebboxethai.com\/index.php\/wp-json\/wp\/v2\/pages\/46\/revisions"}],"wp:attachment":[{"href":"https:\/\/csebboxethai.com\/index.php\/wp-json\/wp\/v2\/media?parent=46"}],"curies":[{"name":"wp","href":"https:\/\/api.w.org\/{rel}","templated":true}]}}