{"id":50,"date":"2019-10-27T19:58:18","date_gmt":"2019-10-27T18:58:18","guid":{"rendered":"http:\/\/csebboxethai.com\/?page_id=50"},"modified":"2023-10-04T12:16:45","modified_gmt":"2023-10-04T10:16:45","slug":"club-boxe-thai-a-paris-dans-le-17","status":"publish","type":"page","link":"https:\/\/csebboxethai.com\/index.php\/club-boxe-thai-a-paris-dans-le-17\/","title":{"rendered":"O\u00f9 nous trouver ?"},"content":{"rendered":"<p>[vc_row][vc_column][vc_gmaps link=&#8221;#E-8_JTNDaWZyYW1lJTIwc3JjJTNEJTIyaHR0cHMlM0ElMkYlMkZ3d3cuZ29vZ2xlLmNvbSUyRm1hcHMlMkZlbWJlZCUzRnBiJTNEJTIxMW0xOCUyMTFtMTIlMjExbTMlMjExZDI2MjMuMzg5ODYzNjk4NTE4NiUyMTJkMi4yOTM5MTkyMTU5MjIxNzMlMjEzZDQ4Ljg4ODkwNjc3OTI5MDQ3JTIxMm0zJTIxMWYwJTIxMmYwJTIxM2YwJTIxM20yJTIxMWkxMDI0JTIxMmk3NjglMjE0ZjEzLjElMjEzbTMlMjExbTIlMjExczB4NDdlNjZmOWEyMGMwZjlkZiUyNTNBMHgxMGU4MjAyOWIwNGVlMDBiJTIxMnMzNCUyNTIwQm91bGV2YXJkJTI1MjBkZSUyNTIwUmVpbXMlMjUyQyUyNTIwNzUwMTclMjUyMFBhcmlzJTIxNWUwJTIxM20yJTIxMXNmciUyMTJzZnIlMjE0djE1NzIxOTk5NzQzOTglMjE1bTIlMjExc2ZyJTIxMnNmciUyMiUyMHdpZHRoJTNEJTIyNjAwJTIyJTIwaGVpZ2h0JTNEJTIyNDUwJTIyJTIwZnJhbWVib3JkZXIlM0QlMjIwJTIyJTIwc3R5bGUlM0QlMjJib3JkZXIlM0EwJTNCJTIyJTIwYWxsb3dmdWxsc2NyZWVuJTNEJTIyJTIyJTNFJTNDJTJGaWZyYW1lJTNF&#8221; el_id=&#8221;AIzaSyAuUUb43v7FQ9ENyHEeo9djHfRqM8BRyow&#8221;][\/vc_column][\/vc_row][vc_row][vc_column][vc_column_text font_size=&#8221;16&#8243;]<\/p>\n<h2>Vous cherchez un club de boxe tha\u00ef \u00e0 Paris 17 ?<\/h2>\n<p><span id=\"p89\">F\u00e9licitations, vous avez choisi le sport que vous vouliez faire.<\/span><span id=\"p93\"> Maintenant, vous cherchez une salle de Boxe tha\u00ef \u00e0 Paris 17 bien \u00e9quip\u00e9e et facile d&#8217;acc\u00e8s<\/span>. Notre <a href=\"https:\/\/csebboxethai.com\/index.php\/la-salle\/\">salle<\/a> est situ\u00e9e dans le complexe sportif situ\u00e9 au <span class=\"ver\" title=\"Il est fort probable que le dernier mot doit \u00eatre au pluriel, par ex.: &lt;i&gt;deux coup&lt;b&gt;s&lt;\/b&gt;&lt;\/i&gt; (ou bien que le premier mot doit \u00eatre au singulier).\">34, boulevard<\/span> de <span class=\"spellver\" title=\"Reins, Remis, Rein, Reis, Reines, Retins, Revins, R\u00e9ions, Freins\">Reims (entre la piscine Champerret et les terrains de tennis)<\/span>\u00a0 dans le 17 \u00e8me Arrondissement de Paris. Nous sommes donc proches des villes de <span class=\"spellverupdated\" title=\"\">Levallois-Perret,<\/span> <span class=\"spellver\" title=\"Clicha, Cliche, Clich\u00e9, Clichai, Clichas, Clicher, Cliches, Clich\u00e9s\">Clichy,<\/span> Saint-Ouen et Neuilly-sur-seine<\/p>\n<p>Nous sommes facilement accessibles que ce soit en voitures, en transport en commun, \u00e0 pieds ou \u00e0 v\u00e9lo :<\/p>\n<h2>En voiture,<\/h2>\n<p>Nous sommes \u00e0 <span class=\"ver\" title=\"\">1 minute<\/span> des sorties <strong>porte d&#8217;<span class=\"spellver\" title=\"\u00c2ni\u00e8re, \u00c2ni\u00e8res, Aci\u00e8re, Aci\u00e9r\u00e9, Aci\u00e8res, Aci\u00e9rer, Aci\u00e9r\u00e9s, Assi\u00e9rai\">Asni\u00e8re<\/span><\/strong> ou <strong>porte de <\/strong><span class=\"spellverupdated\" title=\"\"><strong>Champerret<\/strong> sur le p\u00e9riph\u00e9rique.<br \/>\n<\/span><\/p>\n<p>Les arr\u00eats et stations les plus proches sont :<\/p>\n<h2>Les stations de M\u00e9tro<\/h2>\n<p><strong>porte de <span class=\"spellver\" title=\"\">Champerret<\/span><\/strong> ou <strong><span class=\"spellver\" title=\"\">Pereire<\/span> <\/strong>Ligne 3 se trouvent \u00e0 5 min \u00e0 pied.<\/p>\n<h2>le RER C,<\/h2>\n<p>station <strong><span class=\"spellver\" title=\"\">Pereire<\/span> Levallois<\/strong><\/p>\n<h2><a href=\"https:\/\/www.ratp.fr\/plan-quartier?address=34+Boulevard+de+Reims+75017+Paris&amp;localisation=&amp;poi=-1&amp;address_latitude_longitude=48.88849639892578_2.2959978580474854&amp;op=Rechercher&amp;form_build_id=form-ttAMhM74OBYZIKjv1Evca0y0VXbphlhyZjD4ZIbQ8PY&amp;form_id=planquartiersearchform\">En bus<\/a>,<\/h2>\n<p>le <strong><span class=\"spellverupdated\" title=\"PCL, PIC, OC, PX, RPC, CC, AC, PI, PU, PH\">PC<\/span> <\/strong><strong>terminus, Gourgaud Paul Adam<\/strong> ou <strong>porte de Champerret.<\/strong><\/p>\n<p>Les lignes de bus 20 arr\u00eat <strong>Curnonsky<\/strong> ou <strong>Reims-Hotel des impots <\/strong><\/p>\n<p>84 arr\u00eat <strong>Reims Pitet<\/strong><\/p>\n<p>92 <strong>Pereire, Porte de champerret<\/strong><\/p>\n<p>93 <strong>Porte de Courcelles<\/strong><\/p>\n<p>94 <strong>Porte d&#8217;Asni\u00e8res &#8211; Marguerite Long<\/strong><\/p>\n<p>163 <strong>Porte de Courcelles<\/strong><\/p>\n<p>164 <strong>Porte de champerret<\/strong><\/p>\n<p>165 <strong>Porte de Courcelles<\/strong><\/p>\n<p>341 <strong>Gourgaud Paul Adam<\/strong> d\u00e9servent \u00e9galement notre salle.<\/p>\n<p><strong>Enfin en tram<\/strong> desservent \u00e9galement le club : <strong>arr\u00eat porte <span class=\"ver\" title=\"\">d&#8217;Asni\u00e8re Marguerite<\/span> Long<\/strong>.<\/p>\n<p>Ils sont tous \u00e0 moins de 5 minutes \u00e0 pied.<\/p>\n<p>&nbsp;<\/p>\n<p>Vous cherchiez un club de boxe tha\u00ef \u00e0 Paris 17, vous l&#8217;avez trouv\u00e9 !<\/p>\n<p>Plus d&#8217;excuses pour ne pas venir, nous vous attendons !![\/vc_column_text][\/vc_column][\/vc_row]<\/p>\n","protected":false},"excerpt":{"rendered":"<p>[vc_row][vc_column][vc_gmaps link=&#8221;#E-8_JTNDaWZyYW1lJTIwc3JjJTNEJTIyaHR0cHMlM0ElMkYlMkZ3d3cuZ29vZ2xlLmNvbSUyRm1hcHMlMkZlbWJlZCUzRnBiJTNEJTIxMW0xOCUyMTFtMTIlMjExbTMlMjExZDI2MjMuMzg5ODYzNjk4NTE4NiUyMTJkMi4yOTM5MTkyMTU5MjIxNzMlMjEzZDQ4Ljg4ODkwNjc3OTI5MDQ3JTIxMm0zJTIxMWYwJTIxMmYwJTIxM2YwJTIxM20yJTIxMWkxMDI0JTIxMmk3NjglMjE0ZjEzLjElMjEzbTMlMjExbTIlMjExczB4NDdlNjZmOWEyMGMwZjlkZiUyNTNBMHgxMGU4MjAyOWIwNGVlMDBiJTIxMnMzNCUyNTIwQm91bGV2YXJkJTI1MjBkZSUyNTIwUmVpbXMlMjUyQyUyNTIwNzUwMTclMjUyMFBhcmlzJTIxNWUwJTIxM20yJTIxMXNmciUyMTJzZnIlMjE0djE1NzIxOTk5NzQzOTglMjE1bTIlMjExc2ZyJTIxMnNmciUyMiUyMHdpZHRoJTNEJTIyNjAwJTIyJTIwaGVpZ2h0JTNEJTIyNDUwJTIyJTIwZnJhbWVib3JkZXIlM0QlMjIwJTIyJTIwc3R5bGUlM0QlMjJib3JkZXIlM0EwJTNCJTIyJTIwYWxsb3dmdWxsc2NyZWVuJTNEJTIyJTIyJTNFJTNDJTJGaWZyYW1lJTNF&#8221; el_id=&#8221;AIzaSyAuUUb43v7FQ9ENyHEeo9djHfRqM8BRyow&#8221;][\/vc_column][\/vc_row][vc_row][vc_column][vc_column_text font_size=&#8221;16&#8243;] Vous cherchez un club de boxe tha\u00ef \u00e0 Paris 17 ? F\u00e9licitations, vous avez choisi le sport que vous vouliez faire. Maintenant, vous cherchez une salle de Boxe tha\u00ef \u00e0 Paris 17 bien \u00e9quip\u00e9e et facile d&#8217;acc\u00e8s. Notre salle est situ\u00e9e dans le complexe sportif situ\u00e9 au 34, boulevard de Reims (entre la piscine Champerret et [&hellip;]<\/p>\n","protected":false},"author":1,"featured_media":0,"parent":0,"menu_order":0,"comment_status":"closed","ping_status":"closed","template":"","meta":{"_bbp_topic_count":0,"_bbp_reply_count":0,"_bbp_total_topic_count":0,"_bbp_total_reply_count":0,"_bbp_voice_count":0,"_bbp_anonymous_reply_count":0,"_bbp_topic_count_hidden":0,"_bbp_reply_count_hidden":0,"_bbp_forum_subforum_count":0,"footnotes":""},"class_list":["post-50","page","type-page","status-publish","hentry"],"yoast_head":"<!-- This site is optimized with the Yoast SEO plugin v25.7 - https:\/\/yoast.com\/wordpress\/plugins\/seo\/ -->\n<title>Le club boxe tha\u00ef \u00e0 Paris dans le 17 arrondissement<\/title>\n<meta name=\"description\" content=\"Vous cherchez un club de boxe tha\u00ef \u00e0 Paris 17 ? Notre salle est situ\u00e9e au 34 Boulevard de Reims \u00e0 paris dans le 17 \u00e8me Arrondissement.\" \/>\n<meta name=\"robots\" content=\"index, follow, max-snippet:-1, max-image-preview:large, max-video-preview:-1\" \/>\n<link rel=\"canonical\" href=\"https:\/\/csebboxethai.com\/index.php\/club-boxe-thai-a-paris-dans-le-17\/\" \/>\n<meta property=\"og:locale\" content=\"fr_FR\" \/>\n<meta property=\"og:type\" content=\"article\" \/>\n<meta property=\"og:title\" content=\"Le club boxe tha\u00ef \u00e0 Paris dans le 17 arrondissement\" \/>\n<meta property=\"og:description\" content=\"Vous cherchez un club de boxe tha\u00ef \u00e0 Paris 17 ? Notre salle est situ\u00e9e au 34 Boulevard de Reims \u00e0 paris dans le 17 \u00e8me Arrondissement.\" \/>\n<meta property=\"og:url\" content=\"https:\/\/csebboxethai.com\/index.php\/club-boxe-thai-a-paris-dans-le-17\/\" \/>\n<meta property=\"og:site_name\" content=\"CSEB Boxe Tha\u00ef\" \/>\n<meta property=\"article:modified_time\" content=\"2023-10-04T10:16:45+00:00\" \/>\n<meta name=\"twitter:card\" content=\"summary_large_image\" \/>\n<meta name=\"twitter:label1\" content=\"Dur\u00e9e de lecture estim\u00e9e\" \/>\n\t<meta name=\"twitter:data1\" content=\"2 minutes\" \/>\n<script type=\"application\/ld+json\" class=\"yoast-schema-graph\">{\"@context\":\"https:\/\/schema.org\",\"@graph\":[{\"@type\":\"WebPage\",\"@id\":\"https:\/\/csebboxethai.com\/index.php\/club-boxe-thai-a-paris-dans-le-17\/\",\"url\":\"https:\/\/csebboxethai.com\/index.php\/club-boxe-thai-a-paris-dans-le-17\/\",\"name\":\"Le club boxe tha\u00ef \u00e0 Paris dans le 17 arrondissement\",\"isPartOf\":{\"@id\":\"https:\/\/csebboxethai.com\/#website\"},\"datePublished\":\"2019-10-27T18:58:18+00:00\",\"dateModified\":\"2023-10-04T10:16:45+00:00\",\"description\":\"Vous cherchez un club de boxe tha\u00ef \u00e0 Paris 17 ? Notre salle est situ\u00e9e au 34 Boulevard de Reims \u00e0 paris dans le 17 \u00e8me Arrondissement.\",\"breadcrumb\":{\"@id\":\"https:\/\/csebboxethai.com\/index.php\/club-boxe-thai-a-paris-dans-le-17\/#breadcrumb\"},\"inLanguage\":\"fr-FR\",\"potentialAction\":[{\"@type\":\"ReadAction\",\"target\":[\"https:\/\/csebboxethai.com\/index.php\/club-boxe-thai-a-paris-dans-le-17\/\"]}]},{\"@type\":\"BreadcrumbList\",\"@id\":\"https:\/\/csebboxethai.com\/index.php\/club-boxe-thai-a-paris-dans-le-17\/#breadcrumb\",\"itemListElement\":[{\"@type\":\"ListItem\",\"position\":1,\"name\":\"Accueil\",\"item\":\"https:\/\/csebboxethai.com\/\"},{\"@type\":\"ListItem\",\"position\":2,\"name\":\"O\u00f9 nous trouver ?\"}]},{\"@type\":\"WebSite\",\"@id\":\"https:\/\/csebboxethai.com\/#website\",\"url\":\"https:\/\/csebboxethai.com\/\",\"name\":\"CSEB Boxe Tha\u00ef\",\"description\":\"Le club de Boxe tha\u00ef dans le 17 \u00e8me arrondissement de Paris\",\"publisher\":{\"@id\":\"https:\/\/csebboxethai.com\/#organization\"},\"potentialAction\":[{\"@type\":\"SearchAction\",\"target\":{\"@type\":\"EntryPoint\",\"urlTemplate\":\"https:\/\/csebboxethai.com\/?s={search_term_string}\"},\"query-input\":{\"@type\":\"PropertyValueSpecification\",\"valueRequired\":true,\"valueName\":\"search_term_string\"}}],\"inLanguage\":\"fr-FR\"},{\"@type\":[\"Organization\",\"Place\"],\"@id\":\"https:\/\/csebboxethai.com\/#organization\",\"name\":\"CSEB Boxe Tha\u00ef\",\"url\":\"https:\/\/csebboxethai.com\/\",\"logo\":{\"@id\":\"https:\/\/csebboxethai.com\/index.php\/club-boxe-thai-a-paris-dans-le-17\/#local-main-organization-logo\"},\"image\":{\"@id\":\"https:\/\/csebboxethai.com\/index.php\/club-boxe-thai-a-paris-dans-le-17\/#local-main-organization-logo\"},\"openingHoursSpecification\":[{\"@type\":\"OpeningHoursSpecification\",\"dayOfWeek\":[\"Monday\",\"Tuesday\",\"Wednesday\",\"Thursday\",\"Friday\",\"Saturday\",\"Sunday\"],\"opens\":\"09:00\",\"closes\":\"17:00\"}]},{\"@type\":\"ImageObject\",\"inLanguage\":\"fr-FR\",\"@id\":\"https:\/\/csebboxethai.com\/index.php\/club-boxe-thai-a-paris-dans-le-17\/#local-main-organization-logo\",\"url\":\"https:\/\/csebboxethai.com\/wp-content\/uploads\/2019\/10\/cropped-logo-cseb.jpg\",\"contentUrl\":\"https:\/\/csebboxethai.com\/wp-content\/uploads\/2019\/10\/cropped-logo-cseb.jpg\",\"width\":512,\"height\":512,\"caption\":\"CSEB Boxe Tha\u00ef\"}]}<\/script>\n<!-- \/ Yoast SEO plugin. -->","yoast_head_json":{"title":"Le club boxe tha\u00ef \u00e0 Paris dans le 17 arrondissement","description":"Vous cherchez un club de boxe tha\u00ef \u00e0 Paris 17 ? Notre salle est situ\u00e9e au 34 Boulevard de Reims \u00e0 paris dans le 17 \u00e8me Arrondissement.","robots":{"index":"index","follow":"follow","max-snippet":"max-snippet:-1","max-image-preview":"max-image-preview:large","max-video-preview":"max-video-preview:-1"},"canonical":"https:\/\/csebboxethai.com\/index.php\/club-boxe-thai-a-paris-dans-le-17\/","og_locale":"fr_FR","og_type":"article","og_title":"Le club boxe tha\u00ef \u00e0 Paris dans le 17 arrondissement","og_description":"Vous cherchez un club de boxe tha\u00ef \u00e0 Paris 17 ? Notre salle est situ\u00e9e au 34 Boulevard de Reims \u00e0 paris dans le 17 \u00e8me Arrondissement.","og_url":"https:\/\/csebboxethai.com\/index.php\/club-boxe-thai-a-paris-dans-le-17\/","og_site_name":"CSEB Boxe Tha\u00ef","article_modified_time":"2023-10-04T10:16:45+00:00","twitter_card":"summary_large_image","twitter_misc":{"Dur\u00e9e de lecture estim\u00e9e":"2 minutes"},"schema":{"@context":"https:\/\/schema.org","@graph":[{"@type":"WebPage","@id":"https:\/\/csebboxethai.com\/index.php\/club-boxe-thai-a-paris-dans-le-17\/","url":"https:\/\/csebboxethai.com\/index.php\/club-boxe-thai-a-paris-dans-le-17\/","name":"Le club boxe tha\u00ef \u00e0 Paris dans le 17 arrondissement","isPartOf":{"@id":"https:\/\/csebboxethai.com\/#website"},"datePublished":"2019-10-27T18:58:18+00:00","dateModified":"2023-10-04T10:16:45+00:00","description":"Vous cherchez un club de boxe tha\u00ef \u00e0 Paris 17 ? Notre salle est situ\u00e9e au 34 Boulevard de Reims \u00e0 paris dans le 17 \u00e8me Arrondissement.","breadcrumb":{"@id":"https:\/\/csebboxethai.com\/index.php\/club-boxe-thai-a-paris-dans-le-17\/#breadcrumb"},"inLanguage":"fr-FR","potentialAction":[{"@type":"ReadAction","target":["https:\/\/csebboxethai.com\/index.php\/club-boxe-thai-a-paris-dans-le-17\/"]}]},{"@type":"BreadcrumbList","@id":"https:\/\/csebboxethai.com\/index.php\/club-boxe-thai-a-paris-dans-le-17\/#breadcrumb","itemListElement":[{"@type":"ListItem","position":1,"name":"Accueil","item":"https:\/\/csebboxethai.com\/"},{"@type":"ListItem","position":2,"name":"O\u00f9 nous trouver ?"}]},{"@type":"WebSite","@id":"https:\/\/csebboxethai.com\/#website","url":"https:\/\/csebboxethai.com\/","name":"CSEB Boxe Tha\u00ef","description":"Le club de Boxe tha\u00ef dans le 17 \u00e8me arrondissement de Paris","publisher":{"@id":"https:\/\/csebboxethai.com\/#organization"},"potentialAction":[{"@type":"SearchAction","target":{"@type":"EntryPoint","urlTemplate":"https:\/\/csebboxethai.com\/?s={search_term_string}"},"query-input":{"@type":"PropertyValueSpecification","valueRequired":true,"valueName":"search_term_string"}}],"inLanguage":"fr-FR"},{"@type":["Organization","Place"],"@id":"https:\/\/csebboxethai.com\/#organization","name":"CSEB Boxe Tha\u00ef","url":"https:\/\/csebboxethai.com\/","logo":{"@id":"https:\/\/csebboxethai.com\/index.php\/club-boxe-thai-a-paris-dans-le-17\/#local-main-organization-logo"},"image":{"@id":"https:\/\/csebboxethai.com\/index.php\/club-boxe-thai-a-paris-dans-le-17\/#local-main-organization-logo"},"openingHoursSpecification":[{"@type":"OpeningHoursSpecification","dayOfWeek":["Monday","Tuesday","Wednesday","Thursday","Friday","Saturday","Sunday"],"opens":"09:00","closes":"17:00"}]},{"@type":"ImageObject","inLanguage":"fr-FR","@id":"https:\/\/csebboxethai.com\/index.php\/club-boxe-thai-a-paris-dans-le-17\/#local-main-organization-logo","url":"https:\/\/csebboxethai.com\/wp-content\/uploads\/2019\/10\/cropped-logo-cseb.jpg","contentUrl":"https:\/\/csebboxethai.com\/wp-content\/uploads\/2019\/10\/cropped-logo-cseb.jpg","width":512,"height":512,"caption":"CSEB Boxe Tha\u00ef"}]}},"_links":{"self":[{"href":"https:\/\/csebboxethai.com\/index.php\/wp-json\/wp\/v2\/pages\/50","targetHints":{"allow":["GET"]}}],"collection":[{"href":"https:\/\/csebboxethai.com\/index.php\/wp-json\/wp\/v2\/pages"}],"about":[{"href":"https:\/\/csebboxethai.com\/index.php\/wp-json\/wp\/v2\/types\/page"}],"author":[{"embeddable":true,"href":"https:\/\/csebboxethai.com\/index.php\/wp-json\/wp\/v2\/users\/1"}],"replies":[{"embeddable":true,"href":"https:\/\/csebboxethai.com\/index.php\/wp-json\/wp\/v2\/comments?post=50"}],"version-history":[{"count":0,"href":"https:\/\/csebboxethai.com\/index.php\/wp-json\/wp\/v2\/pages\/50\/revisions"}],"wp:attachment":[{"href":"https:\/\/csebboxethai.com\/index.php\/wp-json\/wp\/v2\/media?parent=50"}],"curies":[{"name":"wp","href":"https:\/\/api.w.org\/{rel}","templated":true}]}}